{"id":266,"date":"2025-11-17T08:11:40","date_gmt":"2025-11-17T08:11:40","guid":{"rendered":"https:\/\/soil-stabilisor.com\/?post_type=product&#038;p=266"},"modified":"2025-11-17T08:39:05","modified_gmt":"2025-11-17T08:39:05","slug":"ew-4000-rastelo-de-rocha-2","status":"publish","type":"product","link":"https:\/\/soil-stabilisor.com\/pt\/produto\/ew-4000-rastelo-de-rocha-2\/","title":{"rendered":"Ancinho de rocha EW-4000"},"content":{"rendered":"<h1 style=\"text-align: center;\" data-start=\"87\" data-end=\"164\"><strong data-start=\"92\" data-end=\"164\">Ancinho de rocha EW-4000<\/strong><\/h1>\n<h4 data-start=\"1440\" data-end=\"1511\"><img decoding=\"async\" class=\"aligncenter wp-image-172\" src=\"https:\/\/soil-stabilisor.com\/wp-content\/uploads\/2025\/11\/ew-4000-rocke-rake-1-300x300.webp\" alt=\"ancinho de rocha ew-4000\" width=\"500\" height=\"501\" srcset=\"https:\/\/soil-stabilisor.com\/wp-content\/uploads\/2025\/11\/ew-4000-rocke-rake-1-300x300.webp 300w, https:\/\/soil-stabilisor.com\/wp-content\/uploads\/2025\/11\/ew-4000-rocke-rake-1-150x150.webp 150w, https:\/\/soil-stabilisor.com\/wp-content\/uploads\/2025\/11\/ew-4000-rocke-rake-1-480x481.webp 480w, https:\/\/soil-stabilisor.com\/wp-content\/uploads\/2025\/11\/ew-4000-rocke-rake-1-600x601.webp 600w, https:\/\/soil-stabilisor.com\/wp-content\/uploads\/2025\/11\/ew-4000-rocke-rake-1-100x100.webp 100w, https:\/\/soil-stabilisor.com\/wp-content\/uploads\/2025\/11\/ew-4000-rocke-rake-1.webp 741w\" sizes=\"(max-width: 500px) 100vw, 500px\" \/><\/h4>\n<p data-start=\"387\" data-end=\"712\">O <strong data-start=\"391\" data-end=\"412\">Ancinho de rocha EW-4000<\/strong> de <strong data-start=\"418\" data-end=\"436\">\u00cdndia Watanabe<\/strong> \u00c9 a solu\u00e7\u00e3o definitiva para o preparo de terrenos agr\u00edcolas e de constru\u00e7\u00e3o. Seja para gerenciar grandes \u00e1reas agr\u00edcolas, remover entulhos para constru\u00e7\u00e3o ou preparar terrenos rochosos para plantio, a EW-4000 garante precis\u00e3o e efici\u00eancia com o m\u00ednimo de perturba\u00e7\u00e3o do solo.<\/p>\n<ul data-start=\"714\" data-end=\"1138\">\n<li data-start=\"714\" data-end=\"1138\">\n<p data-start=\"716\" data-end=\"733\"><strong data-start=\"716\" data-end=\"733\">Principais caracter\u00edsticas:<\/strong><\/p>\n<ul data-start=\"736\" data-end=\"1138\">\n<li data-start=\"736\" data-end=\"807\">\n<p data-start=\"738\" data-end=\"807\"><strong data-start=\"738\" data-end=\"759\">Design robusto<\/strong>Constru\u00eddo para suportar ambientes de trabalho severos.<\/p>\n<\/li>\n<li data-start=\"810\" data-end=\"880\">\n<p data-start=\"812\" data-end=\"880\"><strong data-start=\"812\" data-end=\"834\">Ampla largura de trabalho<\/strong>\u00c1rea de desmatamento de 3,6 m para maximizar a produtividade.<\/p>\n<\/li>\n<li data-start=\"883\" data-end=\"945\">\n<p data-start=\"885\" data-end=\"945\"><strong data-start=\"885\" data-end=\"908\">Sistema de dentes dur\u00e1veis<\/strong>Suporta rochas de at\u00e9 300 mm de di\u00e2metro.<\/p>\n<\/li>\n<li data-start=\"948\" data-end=\"1025\">\n<p data-start=\"950\" data-end=\"1025\"><strong data-start=\"950\" data-end=\"978\">Perturba\u00e7\u00e3o m\u00ednima do solo<\/strong>Preserva a integridade do solo e reduz a compacta\u00e7\u00e3o.<\/p>\n<\/li>\n<li data-start=\"1028\" data-end=\"1138\">\n<p data-start=\"1030\" data-end=\"1138\"><strong data-start=\"1030\" data-end=\"1064\">Adapt\u00e1vel \u00e0s condi\u00e7\u00f5es indianas<\/strong>Projetado para solos indianos dif\u00edceis (basalto, aluvi\u00e3o, laterita vermelha).<\/p>\n<\/li>\n<\/ul>\n<\/li>\n<\/ul>\n<p data-start=\"1140\" data-end=\"1238\"><a href=\"https:\/\/soil-stabilisor.com\/pt\/contate-nos\/\"><strong data-start=\"1140\" data-end=\"1159\">Solicite um or\u00e7amento<\/strong><\/a> ou <strong data-start=\"1163\" data-end=\"1174\">Comprar agora<\/strong> Veja a diferen\u00e7a que o EW-4000 pode fazer nas suas opera\u00e7\u00f5es!<\/p>\n<p data-start=\"1339\" data-end=\"1885\">O <strong data-start=\"1343\" data-end=\"1364\">Ancinho de rocha EW-4000<\/strong> Projetada para enfrentar os desafios da limpeza de terrenos rochosos para uso agr\u00edcola e na constru\u00e7\u00e3o civil, a EW-4000 \u00e9 ideal para gerenciar grandes fazendas em Punjab, preparar terrenos para \u00e1reas industriais em Tamil Nadu ou limpar vinhedos em Maharashtra. Com uma estrutura robusta e resistente \u00e0 ferrugem e uma largura de trabalho de 3,6 metros, a EW-4000 remove facilmente pedras e detritos de at\u00e9 300 mm de di\u00e2metro, preservando o solo para condi\u00e7\u00f5es ideais de cultivo.<\/p>\n<p data-start=\"1887\" data-end=\"1920\"><strong data-start=\"1887\" data-end=\"1920\">Benef\u00edcios para as suas opera\u00e7\u00f5es:<\/strong><\/p>\n<ul data-start=\"1921\" data-end=\"2276\">\n<li data-start=\"1921\" data-end=\"2027\">\n<p data-start=\"1923\" data-end=\"2027\"><strong data-start=\"1923\" data-end=\"1950\">Compacta\u00e7\u00e3o reduzida do solo<\/strong>Ao manter a estrutura do solo, garante-se um crescimento mais saud\u00e1vel das culturas.<\/p>\n<\/li>\n<li data-start=\"2028\" data-end=\"2106\">\n<p data-start=\"2030\" data-end=\"2106\"><strong data-start=\"2030\" data-end=\"2048\">Custo-benef\u00edcio<\/strong>Baixos custos de manuten\u00e7\u00e3o e redu\u00e7\u00e3o do tempo de inatividade operacional.<\/p>\n<\/li>\n<li data-start=\"2107\" data-end=\"2200\">\n<p data-start=\"2109\" data-end=\"2200\"><strong data-start=\"2109\" data-end=\"2127\">Limpeza r\u00e1pida<\/strong>A alta velocidade de opera\u00e7\u00e3o, de 3 a 5 km\/h, ajuda a limpar grandes \u00e1reas com efici\u00eancia.<\/p>\n<\/li>\n<li data-start=\"2201\" data-end=\"2276\">\n<p data-start=\"2203\" data-end=\"2276\"><strong data-start=\"2203\" data-end=\"2217\">Durabilidade<\/strong>Constru\u00eddo para enfrentar os terrenos mais dif\u00edceis, com desgaste m\u00ednimo.<\/p>\n<\/li>\n<\/ul>\n<h3 data-start=\"2283\" data-end=\"2324\"><strong data-start=\"2287\" data-end=\"2324\">Por que escolher o ancinho de pedras EW-4000?<\/strong><\/h3>\n<h4 data-start=\"2326\" data-end=\"2360\"><strong data-start=\"2331\" data-end=\"2358\">Constru\u00e7\u00e3o para servi\u00e7o pesado<\/strong><\/h4>\n<p data-start=\"2361\" data-end=\"2641\">A EW-4000 \u00e9 constru\u00edda com a\u00e7o de alta qualidade e possui um sistema hidr\u00e1ulico refor\u00e7ado, garantindo desempenho duradouro mesmo sob uso intenso. Os bra\u00e7os com dentes s\u00e3o feitos de materiais premium para maior resist\u00eancia, tornando-a capaz de remover pedras de todos os tamanhos com facilidade.<\/p>\n<h4 data-start=\"2643\" data-end=\"2688\"><strong data-start=\"2648\" data-end=\"2686\">M\u00e1xima efici\u00eancia e versatilidade<\/strong><\/h4>\n<p data-start=\"2689\" data-end=\"2943\">Com uma largura de trabalho de 3,6 m, o EW-4000 permite cobrir mais terreno em menos tempo. Seja em terrenos agr\u00edcolas rochosos, vinhedos ou canteiros de obras, as caracter\u00edsticas adapt\u00e1veis \u200b\u200bdeste ancinho o tornam ideal para todos os tipos de tarefas de limpeza.<\/p>\n<h4 data-start=\"2945\" data-end=\"2990\"><strong data-start=\"2950\" data-end=\"2988\">Ideal para as condi\u00e7\u00f5es do solo indiano.<\/strong><\/h4>\n<p data-start=\"2991\" data-end=\"3303\">O EW-4000 foi especialmente projetado para lidar com os tipos de solo exclusivos da \u00cdndia, como laterita, basalto e solos aluviais, comuns em regi\u00f5es como Maharashtra, Punjab e Telangana. Os ajustes do rastelo proporcionam a flexibilidade necess\u00e1ria para enfrentar as diversas condi\u00e7\u00f5es de solo encontradas em toda a \u00cdndia.<\/p>\n<h3 data-start=\"3310\" data-end=\"3343\"><strong data-start=\"3314\" data-end=\"3343\">Caracter\u00edsticas detalhadas do produto:<\/strong><\/h3>\n<div class=\"_tableContainer_1rjym_1\">\n<div class=\"group _tableWrapper_1rjym_13 flex w-fit flex-col-reverse\" tabindex=\"-1\">\n<table class=\"w-fit min-w-(--thread-content-width)\" border=\"1\" data-start=\"3345\" data-end=\"4226\">\n<thead data-start=\"3345\" data-end=\"3420\">\n<tr data-start=\"3345\" data-end=\"3420\">\n<th data-start=\"3345\" data-end=\"3377\" data-col-size=\"sm\"><strong data-start=\"3347\" data-end=\"3358\">Recurso<\/strong><\/th>\n<th data-start=\"3377\" data-end=\"3420\" data-col-size=\"md\"><strong data-start=\"3379\" data-end=\"3396\">Especifica\u00e7\u00e3o<\/strong><\/th>\n<\/tr>\n<\/thead>\n<tbody data-start=\"3497\" data-end=\"4226\">\n<tr data-start=\"3497\" data-end=\"3579\">\n<td data-start=\"3497\" data-end=\"3530\" data-col-size=\"sm\"><strong data-start=\"3499\" data-end=\"3513\">Dimens\u00f5es<\/strong><\/td>\n<td data-col-size=\"md\" data-start=\"3530\" data-end=\"3579\">Comprimento: 4550 mm, Largura: 2400 mm, Altura: 1380 mm<\/td>\n<\/tr>\n<tr data-start=\"3580\" data-end=\"3656\">\n<td data-start=\"3580\" data-end=\"3613\" data-col-size=\"sm\"><strong data-start=\"3582\" data-end=\"3592\">Peso<\/strong><\/td>\n<td data-col-size=\"md\" data-start=\"3613\" data-end=\"3656\">1800 kg<\/td>\n<\/tr>\n<tr data-start=\"3657\" data-end=\"3733\">\n<td data-start=\"3657\" data-end=\"3690\" data-col-size=\"sm\"><strong data-start=\"3659\" data-end=\"3676\">Largura de trabalho<\/strong><\/td>\n<td data-col-size=\"md\" data-start=\"3690\" data-end=\"3733\">3,6 metros<\/td>\n<\/tr>\n<tr data-start=\"3734\" data-end=\"3817\">\n<td data-start=\"3734\" data-end=\"3767\" data-col-size=\"sm\"><strong data-start=\"3736\" data-end=\"3760\">Requisitos do trator<\/strong><\/td>\n<td data-col-size=\"md\" data-start=\"3767\" data-end=\"3817\">Pot\u00eancia m\u00ednima do motor de 100 cv, fluxo de \u00f3leo de 60 L\/min<\/td>\n<\/tr>\n<tr data-start=\"3818\" data-end=\"3894\">\n<td data-start=\"3818\" data-end=\"3851\" data-col-size=\"sm\"><strong data-start=\"3820\" data-end=\"3838\">V\u00e1lvulas de controle<\/strong><\/td>\n<td data-col-size=\"md\" data-start=\"3851\" data-end=\"3894\">2<\/td>\n<\/tr>\n<tr data-start=\"3895\" data-end=\"3976\">\n<td data-start=\"3895\" data-end=\"3928\" data-col-size=\"sm\"><strong data-start=\"3897\" data-end=\"3916\">Durabilidade dos dentes<\/strong><\/td>\n<td data-start=\"3928\" data-end=\"3976\" data-col-size=\"md\">Capaz de lidar com rochas de at\u00e9 300 mm de di\u00e2metro.<\/td>\n<\/tr>\n<tr data-start=\"3977\" data-end=\"4060\">\n<td data-start=\"3977\" data-end=\"4010\" data-col-size=\"sm\"><strong data-start=\"3979\" data-end=\"3999\">Sistema hidr\u00e1ulico<\/strong><\/td>\n<td data-start=\"4010\" data-end=\"4060\" data-col-size=\"md\">Totalmente ajust\u00e1vel para diferentes condi\u00e7\u00f5es de solo.<\/td>\n<\/tr>\n<tr data-start=\"4061\" data-end=\"4136\">\n<td data-start=\"4061\" data-end=\"4094\" data-col-size=\"sm\"><strong data-start=\"4063\" data-end=\"4075\">Garantia<\/strong><\/td>\n<td data-start=\"4094\" data-end=\"4136\" data-col-size=\"md\">Garantia de 2 anos na caixa de c\u00e2mbio<\/td>\n<\/tr>\n<tr data-start=\"4137\" data-end=\"4226\">\n<td data-start=\"4137\" data-end=\"4170\" data-col-size=\"sm\"><strong data-start=\"4139\" data-end=\"4154\">Pe\u00e7as de reposi\u00e7\u00e3o<\/strong><\/td>\n<td data-start=\"4170\" data-end=\"4226\" data-col-size=\"md\">Dispon\u00edvel atrav\u00e9s da rede de servi\u00e7os locais em toda a \u00cdndia.<\/td>\n<\/tr>\n<\/tbody>\n<\/table>\n<\/div>\n<\/div>\n<h3 data-start=\"4233\" data-end=\"4273\"><strong data-start=\"4237\" data-end=\"4273\">Como funciona: Cen\u00e1rios de uso?<\/strong><\/h3>\n<h4 data-start=\"4275\" data-end=\"4306\"><strong data-start=\"4280\" data-end=\"4306\">Como funciona o EW-4000:<\/strong><\/h4>\n<p data-start=\"4308\" data-end=\"4640\">O rastelo de rochas EW-4000 funciona utilizando dentes de a\u00e7o dur\u00e1veis \u200b\u200bque rastelam o solo, removendo pedras e detritos sem comprometer a sua integridade. Seu sistema hidr\u00e1ulico \u00e9 ajust\u00e1vel para se adequar a diversos tipos de terreno, desde \u00e1reas rochosas at\u00e9 campos agr\u00edcolas. Seu design preciso minimiza a perturba\u00e7\u00e3o do solo, preservando a sa\u00fade da terra.<\/p>\n<ul data-start=\"4642\" data-end=\"4984\">\n<li data-start=\"4642\" data-end=\"4723\">\n<p data-start=\"4644\" data-end=\"4723\"><strong data-start=\"4644\" data-end=\"4654\">Passo 1<\/strong>Engate o ancinho ao trator utilizando o sistema de engate de Categoria 2.<\/p>\n<\/li>\n<li data-start=\"4724\" data-end=\"4814\">\n<p data-start=\"4726\" data-end=\"4814\"><strong data-start=\"4726\" data-end=\"4736\">Etapa 2<\/strong>Ajuste o sistema hidr\u00e1ulico com base no tipo de solo (ex.: basalto, aluvial).<\/p>\n<\/li>\n<li data-start=\"4815\" data-end=\"4883\">\n<p data-start=\"4817\" data-end=\"4883\"><strong data-start=\"4817\" data-end=\"4827\">Etapa 3<\/strong>Operar a uma velocidade de 3 a 5 km\/h para uma limpeza eficiente.<\/p>\n<\/li>\n<li data-start=\"4884\" data-end=\"4984\">\n<p data-start=\"4886\" data-end=\"4984\"><strong data-start=\"4886\" data-end=\"4896\">Passo 4<\/strong>Verifique periodicamente o desgaste dos dentes e do sistema hidr\u00e1ulico para garantir o desempenho ideal.<\/p>\n<\/li>\n<\/ul>\n<h3 data-start=\"4991\" data-end=\"5020\"><strong data-start=\"4995\" data-end=\"5020\">Depoimentos de clientes<\/strong><\/h3>\n<h4 data-start=\"5022\" data-end=\"5054\"><strong data-start=\"5027\" data-end=\"5054\">O que os nossos clientes dizem:<\/strong><\/h4>\n<p data-start=\"5056\" data-end=\"5366\"><em data-start=\"5056\" data-end=\"5309\">\u201cO EW-4000 nos poupou um tempo enorme durante a temporada de remo\u00e7\u00e3o de pedras. Conclu\u00edmos um vinhedo de 50 hectares em apenas duas semanas, reduzindo os custos de m\u00e3o de obra em 70%. O rastelo fez um excelente trabalho preservando a sa\u00fade do solo enquanto removia pedras grandes!\u201d<\/em><br data-start=\"5309\" data-end=\"5312\" \/>\u2013 <strong data-start=\"5314\" data-end=\"5329\">Priya Singh<\/strong>, Propriet\u00e1rio de vinhedo, Nashik, Maharashtra<\/p>\n<p data-start=\"5368\" data-end=\"5664\"><em data-start=\"5368\" data-end=\"5602\">\u201cUtilizamos a EW-4000 para preparar nosso canteiro de obras em Tamil Nadu. A m\u00e1quina conseguiu lidar com rochas incrustadas sem afetar a integridade do solo. Ela realmente economiza tempo e superou nossas expectativas em termos de desempenho.\u201d<\/em><br data-start=\"5602\" data-end=\"5605\" \/>\u2013 <strong data-start=\"5607\" data-end=\"5621\">Arun Kumar<\/strong>Gerente de Constru\u00e7\u00e3o, Chennai, Tamil Nadu<\/p>\n<h3 data-start=\"5671\" data-end=\"5713\"><strong data-start=\"5675\" data-end=\"5713\">Certifica\u00e7\u00f5es e Garantia de Qualidade<\/strong><\/h3>\n<p data-start=\"5715\" data-end=\"6023\">O <strong data-start=\"5719\" data-end=\"5740\">Ancinho de rocha EW-4000<\/strong> \u00c9 fabricado sob rigorosos controles de qualidade em nossa unidade certificada ISO 9001:2015 em Gujarat, \u00cdndia. Cada unidade passa por testes n\u00e3o destrutivos (END) completos nas soldas estruturais e \u00e9 inspecionada quanto a desgaste. A caixa de engrenagens possui certifica\u00e7\u00e3o CE, garantindo seguran\u00e7a e confiabilidade.<\/p>\n<ul data-start=\"6024\" data-end=\"6169\">\n<li data-start=\"6024\" data-end=\"6055\">\n<p data-start=\"6026\" data-end=\"6055\"><strong data-start=\"6026\" data-end=\"6053\">Garantia de 2 anos para a caixa de c\u00e2mbio<\/strong><\/p>\n<\/li>\n<li data-start=\"6056\" data-end=\"6096\">\n<p data-start=\"6058\" data-end=\"6096\"><strong data-start=\"6058\" data-end=\"6094\">Fabrica\u00e7\u00e3o com certifica\u00e7\u00e3o ISO 9001<\/strong><\/p>\n<\/li>\n<li data-start=\"6097\" data-end=\"6133\">\n<p data-start=\"6099\" data-end=\"6133\"><strong data-start=\"6099\" data-end=\"6131\">Teste NDT para resist\u00eancia da solda<\/strong><\/p>\n<\/li>\n<li data-start=\"6134\" data-end=\"6169\">\n<p data-start=\"6136\" data-end=\"6169\"><strong data-start=\"6136\" data-end=\"6169\">Em conformidade com as normas de seguran\u00e7a CE.<\/strong><\/p>\n<\/li>\n<\/ul>\n<h3 data-start=\"6176\" data-end=\"6206\"><strong data-start=\"6180\" data-end=\"6206\">Garantia e pe\u00e7as de reposi\u00e7\u00e3o<\/strong><\/h3>\n<p data-start=\"6208\" data-end=\"6455\">O EW-4000 vem com um <strong data-start=\"6233\" data-end=\"6260\">Garantia de 2 anos na caixa de c\u00e2mbio<\/strong> e suporte vital\u00edcio para substitui\u00e7\u00e3o de pe\u00e7as. Nossa extensa rede de distribuidores em toda a \u00cdndia garante a disponibilidade de pe\u00e7as de reposi\u00e7\u00e3o em at\u00e9 7 dias, minimizando o tempo de inatividade e assegurando a opera\u00e7\u00e3o cont\u00ednua.<\/p>\n<ul data-start=\"6457\" data-end=\"6588\">\n<li data-start=\"6457\" data-end=\"6499\">\n<p data-start=\"6459\" data-end=\"6499\"><strong data-start=\"6459\" data-end=\"6497\">Pe\u00e7as de reposi\u00e7\u00e3o dispon\u00edveis em toda a \u00cdndia.<\/strong><\/p>\n<\/li>\n<li data-start=\"6500\" data-end=\"6536\">\n<p data-start=\"6502\" data-end=\"6536\"><strong data-start=\"6502\" data-end=\"6534\">Entrega r\u00e1pida em at\u00e9 7 dias.<\/strong><\/p>\n<\/li>\n<li data-start=\"6537\" data-end=\"6588\">\n<p data-start=\"6539\" data-end=\"6588\"><strong data-start=\"6539\" data-end=\"6588\">Centros de assist\u00eancia t\u00e9cnica locais para manuten\u00e7\u00e3o regular.<\/strong><\/p>\n<\/li>\n<\/ul>\n<h3 data-start=\"6595\" data-end=\"6636\"><strong data-start=\"6599\" data-end=\"6636\">Perguntas frequentes (FAQs)<\/strong><\/h3>\n<p data-start=\"6638\" data-end=\"6863\"><strong data-start=\"6638\" data-end=\"6687\">P: Que tipo de rochas o EW-4000 consegue processar?<\/strong><br data-start=\"6687\" data-end=\"6690\" \/><strong data-start=\"6690\" data-end=\"6696\">UM:<\/strong> O EW-4000 foi projetado para lidar com rochas de at\u00e9 300 mm de di\u00e2metro. Para rochas maiores, o <strong data-start=\"6784\" data-end=\"6797\">EW-4000 T<\/strong> Recomenda-se o modelo que apresenta ajustes de altura aprimorados.<\/p>\n<p data-start=\"6865\" data-end=\"7127\"><strong data-start=\"6865\" data-end=\"6919\">P: Quais tratores s\u00e3o compat\u00edveis com o EW-4000?<\/strong><br data-start=\"6919\" data-end=\"6922\" \/><strong data-start=\"6922\" data-end=\"6928\">UM:<\/strong> O EW-4000 \u00e9 compat\u00edvel com tratores que possuem pot\u00eancia m\u00ednima de 100 cv e vaz\u00e3o de \u00f3leo de 60 L\/min. Ele utiliza um sistema de engate de Categoria 2, compat\u00edvel com as principais marcas de tratores na \u00cdndia.<\/p>\n<p data-start=\"7129\" data-end=\"7387\"><strong data-start=\"7129\" data-end=\"7180\">P: Com que frequ\u00eancia o EW-4000 precisa de manuten\u00e7\u00e3o?<\/strong><br data-start=\"7180\" data-end=\"7183\" \/><strong data-start=\"7183\" data-end=\"7189\">UM:<\/strong> Recomendamos verificar os dentes e o sistema hidr\u00e1ulico a cada 200 horas de uso. A manuten\u00e7\u00e3o regular pode ser realizada em nossos centros de servi\u00e7o locais para garantir que o ancinho continue a ter o melhor desempenho.<\/p>\n<h3 data-start=\"7394\" data-end=\"7453\"><strong data-start=\"7398\" data-end=\"7453\">Sobre n\u00f3s \u2013 India Watanabe Soil Stabilizer Co., Ltd.<\/strong><\/h3>\n<h3 data-start=\"7394\" data-end=\"7453\"><strong data-start=\"7398\" data-end=\"7453\"><img decoding=\"async\" class=\"alignnone wp-image-199 size-full\" src=\"https:\/\/soil-stabilisor.com\/wp-content\/uploads\/2025\/11\/watanabe-factory.webp\" alt=\"f\u00e1brica Watanabe\" width=\"1920\" height=\"1280\" srcset=\"https:\/\/soil-stabilisor.com\/wp-content\/uploads\/2025\/11\/watanabe-factory.webp 1920w, https:\/\/soil-stabilisor.com\/wp-content\/uploads\/2025\/11\/watanabe-factory-300x200.webp 300w, https:\/\/soil-stabilisor.com\/wp-content\/uploads\/2025\/11\/watanabe-factory-1024x683.webp 1024w, https:\/\/soil-stabilisor.com\/wp-content\/uploads\/2025\/11\/watanabe-factory-768x512.webp 768w, https:\/\/soil-stabilisor.com\/wp-content\/uploads\/2025\/11\/watanabe-factory-1536x1024.webp 1536w, https:\/\/soil-stabilisor.com\/wp-content\/uploads\/2025\/11\/watanabe-factory-1080x720.webp 1080w, https:\/\/soil-stabilisor.com\/wp-content\/uploads\/2025\/11\/watanabe-factory-1280x853.webp 1280w, https:\/\/soil-stabilisor.com\/wp-content\/uploads\/2025\/11\/watanabe-factory-980x653.webp 980w, https:\/\/soil-stabilisor.com\/wp-content\/uploads\/2025\/11\/watanabe-factory-480x320.webp 480w, https:\/\/soil-stabilisor.com\/wp-content\/uploads\/2025\/11\/watanabe-factory-600x400.webp 600w\" sizes=\"(max-width: 1920px) 100vw, 1920px\" \/><\/strong><\/h3>\n<p data-start=\"7455\" data-end=\"7788\">No <strong data-start=\"7458\" data-end=\"7502\">\u00cdndia Watanabe Soil Stabilizer Co., Ltd.<\/strong>Somos especializados no fornecimento de m\u00e1quinas agr\u00edcolas de alta qualidade, projetadas especificamente para o mercado indiano. Como subsidi\u00e1ria da renomada [nome da empresa], [nome da empresa] <strong data-start=\"7644\" data-end=\"7662\">Grupo Watanabe<\/strong>Combinamos experi\u00eancia internacional com conhecimento local para oferecer m\u00e1quinas que melhoram a produtividade e mant\u00eam a sa\u00fade do solo.<\/p>\n<p data-start=\"7790\" data-end=\"8038\"><strong data-start=\"7790\" data-end=\"7805\">Nossa miss\u00e3o<\/strong> O objetivo \u00e9 fornecer m\u00e1quinas confi\u00e1veis \u200b\u200be eficientes que apoiem pr\u00e1ticas sustent\u00e1veis \u200b\u200bde agricultura e constru\u00e7\u00e3o. <strong data-start=\"7920\" data-end=\"7940\">estabilizadores de solo<\/strong> para <strong data-start=\"7944\" data-end=\"7961\">britadores de rocha<\/strong>Nossos produtos s\u00e3o projetados para enfrentar os desafios mais dif\u00edceis em solo indiano.<\/p>\n<h3 data-start=\"8045\" data-end=\"8069\"><strong data-start=\"8049\" data-end=\"8069\">Produtos relacionados<\/strong><\/h3>\n<ul data-start=\"8071\" data-end=\"8307\">\n<li data-start=\"8071\" data-end=\"8155\">\n<p data-start=\"8073\" data-end=\"8155\"><strong data-start=\"8073\" data-end=\"8100\">Estabilizador de solo EW-3000<\/strong>Ideal para melhorar a estrutura do solo antes do plantio.<\/p>\n<\/li>\n<li data-start=\"8156\" data-end=\"8236\">\n<p data-start=\"8158\" data-end=\"8236\"><strong data-start=\"8158\" data-end=\"8182\">Britador de pedra MC-500<\/strong>Tritura pedras de forma eficiente, facilitando a limpeza do terreno.<\/p>\n<\/li>\n<li data-start=\"8237\" data-end=\"8307\">\n<p data-start=\"8239\" data-end=\"8307\"><strong data-start=\"8239\" data-end=\"8269\">Cultivador rotativo PSW-3200<\/strong>Ideal para lavra e aera\u00e7\u00e3o do solo.<\/p>\n<\/li>\n<\/ul>\n<h3 data-start=\"8314\" data-end=\"8332\"><strong data-start=\"8318\" data-end=\"8332\">Contate-nos<\/strong><\/h3>\n<p data-start=\"8334\" data-end=\"8424\">Para obter mais informa\u00e7\u00f5es ou solicitar um or\u00e7amento, entre em contato conosco atrav\u00e9s dos seguintes m\u00e9todos:<\/p>\n<ul data-start=\"8426\" data-end=\"8630\">\n<li data-start=\"8426\" data-end=\"8461\">\n<p data-start=\"8428\" data-end=\"8461\"><strong data-start=\"8428\" data-end=\"8437\">E-mail<\/strong>: <a href=\"mailto:sales@soil-stabilisor.com\">vendas@estabilizador-de-solo.com<\/a><\/p>\n<\/li>\n<li data-start=\"8496\" data-end=\"8630\">\n<p data-start=\"8498\" data-end=\"8630\"><strong data-start=\"8498\" data-end=\"8509\">Endere\u00e7o<\/strong>: \u00cdndia Watanabe Soil Stabilizer Co., Ltd., Bloco No.3,4 e 5, Udyog Bhavan, GH Rd, Setor 11, Gandhinagar, Gujarat, \u00cdndia<\/p>\n<\/li>\n<\/ul>\n<h3 data-start=\"8637\" data-end=\"8666\"><strong data-start=\"8641\" data-end=\"8666\">Solicite um or\u00e7amento hoje mesmo!<\/strong><\/h3>\n<p data-start=\"8668\" data-end=\"8799\">D\u00ea o primeiro passo rumo a um desmatamento mais eficiente com o <strong data-start=\"8733\" data-end=\"8754\">Ancinho de rocha EW-4000<\/strong>. <a href=\"https:\/\/soil-stabilisor.com\/pt\/contate-nos\/\">Contate-nos<\/a> Solicite agora mesmo um or\u00e7amento personalizado!<\/p>","protected":false},"excerpt":{"rendered":"<p>O <strong data-start=\"170\" data-end=\"191\">Ancinho de rocha EW-4000<\/strong> Projetada para m\u00e1xima produtividade em opera\u00e7\u00f5es agr\u00edcolas e de constru\u00e7\u00e3o, esta rastela para pedras oferece resultados excepcionais, desde o preparo do solo para o plantio e a remo\u00e7\u00e3o de entulhos at\u00e9 a limpeza de pomares e vinhedos, garantindo o m\u00ednimo de impacto no solo e enfrentando at\u00e9 mesmo os terrenos mais dif\u00edceis.<\/p>\n<ul data-start=\"975\" data-end=\"1318\">\n<li data-start=\"975\" data-end=\"1040\">\n<p data-start=\"977\" data-end=\"1040\"><strong data-start=\"977\" data-end=\"991\">Dimens\u00f5es<\/strong>Comprimento: 4550 mm, Largura: 2400 mm, Altura: 1380 mm<\/p>\n<\/li>\n<li data-start=\"1041\" data-end=\"1064\">\n<p data-start=\"1043\" data-end=\"1064\"><strong data-start=\"1043\" data-end=\"1053\">Peso<\/strong>: 1800 Kg<\/p>\n<\/li>\n<li data-start=\"1065\" data-end=\"1092\">\n<p data-start=\"1067\" data-end=\"1092\"><strong data-start=\"1067\" data-end=\"1084\">Largura de trabalho<\/strong>: 3,6m<\/p>\n<\/li>\n<li data-start=\"1093\" data-end=\"1129\">\n<p data-start=\"1095\" data-end=\"1129\"><strong data-start=\"1095\" data-end=\"1111\">Pot\u00eancia do motor<\/strong>M\u00ednimo de 100 cv<\/p>\n<\/li>\n<li data-start=\"1130\" data-end=\"1236\">\n<p data-start=\"1132\" data-end=\"1236\"><strong data-start=\"1132\" data-end=\"1156\">Requisitos do trator<\/strong>Compat\u00edvel com tratores que requerem um m\u00ednimo de 100 cv e fluxo de \u00f3leo de 60 L\/min.<\/p>\n<\/li>\n<li data-start=\"1237\" data-end=\"1268\">\n<p data-start=\"1239\" data-end=\"1268\"><strong data-start=\"1239\" data-end=\"1256\">Velocidade de trabalho<\/strong>3-5 km\/h<\/p>\n<\/li>\n<li data-start=\"1269\" data-end=\"1318\">\n<p data-start=\"1271\" data-end=\"1318\"><strong data-start=\"1271\" data-end=\"1289\">V\u00e1lvulas de controle<\/strong>Requer 2 v\u00e1lvulas de controle.<\/p>\n<\/li>\n<\/ul>","protected":false},"featured_media":172,"comment_status":"open","ping_status":"closed","template":"","meta":{"_et_pb_use_builder":"","_et_pb_old_content":"","_et_gb_content_width":""},"product_brand":[],"product_cat":[19],"product_tag":[],"class_list":{"0":"post-266","1":"product","2":"type-product","3":"status-publish","4":"has-post-thumbnail","6":"product_cat-rock-rake","8":"first","9":"instock","10":"shipping-taxable","11":"product-type-simple"},"_links":{"self":[{"href":"https:\/\/soil-stabilisor.com\/pt\/wp-json\/wp\/v2\/product\/266","targetHints":{"allow":["GET"]}}],"collection":[{"href":"https:\/\/soil-stabilisor.com\/pt\/wp-json\/wp\/v2\/product"}],"about":[{"href":"https:\/\/soil-stabilisor.com\/pt\/wp-json\/wp\/v2\/types\/product"}],"replies":[{"embeddable":true,"href":"https:\/\/soil-stabilisor.com\/pt\/wp-json\/wp\/v2\/comments?post=266"}],"wp:featuredmedia":[{"embeddable":true,"href":"https:\/\/soil-stabilisor.com\/pt\/wp-json\/wp\/v2\/media\/172"}],"wp:attachment":[{"href":"https:\/\/soil-stabilisor.com\/pt\/wp-json\/wp\/v2\/media?parent=266"}],"wp:term":[{"taxonomy":"product_brand","embeddable":true,"href":"https:\/\/soil-stabilisor.com\/pt\/wp-json\/wp\/v2\/product_brand?post=266"},{"taxonomy":"product_cat","embeddable":true,"href":"https:\/\/soil-stabilisor.com\/pt\/wp-json\/wp\/v2\/product_cat?post=266"},{"taxonomy":"product_tag","embeddable":true,"href":"https:\/\/soil-stabilisor.com\/pt\/wp-json\/wp\/v2\/product_tag?post=266"}],"curies":[{"name":"wp","href":"https:\/\/api.w.org\/{rel}","templated":true}]}}