{"id":325,"date":"2025-11-25T08:00:05","date_gmt":"2025-11-25T08:00:05","guid":{"rendered":"https:\/\/soil-stabilisor.com\/?post_type=product&#038;p=325"},"modified":"2025-11-27T08:20:40","modified_gmt":"2025-11-27T08:20:40","slug":"panther-2-rijen-aardappelpootmachine","status":"publish","type":"product","link":"https:\/\/soil-stabilisor.com\/nl\/product\/panther-2-rijen-aardappelpootmachine\/","title":{"rendered":"Panther 2-rijige aardappelpootmachine"},"content":{"rendered":"<h1 style=\"text-align: center;\"><strong>Panther 2-rijige aardappelpootmachine<\/strong><\/h1>\n<p data-path-to-node=\"12\"><img decoding=\"async\" class=\"aligncenter wp-image-326\" src=\"https:\/\/soil-stabilisor.com\/wp-content\/uploads\/2025\/11\/panther-2-rows-potato-planter-1-300x300.webp\" alt=\"ERA-3100 3-rijige roterende cultivator\" width=\"500\" height=\"500\" srcset=\"https:\/\/soil-stabilisor.com\/wp-content\/uploads\/2025\/11\/panther-2-rows-potato-planter-1-300x300.webp 300w, https:\/\/soil-stabilisor.com\/wp-content\/uploads\/2025\/11\/panther-2-rows-potato-planter-1-150x150.webp 150w, https:\/\/soil-stabilisor.com\/wp-content\/uploads\/2025\/11\/panther-2-rows-potato-planter-1-12x12.webp 12w, https:\/\/soil-stabilisor.com\/wp-content\/uploads\/2025\/11\/panther-2-rows-potato-planter-1-480x480.webp 480w, https:\/\/soil-stabilisor.com\/wp-content\/uploads\/2025\/11\/panther-2-rows-potato-planter-1-100x100.webp 100w, https:\/\/soil-stabilisor.com\/wp-content\/uploads\/2025\/11\/panther-2-rows-potato-planter-1.webp 541w\" sizes=\"(max-width: 500px) 100vw, 500px\" \/><\/p>\n<p data-path-to-node=\"14\">Welkom bij <b>India Watanabe Bodemstabilisator Co., Ltd.<\/b>, uw gecertificeerde <b>Indiase fabrikant<\/b> en toonaangevende specialist in robuuste, hoogcapaciteits- <b>Aardappelplantmachine<\/b> uitrusting. De <b>PANTHER 2-rijige aardappelpootmachine<\/b> is ontworpen voor grootschalige commerci\u00eble operaties waarbij maximale uptime en materiaalcapaciteit van het grootste belang zijn. Met een gewicht van een formidabele <b><span class=\"math-inline\" data-math=\"1325 Kg\">1325 kg<\/span><\/b> en met ultra-grote bunkers (<b><span class=\"math-inline\" data-math=\"700 Kg\">700 kg <\/span>Zaden<\/b> En <b><span class=\"math-inline\" data-math=\"680 Kg\">680 kg<\/span>\u00a0Meststof<\/b>), verlengt de PANTHER de continue veldwerktijd drastisch. Door gebruik te maken van een effici\u00ebnte <b>75 cv<\/b> minimaal opgenomen vermogen, dit <b>3-in-1 ge\u00efntegreerde plantenbak<\/b> garandeert een superieure diepteconsistentie en zaadafstand over twee rijen, waardoor de basisgezondheid van de plant en optimale opbrengsten in alle belangrijke Indiase aardappelteeltgebieden worden gegarandeerd.<\/p>\n<h2><strong>Technische specificaties van de Panther 2-rijige aardappelpootmachine:<\/strong><\/h2>\n<p data-path-to-node=\"20\">De PANTHER 2 Rows is ontworpen voor industri\u00eble stabiliteit, langere looptijden en effici\u00ebnt stroomverbruik.<\/p>\n<table border=\"1\" data-path-to-node=\"21\">\n<thead>\n<tr>\n<td><strong>Specificatie<\/strong><\/td>\n<td><strong>Waarde (PANTHER 2 RIJEN)<\/strong><\/td>\n<td><strong>Eenheid<\/strong><\/td>\n<td><strong>Betekenis in India<\/strong><\/td>\n<\/tr>\n<\/thead>\n<tbody>\n<tr>\n<td><span data-path-to-node=\"21,1,0,0\"><b>Model<\/b><\/span><\/td>\n<td><span data-path-to-node=\"21,1,1,0\">PANTHER 2 RIJEN<\/span><\/td>\n<td><span data-path-to-node=\"21,1,2,0\">&#8211;<\/span><\/td>\n<td><span data-path-to-node=\"21,1,3,0\"><b>Vlaggenschip 2-rij:<\/b> Gebouwd voor langdurig gebruik in het veld.<\/span><\/td>\n<\/tr>\n<tr>\n<td><span data-path-to-node=\"21,2,0,0\"><b>Leeggewicht<\/b><\/span><\/td>\n<td><span data-path-to-node=\"21,2,1,0\">1325<\/span><\/td>\n<td><span data-path-to-node=\"21,2,2,0\">kg<\/span><\/td>\n<td><span data-path-to-node=\"21,2,3,0\"><b>Zwaar uitgevoerd:<\/b> Superieure stabiliteit bij het planten in wisselende bodemomstandigheden.<\/span><\/td>\n<\/tr>\n<tr>\n<td><span data-path-to-node=\"21,3,0,0\"><b>Min. motorvermogen<\/b><\/span><\/td>\n<td><span data-path-to-node=\"21,3,1,0\">75<\/span><\/td>\n<td><span data-path-to-node=\"21,3,2,0\">cv (HP)<\/span><\/td>\n<td><span data-path-to-node=\"21,3,3,0\"><b>Economische macht:<\/b> Ideaal voor middelgrote tractoren, voor maximale brandstofeffici\u00ebntie.<\/span><\/td>\n<\/tr>\n<tr>\n<td><span data-path-to-node=\"21,4,0,0\"><b>Rijen nummeren<\/b><\/span><\/td>\n<td><span data-path-to-node=\"21,4,1,0\">2<\/span><\/td>\n<td><span data-path-to-node=\"21,4,2,0\">&#8211;<\/span><\/td>\n<td><span data-path-to-node=\"21,4,3,0\">Precieze dekking voor twee rijen.<\/span><\/td>\n<\/tr>\n<tr>\n<td><span data-path-to-node=\"21,5,0,0\"><b>Zaadbunkercapaciteit<\/b><\/span><\/td>\n<td><span data-path-to-node=\"21,5,1,0\">700<\/span><\/td>\n<td><span data-path-to-node=\"21,5,2,0\">kg<\/span><\/td>\n<td><span data-path-to-node=\"21,5,3,0\"><b>Maximale capaciteit:<\/b> Vermindert de bijvultijd drastisch.<\/span><\/td>\n<\/tr>\n<tr>\n<td><span data-path-to-node=\"21,6,0,0\"><b>Meststofcapaciteit<\/b><\/span><\/td>\n<td><span data-path-to-node=\"21,6,1,0\">680<\/span><\/td>\n<td><span data-path-to-node=\"21,6,2,0\">kg<\/span><\/td>\n<td><span data-path-to-node=\"21,6,3,0\"><b>Maximale capaciteit:<\/b> Ge\u00efntegreerde basistoepassing voor lange duurlopen.<\/span><\/td>\n<\/tr>\n<tr>\n<td><span data-path-to-node=\"21,7,0,0\"><b>Tankinsecticide (optie)<\/b><\/span><\/td>\n<td><span data-path-to-node=\"21,7,1,0\">300<\/span><\/td>\n<td><span data-path-to-node=\"21,7,2,0\">L<\/span><\/td>\n<td><span data-path-to-node=\"21,7,3,0\">Onmisbaar voor grootschalige ongediertebestrijding in een vroeg stadium.<\/span><\/td>\n<\/tr>\n<tr>\n<td><span data-path-to-node=\"21,8,0,0\"><b>Werksnelheid<\/b><\/span><\/td>\n<td><span data-path-to-node=\"21,8,1,0\">3-5<\/span><\/td>\n<td><span data-path-to-node=\"21,8,2,0\">km\/u<\/span><\/td>\n<td><span data-path-to-node=\"21,8,3,0\"><b>Nauwkeurigheid:<\/b> Optimale snelheid voor consistente afstand en soepele werking.<\/span><\/td>\n<\/tr>\n<tr>\n<td><span data-path-to-node=\"21,9,0,0\"><b>Koppelingscategorie<\/b><\/span><\/td>\n<td><span data-path-to-node=\"21,9,1,0\">2<\/span><\/td>\n<td><span data-path-to-node=\"21,9,2,0\">&#8211;<\/span><\/td>\n<td><span data-path-to-node=\"21,9,3,0\">Standaard robuuste verbinding.<\/span><\/td>\n<\/tr>\n<\/tbody>\n<\/table>\n<h2><strong>Heavy-Duty voordeel: capaciteit en stabiliteit<\/strong><\/h2>\n<p data-path-to-node=\"24\">De <b>PANTHER 2-rijige aardappelpootmachine<\/b> onderscheidt zich door zijn structurele massa en materiaalcapaciteit, sleutelfactoren voor de winstgevendheid van commerci\u00eble landbouw.<\/p>\n<h3><strong>Maximale capaciteit bunkers: <span class=\"math-inline\" data-math=\"700 Kg\">700 kg<\/span> Zaden en <span class=\"math-inline\" data-math=\"680 Kg\">680 kg<\/span>\u00a0Meststof<\/strong><\/h3>\n<p data-path-to-node=\"26\">Het belangrijkste voordeel van de PANTHER is de materiaalcapaciteit. De gecombineerde <b><span class=\"math-inline\" data-math=\"1380 Kg\">1380 kg<\/span><\/b> capaciteit (<b><span class=\"math-inline\" data-math=\"700 Kg\">700 kg<\/span>\u00a0Zaden<\/b> \/ <b><span class=\"math-inline\" data-math=\"680 Kg\">680 kg<\/span>\u00a0Meststof<\/b>) maakt het mogelijk dat operators een hele halve dag of langer kunnen zaaien zonder terug te hoeven naar de kopakker om het materiaal aan te voeren.<\/p>\n<ul data-path-to-node=\"27\">\n<li>\n<p data-path-to-node=\"27,0,0\"><b>Minimaliseren van downtime:<\/b> Dit vertaalt zich direct in een maximale veldtijd, waarbij het waardevolle plantvenster optimaal wordt benut, een cruciaal economisch voordeel in regio's zoals <b>Gujarat<\/b> En <b>Punjab<\/b>.<\/p>\n<\/li>\n<li>\n<p data-path-to-node=\"27,1,0\"><b>Arbeidseffici\u00ebntie:<\/b> Doordat er minder tijd wordt besteed aan bijvullen, worden arbeidskrachten beter benut en zijn er minder logistieke onderbrekingen.<\/p>\n<\/li>\n<\/ul>\n<h3><strong>Ge\u00efntegreerd 3-in-1 systeem met hoge structurele stijfheid<\/strong><\/h3>\n<p data-path-to-node=\"29\">De <b><span class=\"math-inline\" data-math=\"1325 Kg\">$1325 kg$<\/span> Leeggewicht<\/b> De PANTHER biedt een superieure diepteconsistentie in vergelijking met lichtere modellen. Deze massa zorgt ervoor dat de plantvoeten stevig in de grond blijven, waardoor de machine niet zweeft of stuitert bij kleine terreinverschillen of achtergebleven kluiten. Deze structurele stijfheid is cruciaal voor de precieze synchronisatie van:<\/p>\n<ol start=\"1\" data-path-to-node=\"30\">\n<li>\n<p data-path-to-node=\"30,0,0\"><b>Uniformiteit van de zaadval.<\/b><\/p>\n<\/li>\n<li>\n<p data-path-to-node=\"30,1,0\"><b>Nauwkeurige plaatsing van meststoffen.<\/b><\/p>\n<\/li>\n<li>\n<p data-path-to-node=\"30,2,0\"><b>Onmiddellijke toepassing van ongediertebestrijding (vanaf <span class=\"math-inline\" data-math=\"300 L\">300 liter<\/span>\u00a0tank).<\/b><\/p>\n<\/li>\n<\/ol>\n<h3><strong>Uniformiteit van de zaadafstand en dieptecontrole<\/strong><\/h3>\n<p data-path-to-node=\"32\">De kerntechnologie van de PANTHER zorgt ervoor dat elk stukje aardappelzaad op de perfecte positie terechtkomt:<\/p>\n<ul data-path-to-node=\"33\">\n<li>\n<p data-path-to-node=\"33,0,0\"><b>Consistente diepte:<\/b> De stabiliteit van de machine garandeert dat alle zaden op dezelfde diepte worden geplant, wat cruciaal is voor een gesynchroniseerde opkomst.<\/p>\n<\/li>\n<li>\n<p data-path-to-node=\"33,1,0\"><b>Precisie-afstand:<\/b> Het toevoermechanisme is ontworpen voor betrouwbare zaadlozingen zonder onderbrekingen, waardoor de plantenpopulatie wordt geoptimaliseerd en de beschikbare bodembronnen voor de ontwikkeling van de knollen optimaal worden benut.<\/p>\n<\/li>\n<\/ul>\n<h2><strong>De commerci\u00eble noodzaak: uitvaltijd minimaliseren:<\/strong><\/h2>\n<p data-path-to-node=\"36\">De PANTHER is de keuze voor commerci\u00eble exploitanten die hun winst willen beheren door niet-productieve tijd te minimaliseren en de doorvoer van hulpbronnen te maximaliseren.<\/p>\n<h3><strong>Optimalisatie van brandstof- en arbeidseconomie door middel van schaalvergroting<\/strong><\/h3>\n<p data-path-to-node=\"38\">Door twee grote materiaalbunkers (zaad en kunstmest) te consolideren en de ritten naar de servicewagen te minimaliseren, vermindert de PANTHER het niet-productieve verkeer op het veld aanzienlijk. Dit bespaart niet alleen op brandstofkosten (minder ritten), maar optimaliseert ook drastisch de benodigde hooggekwalificeerde arbeid tijdens het plantseizoen, wat een duidelijke besparing oplevert op de totale prijs van de aardappelpootmachine. <b>in India<\/b>.<\/p>\n<h3><strong>Het aanpakken van uitdagende zaaibedomstandigheden<\/strong><\/h3>\n<p data-path-to-node=\"40\">De zware <b><span class=\"math-inline\" data-math=\"1325 Kg\">1325 kg<\/span><\/b>\u00a0De structuur geeft de PANTHER een voordeel bij het planten in minder dan ideale zaaibedden, zoals die welke licht klonterig of oneffen zijn (vaak voorkomend na primaire grondbewerking op schurende grond). <b>Laterietbodem<\/b>). Het extra gewicht zorgt ervoor dat de plantschoenen lichte weerstand kunnen overwinnen, waardoor de cruciale plantdiepte en rij-uitlijning behouden blijven, iets wat lichtere machines moeilijk zouden kunnen bereiken.<\/p>\n<h3><strong>Kwaliteitsborging voor uniforme knolconsistentie<\/strong><\/h3>\n<p data-path-to-node=\"42\">De structurele stabiliteit van de <b>PANTHER 2-rijige aardappelpootmachine<\/b> Zorgt voor een zeer consistente plantafstand en -diepte. Deze uniformiteit in plantafstand is de meest kritische factor voor een gesynchroniseerde oogst en een zeer uniforme maatverdeling van de knollen, wat essentieel is om te voldoen aan de strenge sorteereisen van voedselverwerkers en exportafnemers.<\/p>\n<h2><strong>Live-ervaring: gekwantificeerde veldprestaties:<\/strong><\/h2>\n<h2><strong><img decoding=\"async\" class=\"alignnone wp-image-324 size-large\" src=\"https:\/\/soil-stabilisor.com\/wp-content\/uploads\/2025\/11\/pai-2100-2-rows-potato-planter-customer-feedback-1024x683.webp\" alt=\"pai-2100 2-rijige aardappelpootmachine klantfeedback\" width=\"1024\" height=\"683\" srcset=\"https:\/\/soil-stabilisor.com\/wp-content\/uploads\/2025\/11\/pai-2100-2-rows-potato-planter-customer-feedback-1024x683.webp 1024w, https:\/\/soil-stabilisor.com\/wp-content\/uploads\/2025\/11\/pai-2100-2-rows-potato-planter-customer-feedback-300x200.webp 300w, https:\/\/soil-stabilisor.com\/wp-content\/uploads\/2025\/11\/pai-2100-2-rows-potato-planter-customer-feedback-768x512.webp 768w, https:\/\/soil-stabilisor.com\/wp-content\/uploads\/2025\/11\/pai-2100-2-rows-potato-planter-customer-feedback-1536x1024.webp 1536w, https:\/\/soil-stabilisor.com\/wp-content\/uploads\/2025\/11\/pai-2100-2-rows-potato-planter-customer-feedback-2048x1365.webp 2048w, https:\/\/soil-stabilisor.com\/wp-content\/uploads\/2025\/11\/pai-2100-2-rows-potato-planter-customer-feedback-18x12.webp 18w, https:\/\/soil-stabilisor.com\/wp-content\/uploads\/2025\/11\/pai-2100-2-rows-potato-planter-customer-feedback-1080x720.webp 1080w, https:\/\/soil-stabilisor.com\/wp-content\/uploads\/2025\/11\/pai-2100-2-rows-potato-planter-customer-feedback-1280x853.webp 1280w, https:\/\/soil-stabilisor.com\/wp-content\/uploads\/2025\/11\/pai-2100-2-rows-potato-planter-customer-feedback-980x653.webp 980w, https:\/\/soil-stabilisor.com\/wp-content\/uploads\/2025\/11\/pai-2100-2-rows-potato-planter-customer-feedback-480x320.webp 480w, https:\/\/soil-stabilisor.com\/wp-content\/uploads\/2025\/11\/pai-2100-2-rows-potato-planter-customer-feedback-600x400.webp 600w\" sizes=\"(max-width: 1024px) 100vw, 1024px\" \/><\/strong><\/h2>\n<p data-path-to-node=\"45\">Wij leveren kwantificeerbare gegevens en geverifieerde klantrapporten die de superieure capaciteit en veldeffici\u00ebntie van de PANTHER aantonen.<\/p>\n<h3><strong>Klantverhaal 1: Verlengde looptijd en logistiek in Gujarat<\/strong><\/h3>\n<blockquote data-path-to-node=\"48\">\n<p data-path-to-node=\"48,0\">Een grootschalige contractlandbouwonderneming in Centraal-Gujarat, die meerdere klanten bedient, heeft de capaciteit van de PAI-2100 vergeleken met die van de PANTHER.<\/p>\n<p data-path-to-node=\"48,1\"><b>De oplossing:<\/b> Zij kozen voor de <b>PANTHER 2-rijige aardappelpootmachine<\/b> specifiek voor zijn <b><span class=\"math-inline\" data-math=\"700 Kg\">700 kg<\/span>\u00a0Zaad en <span class=\"math-inline\" data-math=\"680 Kg\">680 kg<\/span>\u00a0Meststof<\/b> bunkers.<\/p>\n<p data-path-to-node=\"48,2\"><b>Het resultaat:<\/b> De PANTHER behaalde een gemiddelde continue veldlooptijd van <b>7,5 uur<\/b> voordat zowel zaad als meststof opnieuw bevoorraad moesten worden, vergeleken met slechts 3,5 uur voor de oudere 2-rijige modellen. Deze langere looptijd stelde de machinist in staat om het servicepersoneel volledig te wijden aan andere zaaitaken, wat resulteerde in een <b><span class=\"math-inline\" data-math=\"40\\%\">40%<\/span>\u00a0vermindering van servicegerelateerde downtime<\/b> en een aanzienlijke effici\u00ebntieverbetering in hun logistieke keten.<\/p>\n<\/blockquote>\n<h3><strong>Klantverhaal 2: Stabiliteit in het oneffen terrein van Maharashtra<\/strong><\/h3>\n<blockquote data-path-to-node=\"51\">\n<p data-path-to-node=\"51,0\">Een aardappelteler in een heuvelachtig, oneffen gebied in Maharashtra ontdekte dat lichtere zaaimachines vaak de consistentie van de diepte verloren bij het oversteken van glooiingen in het veld.<\/p>\n<p data-path-to-node=\"51,1\"><b>De oplossing:<\/b> Ze schakelden over op de zware <b><span class=\"math-inline\" data-math=\"1325 Kg\">1325 kg<\/span>\u00a0PANTER<\/b>.<\/p>\n<p data-path-to-node=\"51,2\"><b>Het resultaat:<\/b> De toegevoegde structurele massa dempte effectief de verticale beweging en handhaafde een bijna perfecte plantdiepte op oneffen terrein, wat resulteerde in een <b><span class=\"math-inline\" data-math=\"10\\%\">10%<\/span>\u00a0strakker opkomstvenster<\/b> voor het gehele veld. Het robuuste frame en de verbindingen ervaren <b>geen ongeplande onderhoudsproblemen<\/b> gedurende twee seizoenen, wat de superieure duurzaamheid bevestigt die de <b>Indiase fabrikant<\/b>.<\/p>\n<\/blockquote>\n<h2><strong>Bedrijfsprofiel: Het voordeel van India Watanabe:<\/strong><\/h2>\n<h3><strong>Uw vertrouwde Indiase fabrikant van grondmachines<\/strong><\/h3>\n<p data-path-to-node=\"55\"><b>India Watanabe Bodemstabilisator Co., Ltd.<\/b> is een gecertificeerde <b>Indiase fabrikant<\/b> en de toegewijde regionale dochteronderneming van de wereldwijd erkende Watanabe-groep. Onze kernmissie is het leveren van zeer effici\u00ebnte, duurzame machines \u2013 van precisiegereedschappen zoals de <b>PANTHER 2-rijige aardappelpootmachine<\/b> tot zwaar materieel zoals de <b>THOR Steenbreker<\/b>\u2014die direct inspelen op de unieke uitdagingen die India's diverse bodemsoorten, moessonomstandigheden en snelle infrastructuuruitbreiding met zich meebrengen. Wij streven naar mechanische eenvoud, duurzaamheid en superieure lokale ondersteuning.<\/p>\n<h3><strong>Een erfenis van technische excellentie, geworteld in Gujarat<\/strong><\/h3>\n<p data-path-to-node=\"57\">Ons operationele hoofdkantoor en onze toegewijde productiebasis zijn strategisch gelegen in <b>Ahmedabad (regio Gandhinagar), Gujarat<\/b>Deze centrale ligging biedt ons een strategisch voordeel, waardoor we de logistiek effici\u00ebnt kunnen beheren en snelle, responsieve technische ondersteuning en beschikbaarheid van reserveonderdelen kunnen bieden in alle belangrijke landbouwstaten. Onze naleving van strenge productiekwaliteitsnormen garandeert dat elke machine voorspelbare, duurzame prestaties levert en de laagste bedrijfskosten op lange termijn in de branche biedt.<\/p>\n<h2><strong>Expert Knowledge Hub (FAQ &amp; technische verdieping):<\/strong><\/h2>\n<h3><strong>Veelgestelde vragen (FAQ) over de PANTHER 2-rijige aardappelpootmachine<\/strong><\/h3>\n<ul data-path-to-node=\"61\">\n<li>\n<p data-path-to-node=\"61,0,0\"><b>V: Waarom weegt de PANTHER? <span class=\"math-inline\" data-math=\"1325 Kg\">1325 kg<\/span>, maar vereisen alleen <span class=\"math-inline\" data-math=\"75 cv\">75 pk<\/span>?<\/b><\/p>\n<ul data-path-to-node=\"61,0,1\">\n<li>\n<p data-path-to-node=\"61,0,1,0,0\"><b>A:<\/b> Het hoge gewicht is vooral voor <b>stabiliteit en structurele integriteit<\/b>, waardoor de plantschoenen een consistente diepte en een optimale afstand behouden <b>3-5 km\/u<\/b> werksnelheid. De <b><span class=\"math-inline\" data-math=\"75 cv\">75 pk<\/span><\/b>\u00a0is voldoende omdat de zaaimachine op eerder bewerkte grond werkt, waardoor de benodigde trekkracht minimaal is en brandstofbesparing prioriteit heeft.<\/p>\n<\/li>\n<\/ul>\n<\/li>\n<li>\n<p data-path-to-node=\"61,1,0\"><b>V: Hoe lang kan de PANTHER-fabriek continu draaien zonder bij te vullen?<\/b><\/p>\n<ul data-path-to-node=\"61,1,1\">\n<li>\n<p data-path-to-node=\"61,1,1,0,0\"><b>A:<\/b> Met <b><span class=\"math-inline\" data-math=\"700 Kg\">700 kg<\/span>\u00a0van zaden<\/b> En <b><span class=\"math-inline\" data-math=\"680 Kg\">680 kg<\/span>\u00a0van kunstmest<\/b>, de PANTHER is ontworpen voor ongeveer <b>6-8 uur onafgebroken veldtijd<\/b>, afhankelijk van de specifieke zaadhoeveelheid en de toegepaste meststofhoeveelheid.<\/p>\n<\/li>\n<\/ul>\n<\/li>\n<li>\n<p data-path-to-node=\"61,2,0\"><b>V: Kan het optionele insecticidensysteem worden gebruikt voor het aanbrengen van granulaatfungiciden?<\/b><\/p>\n<ul data-path-to-node=\"61,2,1\">\n<li>\n<p data-path-to-node=\"61,2,1,0,0\"><b>A:<\/b> Ja. De optionele <b><span class=\"math-inline\" data-math=\"300 L\">300 liter<\/span>\u00a0tank<\/b> Het systeem is ontworpen om zowel korrelvormige insecticiden als fungiciden te verwerken en kan direct rondom het zaad worden aangebracht. Zo wordt volledige bescherming geboden tegen bedreigingen vanuit de bodem.<\/p>\n<\/li>\n<\/ul>\n<\/li>\n<li>\n<p data-path-to-node=\"61,3,0\"><b>V: Wat is het belangrijkste structurele voordeel van de PANTHER ten opzichte van de PAI-2100?<\/b><\/p>\n<ul data-path-to-node=\"61,3,1\">\n<li>\n<p data-path-to-node=\"61,3,1,0,0\"><b>A:<\/b> De PANTHER heeft een aanzienlijk zwaardere <b><span class=\"math-inline\" data-math=\"1325 Kg\">1325 kg<\/span><\/b>\u00a0frame en bunkers met een veel grotere capaciteit, ontworpen voor robuustheid en langdurig continu gebruik, waardoor het de voorkeurskeuze is voor commerci\u00eble exploitanten die op zoek zijn naar maximale uptime.<\/p>\n<\/li>\n<\/ul>\n<\/li>\n<\/ul>\n<h3><strong>De natuurkunde van synchronisatie: zorgen voor een perfecte uitlijning van zaad en meststof<\/strong><\/h3>\n<p data-path-to-node=\"63\">Het toevoermechanisme van de PANTHER is gesynchroniseerd met de grondwielen, waardoor het zaad wordt gedropt, de meststof wordt aangebracht en de beschermende chemicali\u00ebn op het exacte, optimale moment ten opzichte van elkaar worden aangebracht. Deze cruciale synchronisatie, die het aantal veldwerkbewegingen minimaliseert, zorgt ervoor dat de PANTHER een superieure initi\u00eble opkomst van de planten levert en de bruikbaarheid van de hoge capaciteit maximaliseert. <b><span class=\"math-inline\" data-math=\"680 Kg\">680 kg<\/span>\u00a0meststofbunker<\/b>.<\/p>\n<div style=\"text-align: center; margin: 40px 0;\"><iframe title=\"R-380 aardappelrooier aan het werk in India\" src=\"https:\/\/www.youtube.com\/embed\/-mmmCPJ11qY\" width=\"800\" height=\"450\" frameborder=\"0\" allowfullscreen=\"allowfullscreen\"><\/iframe><\/div>\n<h2><strong>Complementaire oplossingen voor aardappelproductie<\/strong><\/h2>\n<p data-path-to-node=\"66\">Voor een volledig gemechaniseerd aardappelproductiesysteem integreert u de PANTHER met essenti\u00eble aanvullende apparatuur.<\/p>\n<h3><strong>Bodemvoorbereiding en rijbeheer<\/strong><\/h3>\n<ul data-path-to-node=\"68\">\n<li>\n<p data-path-to-node=\"68,0,0\"><b>Aardappelrooier (R-380\/R-580-serie):<\/b> (Interne link) De PANTHER wordt doorgaans voorafgegaan door een <b>Aardappelvoortrekker<\/b> om de eerste, schone, diepe groefbasis te cre\u00ebren.<\/p>\n<\/li>\n<li>\n<p data-path-to-node=\"68,1,0\"><b>Roterende cultivator (ERA-3100-serie):<\/b> (Interne link) Gebruik een <b>Roterende cultivator<\/b> ten eerste voor optimale beluchting van de bodem en het losmaken van zaairesten, waardoor een fijn zaaibed ontstaat en de nauwkeurigheid van de zaaimachine wordt gemaximaliseerd.<\/p>\n<\/li>\n<li>\n<p data-path-to-node=\"68,2,0\"><b><a href=\"https:\/\/soil-stabilisor.com\/nl\/product\/thor-2-4-mulcher-steenbreker-met-kit-trekstang\/\">Steenbreker (THOR-serie)<\/a> \/ Stenenraper (CT-2100):<\/b> (Interne link) Door velden vooraf te ontginnen met apparatuur voor steenbeheer worden de kwetsbare schoenen van de planter beschermd en wordt een consistente plantdiepte en -afstand gegarandeerd.<\/p>\n<\/li>\n<\/ul>\n<h3><strong>Na het planten en oogsten<\/strong><\/h3>\n<ul data-path-to-node=\"70\">\n<li>\n<p data-path-to-node=\"70,0,0\"><b>Aardappelrooiers (AWB-1600-serie):<\/b> (Interne link) Een hoogwaardige aanplant leidt direct tot een uniforme oogst, waardoor het uiteindelijke rendement en de effici\u00ebntie van de oogst worden gemaximaliseerd. <b>Aardappelrooiers<\/b> tijdens de oogst.<\/p>\n<\/li>\n<\/ul>\n<h2><strong><b>Klaar om uw boerderij te optimaliseren? Neem contact op met India Watanabe.<\/b><\/strong><\/h2>\n<p>Wij streven ernaar uw betrouwbare partner te zijn voor hoogwaardige oplossingen voor bodemvoorbereiding in het Indiase subcontinent.<\/p>\n<table border=\"1\">\n<tbody>\n<tr>\n<td><strong>Informatie Categorie<\/strong><\/td>\n<td><strong>Detail<\/strong><\/td>\n<\/tr>\n<tr>\n<td><strong><b>Indiase fabrikant<\/b><\/strong><\/td>\n<td>India Watanabe Bodemstabilisator Co., Ltd.<\/td>\n<\/tr>\n<tr>\n<td><strong><b>Adresregel 1<\/b><\/strong><\/td>\n<td>Perceel nr. 405, GIDC-industrieterrein<\/td>\n<\/tr>\n<tr>\n<td><strong><b>Adresregel 2<\/b><\/strong><\/td>\n<td>In de buurt van fase III-controlepost, Vithalapur Road<\/td>\n<\/tr>\n<tr>\n<td><strong><b>Stad, staat, pincode<\/b><\/strong><\/td>\n<td>Ahmedabad (regio Gandhinagar), Gujarat, 382150<\/td>\n<\/tr>\n<tr>\n<td><strong><b>Land<\/b><\/strong><\/td>\n<td>Indi\u00eb<\/td>\n<\/tr>\n<tr>\n<td><strong><b>Technische ondersteuning<\/b><\/strong><\/td>\n<td><a href=\"mailto:sales@soil-stabilisor.com\">verkoop@soil-stabilisor.com<\/a><\/td>\n<\/tr>\n<\/tbody>\n<\/table>\n<h3 data-start=\"3775\" data-end=\"3803\"><strong data-start=\"3779\" data-end=\"3803\">Optie voor directe offerte<\/strong><\/h3>\n<p data-start=\"3804\" data-end=\"3846\">Om ervoor te zorgen dat kopers nauwkeurige prijzen ontvangen: <a href=\"https:\/\/soil-stabilisor.com\/nl\/neem-contact-met-ons-op\/\"><strong data-start=\"3873\" data-end=\"3904\">Vraag een definitieve prijsopgave aan<\/strong><\/a><\/p>","protected":false},"excerpt":{"rendered":"<p>De ERA-3100 roterende cultivator is de ultieme 3-in-1 grondbewerkingsoplossing voor gelijktijdige grondbewerking, bemesting en begassing. Hij heeft slechts 75 pk nodig en werkt effici\u00ebnt bij snelheden van 3-5 km\/u. Deze 3-rijige machine is voorzien van veerbelaste voren en een totale bunkerinhoud van $375 kg\/$. Dit maximaliseert de effici\u00ebntie, het brandstofverbruik en zorgt voor een nauwkeurige inwerking van voedingsstoffen en pesticiden in \u00e9\u00e9n werkgang. Gefabriceerd door India Watanabe voor superieur bodembeheer.<\/p>","protected":false},"featured_media":326,"comment_status":"open","ping_status":"closed","template":"","meta":{"_et_pb_use_builder":"","_et_pb_old_content":"","_et_gb_content_width":""},"product_brand":[],"product_cat":[23,24],"product_tag":[],"class_list":{"0":"post-325","1":"product","2":"type-product","3":"status-publish","4":"has-post-thumbnail","6":"product_cat-potato-machinery","7":"product_cat-potato-planter","9":"first","10":"instock","11":"shipping-taxable","12":"product-type-simple"},"_links":{"self":[{"href":"https:\/\/soil-stabilisor.com\/nl\/wp-json\/wp\/v2\/product\/325","targetHints":{"allow":["GET"]}}],"collection":[{"href":"https:\/\/soil-stabilisor.com\/nl\/wp-json\/wp\/v2\/product"}],"about":[{"href":"https:\/\/soil-stabilisor.com\/nl\/wp-json\/wp\/v2\/types\/product"}],"replies":[{"embeddable":true,"href":"https:\/\/soil-stabilisor.com\/nl\/wp-json\/wp\/v2\/comments?post=325"}],"wp:featuredmedia":[{"embeddable":true,"href":"https:\/\/soil-stabilisor.com\/nl\/wp-json\/wp\/v2\/media\/326"}],"wp:attachment":[{"href":"https:\/\/soil-stabilisor.com\/nl\/wp-json\/wp\/v2\/media?parent=325"}],"wp:term":[{"taxonomy":"product_brand","embeddable":true,"href":"https:\/\/soil-stabilisor.com\/nl\/wp-json\/wp\/v2\/product_brand?post=325"},{"taxonomy":"product_cat","embeddable":true,"href":"https:\/\/soil-stabilisor.com\/nl\/wp-json\/wp\/v2\/product_cat?post=325"},{"taxonomy":"product_tag","embeddable":true,"href":"https:\/\/soil-stabilisor.com\/nl\/wp-json\/wp\/v2\/product_tag?post=325"}],"curies":[{"name":"wp","href":"https:\/\/api.w.org\/{rel}","templated":true}]}}