{"id":343,"date":"2025-11-28T00:09:44","date_gmt":"2025-11-28T00:09:44","guid":{"rendered":"https:\/\/soil-stabilisor.com\/?post_type=product&#038;p=343"},"modified":"2025-12-01T03:13:12","modified_gmt":"2025-12-01T03:13:12","slug":"awb-1600-a-scavapatate-a-2-file","status":"publish","type":"product","link":"https:\/\/soil-stabilisor.com\/it\/prodotto\/awb-1600-a-scavapatate-a-2-file\/","title":{"rendered":"AWB-1600 A Scavapatate a 2 file"},"content":{"rendered":"<h1 style=\"text-align: center;\"><b>AWB-1600 A Scavapatate a 2 file<\/b><\/h1>\n<p><img decoding=\"async\" class=\"aligncenter wp-image-344\" src=\"https:\/\/soil-stabilisor.com\/wp-content\/uploads\/2025\/11\/awb-1600-a-2-rows-1-300x300.webp\" alt=\"AWB-1600 A Scavapatate a 2 file\" width=\"500\" height=\"500\" srcset=\"https:\/\/soil-stabilisor.com\/wp-content\/uploads\/2025\/11\/awb-1600-a-2-rows-1-300x300.webp 300w, https:\/\/soil-stabilisor.com\/wp-content\/uploads\/2025\/11\/awb-1600-a-2-rows-1-150x150.webp 150w, https:\/\/soil-stabilisor.com\/wp-content\/uploads\/2025\/11\/awb-1600-a-2-rows-1-12x12.webp 12w, https:\/\/soil-stabilisor.com\/wp-content\/uploads\/2025\/11\/awb-1600-a-2-rows-1-480x480.webp 480w, https:\/\/soil-stabilisor.com\/wp-content\/uploads\/2025\/11\/awb-1600-a-2-rows-1-100x100.webp 100w, https:\/\/soil-stabilisor.com\/wp-content\/uploads\/2025\/11\/awb-1600-a-2-rows-1.webp 505w\" sizes=\"(max-width: 500px) 100vw, 500px\" \/><\/p>\n<p data-path-to-node=\"16\">Benvenuti a <b>India Watanabe Soil Stabilizer Co., Ltd.<\/b>, il tuo certificato <b>Produttore indiano<\/b> e specialista di prim'ordine in alta efficienza <b>Macchina scavapatate<\/b> attrezzatura. L' <b>AWB-1600 A Scavapatate a 2 file<\/b> \u00e8 la variante migliorata e robusta del nostro escavatore standard, specificamente progettata per una maggiore stabilit\u00e0 e prestazioni in tipi di terreno difficili, come laterite abrasiva e terreno appiccicoso di cotone nero. Con un peso formidabile <b><span class=\"math-inline\" data-math=\"1000 Kg\">$1000 Kg$<\/span><\/b> e utilizzando un assorbimento di potenza minimo di <b><span class=\"math-inline\" data-math=\"85 cv\">85 CV<\/span><\/b>, l'AWB-1600 A garantisce una profondit\u00e0 uniforme superiore e un basso danneggiamento dei tuberi mentre funziona a una velocit\u00e0 delicata <b>3-5 km\/h<\/b> velocit\u00e0 di lavoro. Questa massa robusta garantisce un sollevamento affidabile e una separazione efficiente su due file durante la fase critica della raccolta nel subcontinente indiano.<\/p>\n<h2><strong>Specifiche tecniche dello scavapatate a 2 file AWB-1600 A:<\/strong><\/h2>\n<p data-path-to-node=\"21\">L'AWB-1600 A \u00e8 progettato per garantire maggiore stabilit\u00e0 e prestazioni elevate su terreni difficili.<\/p>\n<table border=\"1\" data-path-to-node=\"22\">\n<thead>\n<tr>\n<td><strong>Specifica<\/strong><\/td>\n<td><strong>Valore (AWB-1600 A)<\/strong><\/td>\n<td><strong>Unit\u00e0<\/strong><\/td>\n<td><strong>Significato in India<\/strong><\/td>\n<\/tr>\n<\/thead>\n<tbody>\n<tr>\n<td><span data-path-to-node=\"22,1,0,0\"><b>Modello<\/b><\/span><\/td>\n<td><span data-path-to-node=\"22,1,1,0\">AWB-1600 A (Scavapatate)<\/span><\/td>\n<td><span data-path-to-node=\"22,1,2,0\">&#8211;<\/span><\/td>\n<td><span data-path-to-node=\"22,1,3,0\"><b>Stabilit\u00e0 migliorata:<\/b> Progettato per condizioni di terreno difficili.<\/span><\/td>\n<\/tr>\n<tr>\n<td><span data-path-to-node=\"22,2,0,0\"><b>Peso a vuoto<\/b><\/span><\/td>\n<td><span data-path-to-node=\"22,2,1,0\">1000<\/span><\/td>\n<td><span data-path-to-node=\"22,2,2,0\">Kg<\/span><\/td>\n<td><span data-path-to-node=\"22,2,3,0\"><b>Per impieghi gravosi:<\/b> Fornisce stabilit\u00e0 strutturale critica e forza di terra.<\/span><\/td>\n<\/tr>\n<tr>\n<td><span data-path-to-node=\"22,3,0,0\"><b>Potenza minima del motore<\/b><\/span><\/td>\n<td><span data-path-to-node=\"22,3,1,0\">85<\/span><\/td>\n<td><span data-path-to-node=\"22,3,2,0\">CV (HP)<\/span><\/td>\n<td><span data-path-to-node=\"22,3,3,0\"><b>Potenza richiesta:<\/b> Garantisce un innesto stabile della presa di forza e una capacit\u00e0 di trazione ottimale.<\/span><\/td>\n<\/tr>\n<tr>\n<td><span data-path-to-node=\"22,4,0,0\"><b>Righe numeriche<\/b><\/span><\/td>\n<td><span data-path-to-node=\"22,4,1,0\">2<\/span><\/td>\n<td><span data-path-to-node=\"22,4,2,0\">&#8211;<\/span><\/td>\n<td><span data-path-to-node=\"22,4,3,0\">Copertura di precisione per due file.<\/span><\/td>\n<\/tr>\n<tr>\n<td><span data-path-to-node=\"22,5,0,0\"><b>Velocit\u00e0 di lavoro<\/b><\/span><\/td>\n<td><span data-path-to-node=\"22,5,1,0\">3-5<\/span><\/td>\n<td><span data-path-to-node=\"22,5,2,0\">chilometri all'ora<\/span><\/td>\n<td><span data-path-to-node=\"22,5,3,0\"><b>Vantaggio principale:<\/b> La bassa velocit\u00e0 garantisce un danno minimo ai tuberi.<\/span><\/td>\n<\/tr>\n<tr>\n<td><span data-path-to-node=\"22,6,0,0\"><b>Velocit\u00e0 di ingresso della presa di forza<\/b><\/span><\/td>\n<td><span data-path-to-node=\"22,6,1,0\">540<\/span><\/td>\n<td><span data-path-to-node=\"22,6,2,0\">giri al minuto<\/span><\/td>\n<td><span data-path-to-node=\"22,6,3,0\">Velocit\u00e0 standard della presa di forza per la trasmissione del trasportatore a nastro.<\/span><\/td>\n<\/tr>\n<tr>\n<td><span data-path-to-node=\"22,7,0,0\"><b>Categoria di collegamento<\/b><\/span><\/td>\n<td><span data-path-to-node=\"22,7,1,0\">2<\/span><\/td>\n<td><span data-path-to-node=\"22,7,2,0\">&#8211;<\/span><\/td>\n<td><span data-path-to-node=\"22,7,3,0\">Connessione robusta standard.<\/span><\/td>\n<\/tr>\n<\/tbody>\n<\/table>\n<h2><strong>Stabilit\u00e0 migliorata: raccolta in condizioni difficili<\/strong><\/h2>\n<p data-path-to-node=\"25\">IL <b>AWB-1600 A<\/b> \u00e8 stato appositamente potenziato con una massa della macchina aumentata e una struttura rinforzata, rendendolo estremamente efficace in ambienti in cui gli escavatori pi\u00f9 leggeri hanno difficolt\u00e0.<\/p>\n<h3><strong>Telaio robusto e maggiore <span class=\"math-inline\" data-math=\"1000 Kg\">1000 Kg<\/span>\u00a0Massa della macchina<\/strong><\/h3>\n<p data-path-to-node=\"27\">IL <b><span class=\"math-inline\" data-math=\"1000 Kg\">1000 Kg<\/span>\u00a0Peso a vuoto<\/b> (un aumento significativo rispetto al modello standard da 800 Kg) \u00e8 l'aggiornamento chiave dell'AWB-1600 A. Questa massa pi\u00f9 pesante fornisce:<\/p>\n<ol start=\"1\" data-path-to-node=\"28\">\n<li>\n<p data-path-to-node=\"28,0,0\"><b>Profondit\u00e0 costante:<\/b> Assicura che il vomere di scavo rimanga saldamente innestato, mantenendo la profondit\u00e0 di taglio ottimale anche quando il trattore attraversa terreni irregolari o quando il vomere incontra un terreno denso e compresso.<\/p>\n<\/li>\n<li>\n<p data-path-to-node=\"28,1,0\"><b>Smorzamento:<\/b> La massa aggiunta smorza gli urti laterali e le vibrazioni che si verificano durante il sollevamento di terreni abrasivi e piccole pietre, proteggendo il trasportatore a nastro e riducendone l'usura.<\/p>\n<\/li>\n<\/ol>\n<h3><strong>Design ottimale della lama di scavo e basso danno ai tuberi<\/strong><\/h3>\n<p data-path-to-node=\"30\">Il vomere di scavo \u00e8 progettato per tagliare con precisione sotto la cresta della patata. La struttura rinforzata supporta un taglio netto e delicato, riducendo al minimo l'assorbimento di terra in eccesso e prevenendo l' <b>danni ai tuberi<\/b> Comune nelle macchine ad alta tiratura. Questa attenta progettazione privilegia l'integrit\u00e0 della buccia del tubero, fondamentale per massimizzare la durata di conservazione e il valore di mercato.<\/p>\n<h3><strong>Abbinamento di potenza per carichi pesanti: <span class=\"math-inline\" data-math=\"85 cv\">85 CV<\/span>\u00a0Requisito minimo<\/strong><\/h3>\n<p data-path-to-node=\"32\">IL <b><span class=\"math-inline\" data-math=\"85 cv\">85 CV<\/span><\/b> \u00e8 necessario un requisito minimo di HP per trainare senza problemi i pi\u00f9 pesanti <b><span class=\"math-inline\" data-math=\"1000 Kg\">1000 Kg<\/span><\/b>\u00a0macchina mentre si innesta contemporaneamente il trasportatore a nastro azionato dalla presa di forza nel punto controllato <b>3-5 km\/h<\/b> velocit\u00e0 di lavoro. Questo margine di potenza garantisce che la rete continui a eliminare efficacemente il terreno, impedendo che si impantani in terreni appiccicosi <b>terreno di cotone nero<\/b>.<\/p>\n<h2><strong>L'imperativo commerciale: massimizzare il rendimento commerciabile<\/strong><\/h2>\n<p data-path-to-node=\"35\">L'AWB-1600 A \u00e8 la risorsa strategica definitiva per i coltivatori commerciali che cercano prestazioni prevedibili e una qualit\u00e0 superiore del raccolto, indipendentemente dalle condizioni del campo.<\/p>\n<h3><strong>Raccolta in tipi di terreno difficili<\/strong><\/h3>\n<p data-path-to-node=\"37\">La maggiore stabilit\u00e0 dell'AWB-1600 A lo rende la scelta preferita per la raccolta in terreni appiccicosi <b>terreno di cotone nero<\/b> (Maharashtra) e altamente abrasivo, denso <b>terra rossa<\/b> (Karnataka). La massa aggiunta garantisce che la punta di scavo penetri in modo uniforme laddove macchine pi\u00f9 leggere si limiterebbero a muoversi sulla superficie.<\/p>\n<h3><strong>Garanzia di uptime e perdite minime post-raccolto<\/strong><\/h3>\n<p data-path-to-node=\"39\">IL <b>AWB-1600 A<\/b>Il design robusto riduce al minimo i guasti meccanici e gli arresti operativi, garantendo il massimo tempo di attivit\u00e0 durante la finestra di raccolta cruciale, spesso breve. Il basso <b>danni ai tuberi<\/b> tasso assicura che quasi l'intero raccolto sia commercializzabile, riducendo le perdite post-raccolto e salvaguardando il rendimento del <b>Prezzo della macchina scavapatate in India<\/b>.<\/p>\n<h3><strong>Applicazioni nella produzione di tuberi di alto valore<\/strong><\/h3>\n<p data-path-to-node=\"41\">L'elevato recupero e il basso tasso di danneggiamento dell'AWB-1600 A lo rendono essenziale per i coltivatori specializzati in prodotti di alto valore come:<\/p>\n<ul data-path-to-node=\"42\">\n<li>\n<p data-path-to-node=\"42,0,0\"><b>Patate da seme:<\/b> Dove anche un piccolo danno alla pelle pu\u00f2 comprometterne la qualit\u00e0.<\/p>\n<\/li>\n<li>\n<p data-path-to-node=\"42,1,0\"><b>Lavorazione delle patate:<\/b> Che richiedono tuberi uniformi e senza danni per una lavorazione efficiente.<\/p>\n<\/li>\n<\/ul>\n<h2><strong>Esperienza dal vivo: prestazioni quantificate sul campo<\/strong><\/h2>\n<h2><strong><img decoding=\"async\" class=\"alignnone wp-image-342 size-large\" src=\"https:\/\/soil-stabilisor.com\/wp-content\/uploads\/2025\/11\/potato-digger-customer-feedback-1024x683.webp\" alt=\"feedback dei clienti dello scavapatate\" width=\"1024\" height=\"683\" srcset=\"https:\/\/soil-stabilisor.com\/wp-content\/uploads\/2025\/11\/potato-digger-customer-feedback-1024x683.webp 1024w, https:\/\/soil-stabilisor.com\/wp-content\/uploads\/2025\/11\/potato-digger-customer-feedback-300x200.webp 300w, https:\/\/soil-stabilisor.com\/wp-content\/uploads\/2025\/11\/potato-digger-customer-feedback-768x512.webp 768w, https:\/\/soil-stabilisor.com\/wp-content\/uploads\/2025\/11\/potato-digger-customer-feedback-1536x1024.webp 1536w, https:\/\/soil-stabilisor.com\/wp-content\/uploads\/2025\/11\/potato-digger-customer-feedback-2048x1365.webp 2048w, https:\/\/soil-stabilisor.com\/wp-content\/uploads\/2025\/11\/potato-digger-customer-feedback-18x12.webp 18w, https:\/\/soil-stabilisor.com\/wp-content\/uploads\/2025\/11\/potato-digger-customer-feedback-1080x720.webp 1080w, https:\/\/soil-stabilisor.com\/wp-content\/uploads\/2025\/11\/potato-digger-customer-feedback-1280x853.webp 1280w, https:\/\/soil-stabilisor.com\/wp-content\/uploads\/2025\/11\/potato-digger-customer-feedback-980x653.webp 980w, https:\/\/soil-stabilisor.com\/wp-content\/uploads\/2025\/11\/potato-digger-customer-feedback-480x320.webp 480w, https:\/\/soil-stabilisor.com\/wp-content\/uploads\/2025\/11\/potato-digger-customer-feedback-600x400.webp 600w\" sizes=\"(max-width: 1024px) 100vw, 1024px\" \/><\/strong><\/h2>\n<p data-path-to-node=\"45\">Forniamo dati quantificabili e report verificati dei clienti che dimostrano la stabilit\u00e0 e l'efficienza superiori dell'AWB-1600 A in condizioni difficili.<\/p>\n<h3><strong>Caso di studio del cliente 1: stabilizzazione della profondit\u00e0 nell'argilla appiccicosa (Maharashtra)<\/strong><\/h3>\n<blockquote data-path-to-node=\"48\">\n<p data-path-to-node=\"48,0\">Un produttore commerciale di patate nella regione del terreno di cotone nero di <b>Maharashtra<\/b> ha avuto problemi con i precedenti escavatori che perdevano profondit\u00e0 e si intasavano nel terreno appiccicoso.<\/p>\n<p data-path-to-node=\"48,1\"><b>La soluzione:<\/b> Passarono al pesante <b>AWB-1600 A<\/b> (<b>1000 Kg<\/b> massa) alimentata da un <b><span class=\"math-inline\" data-math=\"90 cv\">90 CV<\/span><\/b>\u00a0trattore.<\/p>\n<p data-path-to-node=\"48,2\"><b>Il risultato:<\/b> L'aggiunta <b><span class=\"math-inline\" data-math=\"200 Kg\">200 Kg<\/span><\/b>\u00a0di massa ha garantito che la quota di scavo mantenesse una profondit\u00e0 costante e riducesse significativamente l'intasamento del trasportatore a nastro. L'azienda agricola ha documentato un <b><span class=\"math-inline\" data-math=\"97\\%\">97%<\/span>\u00a0riduzione delle interruzioni legate al raccolto<\/b> e ha raggiunto un <b><span class=\"math-inline\" data-math=\"98\\%\">98%<\/span>\u00a0Tasso di recupero del tubero<\/b> con un minimo trascinamento del terreno, a dimostrazione del valore del modello di stabilit\u00e0 migliorata.<\/p>\n<\/blockquote>\n<h3><strong>Caso di studio del cliente 2: Durata e basso consumo di carburante (Andhra Pradesh)<\/strong><\/h3>\n<blockquote data-path-to-node=\"51\">\n<p data-path-to-node=\"51,0\">Un grande agricoltore in <b>Andhra Pradesh<\/b> era necessario un escavatore affidabile per operazioni continue in terreni rossi asciutti e abrasivi.<\/p>\n<p data-path-to-node=\"51,1\"><b>La soluzione:<\/b> Hanno utilizzato l'AWB-1600 A, sfruttando il telaio robusto e l'efficiente <b><span class=\"math-inline\" data-math=\"85 cv\">85 CV<\/span><\/b>\u00a0requisito minimo di potenza.<\/p>\n<p data-path-to-node=\"51,2\"><b>Il risultato:<\/b> L'agricoltore ha segnalato un valore misurabile <b><span class=\"math-inline\" data-math=\"12\\%\">12%<\/span>\u00a0risparmio di carburante<\/b> per ettaro rispetto ai macchinari pi\u00f9 vecchi e pesanti che richiedevano un input PTO maggiore. Il basso <b>danni ai tuberi<\/b> il tasso \u00e8 rimasto costantemente al di sotto <span class=\"math-inline\" data-math=\"1\\%\">1%<\/span>\u00a0durante tutta la raccolta, garantendo una resa commerciabile di alta qualit\u00e0. La macchina <b><span class=\"math-inline\" data-math=\"1000 Kg\">1000 Kg<\/span><\/b>\u00a0cornice mostrata <b>nessun segno di stress o affaticamento strutturale<\/b> dopo la stagione del raccolto.<\/p>\n<\/blockquote>\n<h2><strong>Profilo aziendale: il vantaggio di India Watanabe<\/strong><\/h2>\n<h2><strong><img decoding=\"async\" class=\"alignnone wp-image-199 size-full\" src=\"https:\/\/soil-stabilisor.com\/wp-content\/uploads\/2025\/11\/watanabe-factory.webp\" alt=\"fabbrica di frantoi Watanabe\" width=\"1920\" height=\"1280\" srcset=\"https:\/\/soil-stabilisor.com\/wp-content\/uploads\/2025\/11\/watanabe-factory.webp 1920w, https:\/\/soil-stabilisor.com\/wp-content\/uploads\/2025\/11\/watanabe-factory-300x200.webp 300w, https:\/\/soil-stabilisor.com\/wp-content\/uploads\/2025\/11\/watanabe-factory-1024x683.webp 1024w, https:\/\/soil-stabilisor.com\/wp-content\/uploads\/2025\/11\/watanabe-factory-768x512.webp 768w, https:\/\/soil-stabilisor.com\/wp-content\/uploads\/2025\/11\/watanabe-factory-1536x1024.webp 1536w, https:\/\/soil-stabilisor.com\/wp-content\/uploads\/2025\/11\/watanabe-factory-1080x720.webp 1080w, https:\/\/soil-stabilisor.com\/wp-content\/uploads\/2025\/11\/watanabe-factory-1280x853.webp 1280w, https:\/\/soil-stabilisor.com\/wp-content\/uploads\/2025\/11\/watanabe-factory-980x653.webp 980w, https:\/\/soil-stabilisor.com\/wp-content\/uploads\/2025\/11\/watanabe-factory-480x320.webp 480w, https:\/\/soil-stabilisor.com\/wp-content\/uploads\/2025\/11\/watanabe-factory-600x400.webp 600w\" sizes=\"(max-width: 1920px) 100vw, 1920px\" \/><\/strong><\/h2>\n<h3><strong>Il tuo produttore indiano di fiducia per macchinari per la lavorazione del terreno<\/strong><\/h3>\n<p data-path-to-node=\"55\"><b>India Watanabe Soil Stabilizer Co., Ltd.<\/b> \u00e8 un certificato <b>Produttore indiano<\/b> e la filiale regionale dedicata del gruppo Watanabe, riconosciuto a livello mondiale. La nostra missione principale \u00e8 fornire macchinari ad alta efficienza e durevoli, da strumenti di raccolta specializzati come <b>AWB-1600 A Scavapatate<\/b> per attrezzature pesanti come la <b>THOR Frantoio per pietre<\/b>\u2014 che affronta direttamente le sfide uniche poste dalla diversit\u00e0 dei terreni e delle esigenze agricole dell'India. Ci impegniamo a garantire semplicit\u00e0 meccanica, longevit\u00e0 e un supporto locale di qualit\u00e0 superiore.<\/p>\n<h3><strong>Un'eredit\u00e0 di eccellenza ingegneristica, radicata nel Gujarat<\/strong><\/h3>\n<p data-path-to-node=\"57\">La nostra sede operativa e la base di produzione dedicata sono strategicamente situate in <b>Ahmedabad (regione di Gandhinagar), Gujarat<\/b>Questa posizione centrale ci offre un vantaggio strategico, consentendoci di gestire in modo efficiente la logistica e di fornire un supporto tecnico rapido e reattivo, nonch\u00e9 la disponibilit\u00e0 di ricambi nei principali stati agricoli. Il nostro rispetto di rigorosi standard di qualit\u00e0 produttiva garantisce che ogni macchinario offra prestazioni prevedibili e durature e i costi di gestione a lungo termine pi\u00f9 bassi del settore.<\/p>\n<div style=\"text-align: center; margin: 40px 0;\"><iframe title=\" \" src=\"https:\/\/www.youtube.com\/embed\/-mmmCPJ11qY\" width=\"800\" height=\"450\" frameborder=\"0\" allowfullscreen=\"allowfullscreen\"><span data-mce-type=\"bookmark\" style=\"display: inline-block; width: 0px; overflow: hidden; line-height: 0;\" class=\"mce_SELRES_start\"><\/span><\/iframe><\/div>\n<h2><strong>Expert Knowledge Hub (FAQ e approfondimenti tecnici):<\/strong><\/h2>\n<h3><strong>Domande frequenti (FAQ) sullo scavapatate AWB-1600 A:<\/strong><\/h3>\n<ul data-path-to-node=\"61\">\n<li>\n<p data-path-to-node=\"61,0,0\"><b>D: Perch\u00e9 l'AWB-1600 A \u00e8 pi\u00f9 pesante del modello standard?<\/b><\/p>\n<ul data-path-to-node=\"61,0,1\">\n<li>\n<p data-path-to-node=\"61,0,1,0,0\"><b>UN:<\/b> L'aumento <b><span class=\"math-inline\" data-math=\"1000 Kg\">1000 Kg<\/span>\u00a0massa<\/b> garantisce una stabilit\u00e0 essenziale, smorza le vibrazioni e garantisce che la punta di scavo mantenga una profondit\u00e0 costante e un allineamento preciso su due file, aspetto particolarmente importante in condizioni di terreno duro, compatto o appiccicoso.<\/p>\n<\/li>\n<\/ul>\n<\/li>\n<li>\n<p data-path-to-node=\"61,1,0\"><b>D: Qual \u00e8 la potenza minima (HP) richiesta per l'AWB-1600 A?<\/b><\/p>\n<ul data-path-to-node=\"61,1,1\">\n<li>\n<p data-path-to-node=\"61,1,1,0,0\"><b>UN:<\/b> La macchina richiede una potenza minima del motore di <b><span class=\"math-inline\" data-math=\"85 cv\">85 CV<\/span>\u00a0(HP)<\/b>Questa maggiore potenza rispetto al modello base garantisce un peso maggiore <b><span class=\"math-inline\" data-math=\"1000 Kg\">1000 Kg<\/span><\/b>\u00a0la macchina pu\u00f2 essere tirata in modo efficiente al punto ottimale <b>3-5 km\/h<\/b> velocit\u00e0 di raccolta.<\/p>\n<\/li>\n<\/ul>\n<\/li>\n<li>\n<p data-path-to-node=\"61,2,0\"><b>D: L'AWB-1600 A \u00e8 pi\u00f9 adatto ai campi rocciosi?<\/b><\/p>\n<ul data-path-to-node=\"61,2,1\">\n<li>\n<p data-path-to-node=\"61,2,1,0,0\"><b>UN:<\/b> S\u00ec, la maggiore rigidit\u00e0 strutturale aiuta. Tuttavia, per i campi molto sassosi, la pre-pulizia con un <b>Raccoglitore di rocce CT-2100<\/b> \u00e8 sempre consigliabile proteggere i nastri trasportatori e massimizzare la velocit\u00e0 di raccolta.<\/p>\n<\/li>\n<\/ul>\n<\/li>\n<li>\n<p data-path-to-node=\"61,3,0\"><b>D: L'AWB-1600 A richiede un controllo idraulico?<\/b><\/p>\n<ul data-path-to-node=\"61,3,1\">\n<li>\n<p data-path-to-node=\"61,3,1,0,0\"><b>UN:<\/b> Mentre la base AWB-1600 utilizza una trasmissione PTO, la variante \"A\" spesso include controlli idraulici per la profondit\u00e0 o l'assistenza al sollevamento (a seconda della configurazione), utilizzando lo standard <b>Collegamento di categoria 2<\/b> e un elevato input di potenza.<\/p>\n<\/li>\n<\/ul>\n<\/li>\n<\/ul>\n<h3><strong>La fisica della stabilit\u00e0 migliorata: massa e quantit\u00e0 di moto<\/strong><\/h3>\n<p data-path-to-node=\"63\">L'AWB-1600 A sfrutta il principio della stabilit\u00e0 di massa. <b><span class=\"math-inline\" data-math=\"1000 Kg\">1000 Kg<\/span><\/b>\u00a0il peso assicura che lo slancio della macchina stabilizzi il processo di scavo. Quando si opera a <b>3-5 km\/h<\/b>, questa stabilit\u00e0 riduce al minimo il trasferimento dei carichi d'impatto (da zolle o rocce) al trattore, con conseguente sollevamento pi\u00f9 pulito, vibrazioni ridotte e, in definitiva, un tasso inferiore di <b>danni ai tuberi<\/b>.<\/p>\n<h2><strong>Soluzioni complementari per la produzione di patate:<\/strong><\/h2>\n<p data-path-to-node=\"66\">Per un sistema completo e ad alta efficienza, integra l'AWB-1600 A con l'intera gamma di macchinari per patate Watanabe.<\/p>\n<h3><strong>Preparazione del terreno prima del raccolto<\/strong><\/h3>\n<p><img decoding=\"async\" class=\"aligncenter wp-image-162 size-full\" src=\"https:\/\/soil-stabilisor.com\/wp-content\/uploads\/2025\/11\/stone-crusher-thor2.4.webp\" alt=\"frantoio per pietre thor2.4\" width=\"743\" height=\"418\" srcset=\"https:\/\/soil-stabilisor.com\/wp-content\/uploads\/2025\/11\/stone-crusher-thor2.4.webp 743w, https:\/\/soil-stabilisor.com\/wp-content\/uploads\/2025\/11\/stone-crusher-thor2.4-300x169.webp 300w, https:\/\/soil-stabilisor.com\/wp-content\/uploads\/2025\/11\/stone-crusher-thor2.4-480x270.webp 480w, https:\/\/soil-stabilisor.com\/wp-content\/uploads\/2025\/11\/stone-crusher-thor2.4-600x338.webp 600w\" sizes=\"(max-width: 743px) 100vw, 743px\" \/><\/p>\n<ul data-path-to-node=\"68\">\n<li>\n<p data-path-to-node=\"68,0,0\"><b>Piantapatate (serie PAI\/PANTHER):<\/b> (Link interno) La semina precisa garantisce una spaziatura uniforme delle file, fondamentale per la <b>AWB-1600 A<\/b> per raggiungere il massimo tasso di recupero.<\/p>\n<\/li>\n<li>\n<p data-path-to-node=\"68,1,0\"><b>Assolcatore per patate (serie R-380\/R-580):<\/b> (Link interno) La cresta coerente creata dal <b>Solcatore di patate<\/b> garantisce che la punta da scavo AWB-1600 A esegua tagli puliti e precisi.<\/p>\n<\/li>\n<li>\n<p data-path-to-node=\"68,2,0\"><b><a href=\"https:\/\/soil-stabilisor.com\/it\/prodotto\/thor-2-4-trituratore-frantoio-con-kit-timone\/\">Frantoio per pietre (serie THOR)<\/a> \/ Raccoglitore di rocce (CT-2100):<\/b> (Link interno) La pre-pulizia dei campi con attrezzature per la gestione delle pietre protegge i nastri trasportatori e garantisce una qualit\u00e0 ottimale dei tuberi.<\/p>\n<\/li>\n<\/ul>\n<h3><strong>Potenziamento della capacit\u00e0 di raccolta<\/strong><\/h3>\n<ul data-path-to-node=\"70\">\n<li>\n<p data-path-to-node=\"70,0,0\"><b>Raccoglitrice di patate (CWB-2L):<\/b> (Link interno) Per le operazioni che richiedono insacchettamento o carico alla rinfusa, il <b>Raccoglitrice di patate CWB-2L<\/b> \u00e8 il logico potenziamento della capacit\u00e0 di andanamento dell'AWB-1600 A.<\/p>\n<\/li>\n<\/ul>\n<h2><strong><b>Pronto a ottimizzare la tua azienda agricola? Contatta India Watanabe<\/b><\/strong><\/h2>\n<p>Ci impegniamo a essere il vostro partner affidabile per soluzioni di preparazione del terreno di alta qualit\u00e0 in tutto il subcontinente indiano.<\/p>\n<table border=\"1\">\n<tbody>\n<tr>\n<td><strong>Categoria di informazioni<\/strong><\/td>\n<td><strong>Dettaglio<\/strong><\/td>\n<\/tr>\n<tr>\n<td><strong><b>Produttore indiano<\/b><\/strong><\/td>\n<td>India Watanabe Soil Stabilizer Co., Ltd.<\/td>\n<\/tr>\n<tr>\n<td><strong><b>Indirizzo Linea 1<\/b><\/strong><\/td>\n<td>Lotto n. 405, Zona industriale GIDC<\/td>\n<\/tr>\n<tr>\n<td><strong><b>Indirizzo riga 2<\/b><\/strong><\/td>\n<td>Vicino al posto di controllo di Fase III, Vithalapur Road<\/td>\n<\/tr>\n<tr>\n<td><strong><b>Citt\u00e0, Stato, PIN<\/b><\/strong><\/td>\n<td>Ahmedabad (regione di Gandhinagar), Gujarat, 382150<\/td>\n<\/tr>\n<tr>\n<td><strong><b>Paese<\/b><\/strong><\/td>\n<td>India<\/td>\n<\/tr>\n<tr>\n<td><strong><b>Supporto tecnico<\/b><\/strong><\/td>\n<td><a href=\"mailto:sales@soil-stabilisor.com\">sales@soil-stabilisor.com<\/a><\/td>\n<\/tr>\n<\/tbody>\n<\/table>\n<h3 data-start=\"3775\" data-end=\"3803\"><strong data-start=\"3779\" data-end=\"3803\">Opzione preventivo immediato<\/strong><\/h3>\n<p data-start=\"3804\" data-end=\"3846\">Per garantire che gli acquirenti ricevano prezzi accurati: <a href=\"https:\/\/soil-stabilisor.com\/it\/contattaci\/\"><strong data-start=\"3873\" data-end=\"3904\">Ottieni un preventivo finale<\/strong><\/a><\/p>","protected":false},"excerpt":{"rendered":"<p>Lo scavapatate AWB-1600 A \u00e8 la soluzione potenziata e robusta a 2 file, che richiede 85 CV e opera a una velocit\u00e0 di 3-5 km\/h. Questo modello \u00e8 dotato di una stabilit\u00e0 migliorata di 1000 kg, garantendo una profondit\u00e0 di scavo costante e una velocit\u00e0 di recupero dei tuberi di 98% anche in campi compatti o irregolari. Prodotto da India Watanabe per una durata professionale e un'elevata resa commerciabile.<\/p>","protected":false},"featured_media":344,"comment_status":"open","ping_status":"closed","template":"","meta":{"_et_pb_use_builder":"","_et_pb_old_content":"","_et_gb_content_width":""},"product_brand":[],"product_cat":[27],"product_tag":[],"class_list":{"0":"post-343","1":"product","2":"type-product","3":"status-publish","4":"has-post-thumbnail","6":"product_cat-potato-digger","8":"first","9":"instock","10":"shipping-taxable","11":"product-type-simple"},"_links":{"self":[{"href":"https:\/\/soil-stabilisor.com\/it\/wp-json\/wp\/v2\/product\/343","targetHints":{"allow":["GET"]}}],"collection":[{"href":"https:\/\/soil-stabilisor.com\/it\/wp-json\/wp\/v2\/product"}],"about":[{"href":"https:\/\/soil-stabilisor.com\/it\/wp-json\/wp\/v2\/types\/product"}],"replies":[{"embeddable":true,"href":"https:\/\/soil-stabilisor.com\/it\/wp-json\/wp\/v2\/comments?post=343"}],"wp:featuredmedia":[{"embeddable":true,"href":"https:\/\/soil-stabilisor.com\/it\/wp-json\/wp\/v2\/media\/344"}],"wp:attachment":[{"href":"https:\/\/soil-stabilisor.com\/it\/wp-json\/wp\/v2\/media?parent=343"}],"wp:term":[{"taxonomy":"product_brand","embeddable":true,"href":"https:\/\/soil-stabilisor.com\/it\/wp-json\/wp\/v2\/product_brand?post=343"},{"taxonomy":"product_cat","embeddable":true,"href":"https:\/\/soil-stabilisor.com\/it\/wp-json\/wp\/v2\/product_cat?post=343"},{"taxonomy":"product_tag","embeddable":true,"href":"https:\/\/soil-stabilisor.com\/it\/wp-json\/wp\/v2\/product_tag?post=343"}],"curies":[{"name":"wp","href":"https:\/\/api.w.org\/{rel}","templated":true}]}}