{"id":266,"date":"2025-11-17T08:11:40","date_gmt":"2025-11-17T08:11:40","guid":{"rendered":"https:\/\/soil-stabilisor.com\/?post_type=product&#038;p=266"},"modified":"2025-11-17T08:39:05","modified_gmt":"2025-11-17T08:39:05","slug":"nuovo-rastrello-da-roccia-4000-2","status":"publish","type":"product","link":"https:\/\/soil-stabilisor.com\/it\/prodotto\/nuovo-rastrello-da-roccia-4000-2\/","title":{"rendered":"Rastrello per rocce EW-4000"},"content":{"rendered":"<h1 style=\"text-align: center;\" data-start=\"87\" data-end=\"164\"><strong data-start=\"92\" data-end=\"164\">Rastrello per rocce EW-4000<\/strong><\/h1>\n<h4 data-start=\"1440\" data-end=\"1511\"><img decoding=\"async\" class=\"aligncenter wp-image-172\" src=\"https:\/\/soil-stabilisor.com\/wp-content\/uploads\/2025\/11\/ew-4000-rocke-rake-1-300x300.webp\" alt=\"rastrello rocke ew-4000\" width=\"500\" height=\"501\" srcset=\"https:\/\/soil-stabilisor.com\/wp-content\/uploads\/2025\/11\/ew-4000-rocke-rake-1-300x300.webp 300w, https:\/\/soil-stabilisor.com\/wp-content\/uploads\/2025\/11\/ew-4000-rocke-rake-1-150x150.webp 150w, https:\/\/soil-stabilisor.com\/wp-content\/uploads\/2025\/11\/ew-4000-rocke-rake-1-480x481.webp 480w, https:\/\/soil-stabilisor.com\/wp-content\/uploads\/2025\/11\/ew-4000-rocke-rake-1-600x601.webp 600w, https:\/\/soil-stabilisor.com\/wp-content\/uploads\/2025\/11\/ew-4000-rocke-rake-1-100x100.webp 100w, https:\/\/soil-stabilisor.com\/wp-content\/uploads\/2025\/11\/ew-4000-rocke-rake-1.webp 741w\" sizes=\"(max-width: 500px) 100vw, 500px\" \/><\/h4>\n<p data-start=\"387\" data-end=\"712\">IL <strong data-start=\"391\" data-end=\"412\">Rastrello per rocce EW-4000<\/strong> da <strong data-start=\"418\" data-end=\"436\">India Watanabe<\/strong> \u00e8 la soluzione definitiva per la preparazione di terreni agricoli e edili. Che si tratti di gestire grandi campi agricoli, rimuovere detriti per lavori edili o preparare terreni rocciosi per la semina, l'EW-4000 garantisce precisione ed efficienza con il minimo disturbo al terreno.<\/p>\n<ul data-start=\"714\" data-end=\"1138\">\n<li data-start=\"714\" data-end=\"1138\">\n<p data-start=\"716\" data-end=\"733\"><strong data-start=\"716\" data-end=\"733\">Caratteristiche principali:<\/strong><\/p>\n<ul data-start=\"736\" data-end=\"1138\">\n<li data-start=\"736\" data-end=\"807\">\n<p data-start=\"738\" data-end=\"807\"><strong data-start=\"738\" data-end=\"759\">Design robusto<\/strong>: Costruito per resistere ad ambienti di lavoro difficili.<\/p>\n<\/li>\n<li data-start=\"810\" data-end=\"880\">\n<p data-start=\"812\" data-end=\"880\"><strong data-start=\"812\" data-end=\"834\">Ampia larghezza di lavoro<\/strong>: Area di sgombero di 3,6 m per massimizzare la produttivit\u00e0.<\/p>\n<\/li>\n<li data-start=\"883\" data-end=\"945\">\n<p data-start=\"885\" data-end=\"945\"><strong data-start=\"885\" data-end=\"908\">Sistema di denti durevole<\/strong>: Gestisce rocce fino a 300 mm di diametro.<\/p>\n<\/li>\n<li data-start=\"948\" data-end=\"1025\">\n<p data-start=\"950\" data-end=\"1025\"><strong data-start=\"950\" data-end=\"978\">Minima perturbazione del suolo<\/strong>: Preserva l'integrit\u00e0 del terreno, riduce la compattazione.<\/p>\n<\/li>\n<li data-start=\"1028\" data-end=\"1138\">\n<p data-start=\"1030\" data-end=\"1138\"><strong data-start=\"1030\" data-end=\"1064\">Adattabile alle condizioni indiane<\/strong>: Progettato per i tipi di terreno indiano pi\u00f9 difficili (basalto, alluvionale, laterite rossa).<\/p>\n<\/li>\n<\/ul>\n<\/li>\n<\/ul>\n<p data-start=\"1140\" data-end=\"1238\"><a href=\"https:\/\/soil-stabilisor.com\/it\/contattaci\/\"><strong data-start=\"1140\" data-end=\"1159\">Richiedi un preventivo<\/strong><\/a> O <strong data-start=\"1163\" data-end=\"1174\">Acquista ora<\/strong> per vedere la differenza che l'EW-4000 pu\u00f2 fare per le tue operazioni!<\/p>\n<p data-start=\"1339\" data-end=\"1885\">IL <strong data-start=\"1343\" data-end=\"1364\">Rastrello per rocce EW-4000<\/strong> \u00c8 progettato per affrontare le sfide della bonifica di terreni rocciosi per uso agricolo e edile. Che si tratti di gestire grandi aziende agricole nel Punjab, preparare terreni per siti industriali nel Tamil Nadu o ripulire vigneti nel Maharashtra, questo rastrello per rocce garantisce una bonifica rapida, efficiente e delicata. Progettato con un telaio robusto e antiruggine e una larghezza di lavoro di 3,6 metri, l'EW-4000 pu\u00f2 rimuovere facilmente rocce e detriti fino a 300 mm di diametro, lasciando il terreno intatto per condizioni agricole ottimali.<\/p>\n<p data-start=\"1887\" data-end=\"1920\"><strong data-start=\"1887\" data-end=\"1920\">Vantaggi per le tue operazioni:<\/strong><\/p>\n<ul data-start=\"1921\" data-end=\"2276\">\n<li data-start=\"1921\" data-end=\"2027\">\n<p data-start=\"1923\" data-end=\"2027\"><strong data-start=\"1923\" data-end=\"1950\">Ridotta compattazione del suolo<\/strong>: Mantenendo la struttura del terreno, si garantisce una crescita pi\u00f9 sana delle colture.<\/p>\n<\/li>\n<li data-start=\"2028\" data-end=\"2106\">\n<p data-start=\"2030\" data-end=\"2106\"><strong data-start=\"2030\" data-end=\"2048\">Conveniente<\/strong>: Bassi costi di manutenzione e tempi di fermo operativi ridotti.<\/p>\n<\/li>\n<li data-start=\"2107\" data-end=\"2200\">\n<p data-start=\"2109\" data-end=\"2200\"><strong data-start=\"2109\" data-end=\"2127\">Sgombero rapido<\/strong>: La velocit\u00e0 di funzionamento elevata di 3-5 km\/h aiuta a ripulire in modo efficiente vaste aree.<\/p>\n<\/li>\n<li data-start=\"2201\" data-end=\"2276\">\n<p data-start=\"2203\" data-end=\"2276\"><strong data-start=\"2203\" data-end=\"2217\">Durata<\/strong>: Costruito per affrontare i terreni pi\u00f9 difficili, con un'usura minima.<\/p>\n<\/li>\n<\/ul>\n<h3 data-start=\"2283\" data-end=\"2324\"><strong data-start=\"2287\" data-end=\"2324\">Perch\u00e9 scegliere il rastrello per rocce EW-4000?<\/strong><\/h3>\n<h4 data-start=\"2326\" data-end=\"2360\"><strong data-start=\"2331\" data-end=\"2358\">Costruzione pesante<\/strong><\/h4>\n<p data-start=\"2361\" data-end=\"2641\">L'EW-4000 \u00e8 costruito in acciaio di alta qualit\u00e0 e dotato di un sistema idraulico rinforzato, che garantisce prestazioni durature anche in caso di utilizzo intensivo. I bracci portadenti sono realizzati con materiali di alta qualit\u00e0 per una maggiore resistenza, rendendolo in grado di rimuovere facilmente pietre di tutte le dimensioni.<\/p>\n<h4 data-start=\"2643\" data-end=\"2688\"><strong data-start=\"2648\" data-end=\"2686\">Massima efficienza e versatilit\u00e0<\/strong><\/h4>\n<p data-start=\"2689\" data-end=\"2943\">Con una larghezza di lavoro di 3,6 m, l'EW-4000 consente di lavorare pi\u00f9 terreno in meno tempo. Che si tratti di terreni agricoli rocciosi, vigneti o cantieri edili, le caratteristiche di versatilit\u00e0 di questo rastrello lo rendono ideale per ogni tipo di attivit\u00e0 di sgombero.<\/p>\n<h4 data-start=\"2945\" data-end=\"2990\"><strong data-start=\"2950\" data-end=\"2988\">Ottimale per le condizioni del suolo indiano<\/strong><\/h4>\n<p data-start=\"2991\" data-end=\"3303\">L'EW-4000 \u00e8 specificamente progettato per gestire le tipologie di terreno uniche dell'India, come laterite, basalto e terreni alluvionali, comunemente presenti in regioni come Maharashtra, Punjab e Telangana. Le impostazioni regolabili del rastrello offrono la flessibilit\u00e0 necessaria per affrontare le diverse condizioni del terreno presenti in tutta l'India.<\/p>\n<h3 data-start=\"3310\" data-end=\"3343\"><strong data-start=\"3314\" data-end=\"3343\">Caratteristiche dettagliate del prodotto:<\/strong><\/h3>\n<div class=\"_tableContainer_1rjym_1\">\n<div class=\"group _tableWrapper_1rjym_13 flex w-fit flex-col-reverse\" tabindex=\"-1\">\n<table class=\"w-fit min-w-(--thread-content-width)\" border=\"1\" data-start=\"3345\" data-end=\"4226\">\n<thead data-start=\"3345\" data-end=\"3420\">\n<tr data-start=\"3345\" data-end=\"3420\">\n<th data-start=\"3345\" data-end=\"3377\" data-col-size=\"sm\"><strong data-start=\"3347\" data-end=\"3358\">Caratteristica<\/strong><\/th>\n<th data-start=\"3377\" data-end=\"3420\" data-col-size=\"md\"><strong data-start=\"3379\" data-end=\"3396\">Specifica<\/strong><\/th>\n<\/tr>\n<\/thead>\n<tbody data-start=\"3497\" data-end=\"4226\">\n<tr data-start=\"3497\" data-end=\"3579\">\n<td data-start=\"3497\" data-end=\"3530\" data-col-size=\"sm\"><strong data-start=\"3499\" data-end=\"3513\">Dimensioni<\/strong><\/td>\n<td data-col-size=\"md\" data-start=\"3530\" data-end=\"3579\">Lunghezza: 4550 mm, Larghezza: 2400 mm, Altezza: 1380 mm<\/td>\n<\/tr>\n<tr data-start=\"3580\" data-end=\"3656\">\n<td data-start=\"3580\" data-end=\"3613\" data-col-size=\"sm\"><strong data-start=\"3582\" data-end=\"3592\">Peso<\/strong><\/td>\n<td data-col-size=\"md\" data-start=\"3613\" data-end=\"3656\">1800 Kg<\/td>\n<\/tr>\n<tr data-start=\"3657\" data-end=\"3733\">\n<td data-start=\"3657\" data-end=\"3690\" data-col-size=\"sm\"><strong data-start=\"3659\" data-end=\"3676\">Larghezza di lavoro<\/strong><\/td>\n<td data-col-size=\"md\" data-start=\"3690\" data-end=\"3733\">3,6 metri<\/td>\n<\/tr>\n<tr data-start=\"3734\" data-end=\"3817\">\n<td data-start=\"3734\" data-end=\"3767\" data-col-size=\"sm\"><strong data-start=\"3736\" data-end=\"3760\">Requisiti del trattore<\/strong><\/td>\n<td data-col-size=\"md\" data-start=\"3767\" data-end=\"3817\">Potenza minima del motore 100 cv, portata dell'olio 60 L\/min<\/td>\n<\/tr>\n<tr data-start=\"3818\" data-end=\"3894\">\n<td data-start=\"3818\" data-end=\"3851\" data-col-size=\"sm\"><strong data-start=\"3820\" data-end=\"3838\">Valvole di controllo<\/strong><\/td>\n<td data-col-size=\"md\" data-start=\"3851\" data-end=\"3894\">2<\/td>\n<\/tr>\n<tr data-start=\"3895\" data-end=\"3976\">\n<td data-start=\"3895\" data-end=\"3928\" data-col-size=\"sm\"><strong data-start=\"3897\" data-end=\"3916\">Durata dei denti<\/strong><\/td>\n<td data-start=\"3928\" data-end=\"3976\" data-col-size=\"md\">In grado di gestire rocce fino a 300 mm di diametro<\/td>\n<\/tr>\n<tr data-start=\"3977\" data-end=\"4060\">\n<td data-start=\"3977\" data-end=\"4010\" data-col-size=\"sm\"><strong data-start=\"3979\" data-end=\"3999\">Sistema idraulico<\/strong><\/td>\n<td data-start=\"4010\" data-end=\"4060\" data-col-size=\"md\">Completamente regolabile per diverse condizioni del terreno<\/td>\n<\/tr>\n<tr data-start=\"4061\" data-end=\"4136\">\n<td data-start=\"4061\" data-end=\"4094\" data-col-size=\"sm\"><strong data-start=\"4063\" data-end=\"4075\">Garanzia<\/strong><\/td>\n<td data-start=\"4094\" data-end=\"4136\" data-col-size=\"md\">Garanzia del cambio di 2 anni<\/td>\n<\/tr>\n<tr data-start=\"4137\" data-end=\"4226\">\n<td data-start=\"4137\" data-end=\"4170\" data-col-size=\"sm\"><strong data-start=\"4139\" data-end=\"4154\">Pezzi di ricambio<\/strong><\/td>\n<td data-start=\"4170\" data-end=\"4226\" data-col-size=\"md\">Disponibile tramite la rete di assistenza locale in tutta l'India<\/td>\n<\/tr>\n<\/tbody>\n<\/table>\n<\/div>\n<\/div>\n<h3 data-start=\"4233\" data-end=\"4273\"><strong data-start=\"4237\" data-end=\"4273\">Come funziona: scenari di casi d'uso?<\/strong><\/h3>\n<h4 data-start=\"4275\" data-end=\"4306\"><strong data-start=\"4280\" data-end=\"4306\">Come funziona l'EW-4000:<\/strong><\/h4>\n<p data-start=\"4308\" data-end=\"4640\">Il rastrello per rocce EW-4000 funziona utilizzando robusti denti in acciaio per rastrellare il terreno, sollevando rocce e detriti senza alterarne l'integrit\u00e0. Il suo sistema idraulico \u00e8 regolabile per adattarsi a diversi tipi di terreno, dai terreni rocciosi ai campi agricoli. Il suo design di precisione riduce al minimo l'alterazione del terreno, preservandone la salute.<\/p>\n<ul data-start=\"4642\" data-end=\"4984\">\n<li data-start=\"4642\" data-end=\"4723\">\n<p data-start=\"4644\" data-end=\"4723\"><strong data-start=\"4644\" data-end=\"4654\">Fase 1<\/strong>: Collegare il rastrello al trattore utilizzando il sistema di collegamento di Categoria 2.<\/p>\n<\/li>\n<li data-start=\"4724\" data-end=\"4814\">\n<p data-start=\"4726\" data-end=\"4814\"><strong data-start=\"4726\" data-end=\"4736\">Fase 2<\/strong>: Adattare il sistema idraulico in base al tipo di terreno (ad esempio, basalto, alluvionale).<\/p>\n<\/li>\n<li data-start=\"4815\" data-end=\"4883\">\n<p data-start=\"4817\" data-end=\"4883\"><strong data-start=\"4817\" data-end=\"4827\">Fase 3<\/strong>: Per una pulizia efficiente, operare a una velocit\u00e0 di 3-5 km\/h.<\/p>\n<\/li>\n<li data-start=\"4884\" data-end=\"4984\">\n<p data-start=\"4886\" data-end=\"4984\"><strong data-start=\"4886\" data-end=\"4896\">Fase 4<\/strong>: Controllare periodicamente l'usura dei rebbi e del sistema idraulico per ottenere prestazioni ottimali.<\/p>\n<\/li>\n<\/ul>\n<h3 data-start=\"4991\" data-end=\"5020\"><strong data-start=\"4995\" data-end=\"5020\">Testimonianze dei clienti<\/strong><\/h3>\n<h4 data-start=\"5022\" data-end=\"5054\"><strong data-start=\"5027\" data-end=\"5054\">Cosa dicono i nostri clienti:<\/strong><\/h4>\n<p data-start=\"5056\" data-end=\"5366\"><em data-start=\"5056\" data-end=\"5309\">\"L'EW-4000 ci ha fatto risparmiare un'enorme quantit\u00e0 di tempo durante la stagione di rimozione delle pietre. Abbiamo completato un vigneto di 50 ettari in sole due settimane, riducendo i costi di manodopera di 70%. Il rastrello ha svolto un lavoro eccellente nel preservare la salute del terreno rimuovendo al contempo le pietre di grandi dimensioni!\"<\/em><br data-start=\"5309\" data-end=\"5312\" \/>\u2013 <strong data-start=\"5314\" data-end=\"5329\">Priya Singh<\/strong>, Proprietario di un vigneto, Nashik, Maharashtra<\/p>\n<p data-start=\"5368\" data-end=\"5664\"><em data-start=\"5368\" data-end=\"5602\">\"Abbiamo utilizzato l'EW-4000 per preparare il nostro cantiere nel Tamil Nadu. La macchina \u00e8 riuscita a movimentare rocce incastrate senza compromettere l'integrit\u00e0 del terreno. Ci ha fatto risparmiare davvero tempo e ha superato le nostre aspettative in termini di prestazioni.\"<\/em><br data-start=\"5602\" data-end=\"5605\" \/>\u2013 <strong data-start=\"5607\" data-end=\"5621\">Arun Kumar<\/strong>, Responsabile dei lavori, Chennai, Tamil Nadu<\/p>\n<h3 data-start=\"5671\" data-end=\"5713\"><strong data-start=\"5675\" data-end=\"5713\">Certificazioni e garanzia della qualit\u00e0<\/strong><\/h3>\n<p data-start=\"5715\" data-end=\"6023\">IL <strong data-start=\"5719\" data-end=\"5740\">Rastrello per rocce EW-4000<\/strong> \u00e8 prodotto secondo rigorosi controlli di qualit\u00e0 presso il nostro stabilimento certificato ISO 9001:2015 in Gujarat, India. Ogni unit\u00e0 \u00e8 sottoposta a test non distruttivi completi (NDT) delle saldature strutturali e viene ispezionata per verificarne l'usura. Il riduttore \u00e8 conforme alle normative CE, garantendo sicurezza e affidabilit\u00e0.<\/p>\n<ul data-start=\"6024\" data-end=\"6169\">\n<li data-start=\"6024\" data-end=\"6055\">\n<p data-start=\"6026\" data-end=\"6055\"><strong data-start=\"6026\" data-end=\"6053\">Garanzia del cambio di 2 anni<\/strong><\/p>\n<\/li>\n<li data-start=\"6056\" data-end=\"6096\">\n<p data-start=\"6058\" data-end=\"6096\"><strong data-start=\"6058\" data-end=\"6094\">Produzione certificata ISO 9001<\/strong><\/p>\n<\/li>\n<li data-start=\"6097\" data-end=\"6133\">\n<p data-start=\"6099\" data-end=\"6133\"><strong data-start=\"6099\" data-end=\"6131\">NDT testato per la resistenza della saldatura<\/strong><\/p>\n<\/li>\n<li data-start=\"6134\" data-end=\"6169\">\n<p data-start=\"6136\" data-end=\"6169\"><strong data-start=\"6136\" data-end=\"6169\">Conforme agli standard di sicurezza CE<\/strong><\/p>\n<\/li>\n<\/ul>\n<h3 data-start=\"6176\" data-end=\"6206\"><strong data-start=\"6180\" data-end=\"6206\">Garanzia e pezzi di ricambio<\/strong><\/h3>\n<p data-start=\"6208\" data-end=\"6455\">L'EW-4000 \u00e8 dotato di un <strong data-start=\"6233\" data-end=\"6260\">Garanzia del cambio di 2 anni<\/strong> e supporto a vita per la sostituzione dei pezzi. La nostra ampia rete di concessionari in tutta l'India garantisce la disponibilit\u00e0 dei pezzi di ricambio entro 7 giorni, riducendo al minimo i tempi di fermo e garantendo un funzionamento continuo.<\/p>\n<ul data-start=\"6457\" data-end=\"6588\">\n<li data-start=\"6457\" data-end=\"6499\">\n<p data-start=\"6459\" data-end=\"6499\"><strong data-start=\"6459\" data-end=\"6497\">Pezzi di ricambio disponibili in tutta l'India<\/strong><\/p>\n<\/li>\n<li data-start=\"6500\" data-end=\"6536\">\n<p data-start=\"6502\" data-end=\"6536\"><strong data-start=\"6502\" data-end=\"6534\">Consegna rapida entro 7 giorni<\/strong><\/p>\n<\/li>\n<li data-start=\"6537\" data-end=\"6588\">\n<p data-start=\"6539\" data-end=\"6588\"><strong data-start=\"6539\" data-end=\"6588\">Centri di assistenza locali per la manutenzione ordinaria<\/strong><\/p>\n<\/li>\n<\/ul>\n<h3 data-start=\"6595\" data-end=\"6636\"><strong data-start=\"6599\" data-end=\"6636\">Domande frequenti (FAQ)<\/strong><\/h3>\n<p data-start=\"6638\" data-end=\"6863\"><strong data-start=\"6638\" data-end=\"6687\">D: Che tipo di rocce pu\u00f2 gestire l'EW-4000?<\/strong><br data-start=\"6687\" data-end=\"6690\" \/><strong data-start=\"6690\" data-end=\"6696\">UN:<\/strong> L'EW-4000 \u00e8 progettato per gestire rocce fino a 300 mm di diametro. Per rocce pi\u00f9 grandi, l' <strong data-start=\"6784\" data-end=\"6797\">EW-4000 T<\/strong> Si consiglia il modello che presenta regolazioni dell'altezza migliorate.<\/p>\n<p data-start=\"6865\" data-end=\"7127\"><strong data-start=\"6865\" data-end=\"6919\">D: Quali trattori sono compatibili con l'EW-4000?<\/strong><br data-start=\"6919\" data-end=\"6922\" \/><strong data-start=\"6922\" data-end=\"6928\">UN:<\/strong> L'EW-4000 \u00e8 compatibile con trattori con una potenza minima del motore di 100 CV e una portata dell'olio di 60 L\/min. Utilizza un sistema di collegamento di Categoria 2, compatibile con i principali marchi di trattori in India.<\/p>\n<p data-start=\"7129\" data-end=\"7387\"><strong data-start=\"7129\" data-end=\"7180\">D: Con quale frequenza \u00e8 necessaria la manutenzione dell'EW-4000?<\/strong><br data-start=\"7180\" data-end=\"7183\" \/><strong data-start=\"7183\" data-end=\"7189\">UN:<\/strong> Si consiglia di controllare i denti e il sistema idraulico ogni 200 ore di utilizzo. La manutenzione regolare pu\u00f2 essere eseguita presso i nostri centri di assistenza locali per garantire che il rastrello continui a funzionare al meglio.<\/p>\n<h3 data-start=\"7394\" data-end=\"7453\"><strong data-start=\"7398\" data-end=\"7453\">Chi siamo \u2013 India Watanabe Soil Stabilizer Co., Ltd.<\/strong><\/h3>\n<h3 data-start=\"7394\" data-end=\"7453\"><strong data-start=\"7398\" data-end=\"7453\"><img decoding=\"async\" class=\"alignnone wp-image-199 size-full\" src=\"https:\/\/soil-stabilisor.com\/wp-content\/uploads\/2025\/11\/watanabe-factory.webp\" alt=\"fabbrica Watanabe\" width=\"1920\" height=\"1280\" srcset=\"https:\/\/soil-stabilisor.com\/wp-content\/uploads\/2025\/11\/watanabe-factory.webp 1920w, https:\/\/soil-stabilisor.com\/wp-content\/uploads\/2025\/11\/watanabe-factory-300x200.webp 300w, https:\/\/soil-stabilisor.com\/wp-content\/uploads\/2025\/11\/watanabe-factory-1024x683.webp 1024w, https:\/\/soil-stabilisor.com\/wp-content\/uploads\/2025\/11\/watanabe-factory-768x512.webp 768w, https:\/\/soil-stabilisor.com\/wp-content\/uploads\/2025\/11\/watanabe-factory-1536x1024.webp 1536w, https:\/\/soil-stabilisor.com\/wp-content\/uploads\/2025\/11\/watanabe-factory-1080x720.webp 1080w, https:\/\/soil-stabilisor.com\/wp-content\/uploads\/2025\/11\/watanabe-factory-1280x853.webp 1280w, https:\/\/soil-stabilisor.com\/wp-content\/uploads\/2025\/11\/watanabe-factory-980x653.webp 980w, https:\/\/soil-stabilisor.com\/wp-content\/uploads\/2025\/11\/watanabe-factory-480x320.webp 480w, https:\/\/soil-stabilisor.com\/wp-content\/uploads\/2025\/11\/watanabe-factory-600x400.webp 600w\" sizes=\"(max-width: 1920px) 100vw, 1920px\" \/><\/strong><\/h3>\n<p data-start=\"7455\" data-end=\"7788\">A <strong data-start=\"7458\" data-end=\"7502\">India Watanabe Soil Stabilizer Co., Ltd.<\/strong>, siamo specializzati nella fornitura di macchinari agricoli di alta qualit\u00e0 progettati specificamente per il mercato indiano. Come filiale della rinomata <strong data-start=\"7644\" data-end=\"7662\">Gruppo Watanabe<\/strong>, uniamo competenze internazionali e conoscenze locali per offrire macchine che migliorano la produttivit\u00e0 e mantengono la salute del suolo.<\/p>\n<p data-start=\"7790\" data-end=\"8038\"><strong data-start=\"7790\" data-end=\"7805\">La nostra missione<\/strong> \u00e8 quello di fornire macchinari affidabili ed efficienti che supportino pratiche agricole e di costruzione sostenibili. Da <strong data-start=\"7920\" data-end=\"7940\">stabilizzatori del terreno<\/strong> A <strong data-start=\"7944\" data-end=\"7961\">frantoi per rocce<\/strong>, i nostri prodotti sono progettati per affrontare le sfide pi\u00f9 difficili sul suolo indiano.<\/p>\n<h3 data-start=\"8045\" data-end=\"8069\"><strong data-start=\"8049\" data-end=\"8069\">Prodotti correlati<\/strong><\/h3>\n<ul data-start=\"8071\" data-end=\"8307\">\n<li data-start=\"8071\" data-end=\"8155\">\n<p data-start=\"8073\" data-end=\"8155\"><strong data-start=\"8073\" data-end=\"8100\">Stabilizzatore del terreno EW-3000<\/strong>: Perfetto per migliorare la struttura del terreno prima della semina.<\/p>\n<\/li>\n<li data-start=\"8156\" data-end=\"8236\">\n<p data-start=\"8158\" data-end=\"8236\"><strong data-start=\"8158\" data-end=\"8182\">Frantoio per pietre MC-500<\/strong>: Frantuma efficacemente le pietre facilitando la bonifica del terreno.<\/p>\n<\/li>\n<li data-start=\"8237\" data-end=\"8307\">\n<p data-start=\"8239\" data-end=\"8307\"><strong data-start=\"8239\" data-end=\"8269\">Coltivatore rotativo PSW-3200<\/strong>: Ideale per la lavorazione del terreno e l'aerazione del terreno.<\/p>\n<\/li>\n<\/ul>\n<h3 data-start=\"8314\" data-end=\"8332\"><strong data-start=\"8318\" data-end=\"8332\">Contattaci<\/strong><\/h3>\n<p data-start=\"8334\" data-end=\"8424\">Per maggiori informazioni o per richiedere un preventivo, contattateci tramite i seguenti metodi:<\/p>\n<ul data-start=\"8426\" data-end=\"8630\">\n<li data-start=\"8426\" data-end=\"8461\">\n<p data-start=\"8428\" data-end=\"8461\"><strong data-start=\"8428\" data-end=\"8437\">E-mail<\/strong>: <a href=\"mailto:sales@soil-stabilisor.com\">sales@soil-stabilisor.com<\/a><\/p>\n<\/li>\n<li data-start=\"8496\" data-end=\"8630\">\n<p data-start=\"8498\" data-end=\"8630\"><strong data-start=\"8498\" data-end=\"8509\">Indirizzo<\/strong>: India Watanabe Soil Stabilizer Co., Ltd., Blocco No.3,4 e 5, Udyog Bhavan, GH Rd, Settore 11, Gandhinagar, Gujarat, India<\/p>\n<\/li>\n<\/ul>\n<h3 data-start=\"8637\" data-end=\"8666\"><strong data-start=\"8641\" data-end=\"8666\">Richiedi un preventivo oggi<\/strong><\/h3>\n<p data-start=\"8668\" data-end=\"8799\">Fai il primo passo verso una bonifica del territorio pi\u00f9 efficiente con <strong data-start=\"8733\" data-end=\"8754\">Rastrello per rocce EW-4000<\/strong>. <a href=\"https:\/\/soil-stabilisor.com\/it\/contattaci\/\">Contattaci<\/a> ora per ottenere un preventivo personalizzato!<\/p>","protected":false},"excerpt":{"rendered":"<p>IL <strong data-start=\"170\" data-end=\"191\">Rastrello per rocce EW-4000<\/strong> Progettato per la massima produttivit\u00e0 nelle operazioni agricole e di edilizia. Che si tratti di preparare il terreno per l'agricoltura, rimuovere detriti per l'edilizia o rimuovere pietre da frutteti e vigneti, questo rastrello per rocce offre risultati eccezionali, garantendo il minimo impatto sul terreno e affrontando anche i terreni pi\u00f9 difficili.<\/p>\n<ul data-start=\"975\" data-end=\"1318\">\n<li data-start=\"975\" data-end=\"1040\">\n<p data-start=\"977\" data-end=\"1040\"><strong data-start=\"977\" data-end=\"991\">Dimensioni<\/strong>: Lunghezza: 4550 mm, Larghezza: 2400 mm, Altezza: 1380 mm<\/p>\n<\/li>\n<li data-start=\"1041\" data-end=\"1064\">\n<p data-start=\"1043\" data-end=\"1064\"><strong data-start=\"1043\" data-end=\"1053\">Peso<\/strong>: 1800 Kg<\/p>\n<\/li>\n<li data-start=\"1065\" data-end=\"1092\">\n<p data-start=\"1067\" data-end=\"1092\"><strong data-start=\"1067\" data-end=\"1084\">Larghezza di lavoro<\/strong>: 3,6 m<\/p>\n<\/li>\n<li data-start=\"1093\" data-end=\"1129\">\n<p data-start=\"1095\" data-end=\"1129\"><strong data-start=\"1095\" data-end=\"1111\">Potenza del motore<\/strong>: Minimo 100 cv<\/p>\n<\/li>\n<li data-start=\"1130\" data-end=\"1236\">\n<p data-start=\"1132\" data-end=\"1236\"><strong data-start=\"1132\" data-end=\"1156\">Requisiti del trattore<\/strong>: Compatibile con trattori che richiedono un minimo di 100 CV e una portata d'olio di 60 L\/min<\/p>\n<\/li>\n<li data-start=\"1237\" data-end=\"1268\">\n<p data-start=\"1239\" data-end=\"1268\"><strong data-start=\"1239\" data-end=\"1256\">Velocit\u00e0 di lavoro<\/strong>: 3-5 Km\/h<\/p>\n<\/li>\n<li data-start=\"1269\" data-end=\"1318\">\n<p data-start=\"1271\" data-end=\"1318\"><strong data-start=\"1271\" data-end=\"1289\">Valvole di controllo<\/strong>: Richiede 2 valvole di controllo<\/p>\n<\/li>\n<\/ul>","protected":false},"featured_media":172,"comment_status":"open","ping_status":"closed","template":"","meta":{"_et_pb_use_builder":"","_et_pb_old_content":"","_et_gb_content_width":""},"product_brand":[],"product_cat":[19],"product_tag":[],"class_list":{"0":"post-266","1":"product","2":"type-product","3":"status-publish","4":"has-post-thumbnail","6":"product_cat-rock-rake","8":"first","9":"instock","10":"shipping-taxable","11":"product-type-simple"},"_links":{"self":[{"href":"https:\/\/soil-stabilisor.com\/it\/wp-json\/wp\/v2\/product\/266","targetHints":{"allow":["GET"]}}],"collection":[{"href":"https:\/\/soil-stabilisor.com\/it\/wp-json\/wp\/v2\/product"}],"about":[{"href":"https:\/\/soil-stabilisor.com\/it\/wp-json\/wp\/v2\/types\/product"}],"replies":[{"embeddable":true,"href":"https:\/\/soil-stabilisor.com\/it\/wp-json\/wp\/v2\/comments?post=266"}],"wp:featuredmedia":[{"embeddable":true,"href":"https:\/\/soil-stabilisor.com\/it\/wp-json\/wp\/v2\/media\/172"}],"wp:attachment":[{"href":"https:\/\/soil-stabilisor.com\/it\/wp-json\/wp\/v2\/media?parent=266"}],"wp:term":[{"taxonomy":"product_brand","embeddable":true,"href":"https:\/\/soil-stabilisor.com\/it\/wp-json\/wp\/v2\/product_brand?post=266"},{"taxonomy":"product_cat","embeddable":true,"href":"https:\/\/soil-stabilisor.com\/it\/wp-json\/wp\/v2\/product_cat?post=266"},{"taxonomy":"product_tag","embeddable":true,"href":"https:\/\/soil-stabilisor.com\/it\/wp-json\/wp\/v2\/product_tag?post=266"}],"curies":[{"name":"wp","href":"https:\/\/api.w.org\/{rel}","templated":true}]}}