{"id":322,"date":"2025-11-25T07:49:12","date_gmt":"2025-11-25T07:49:12","guid":{"rendered":"https:\/\/soil-stabilisor.com\/?post_type=product&#038;p=322"},"modified":"2025-11-27T08:20:40","modified_gmt":"2025-11-27T08:20:40","slug":"sembradora-de-patatas-de-2-hileras-pai-2100","status":"publish","type":"product","link":"https:\/\/soil-stabilisor.com\/es\/producto\/sembradora-de-patatas-de-2-hileras-pai-2100\/","title":{"rendered":"Sembradora de patatas de 2 hileras PAI-2100"},"content":{"rendered":"<h1 style=\"text-align: center;\" data-path-to-node=\"11\"><strong>Sembradora de patatas de 2 hileras PAI-2100<\/strong><\/h1>\n<p data-path-to-node=\"12\">\u00a0 <img decoding=\"async\" class=\"aligncenter wp-image-323\" src=\"https:\/\/soil-stabilisor.com\/wp-content\/uploads\/2025\/11\/pai-2100-2-rows-potato-planter-2-300x300.webp\" alt=\"Sembradora de patatas de 2 hileras PAI-2100\" width=\"500\" height=\"500\" srcset=\"https:\/\/soil-stabilisor.com\/wp-content\/uploads\/2025\/11\/pai-2100-2-rows-potato-planter-2-300x300.webp 300w, https:\/\/soil-stabilisor.com\/wp-content\/uploads\/2025\/11\/pai-2100-2-rows-potato-planter-2-150x150.webp 150w, https:\/\/soil-stabilisor.com\/wp-content\/uploads\/2025\/11\/pai-2100-2-rows-potato-planter-2-12x12.webp 12w, https:\/\/soil-stabilisor.com\/wp-content\/uploads\/2025\/11\/pai-2100-2-rows-potato-planter-2-480x480.webp 480w, https:\/\/soil-stabilisor.com\/wp-content\/uploads\/2025\/11\/pai-2100-2-rows-potato-planter-2-100x100.webp 100w, https:\/\/soil-stabilisor.com\/wp-content\/uploads\/2025\/11\/pai-2100-2-rows-potato-planter-2.webp 514w\" sizes=\"(max-width: 500px) 100vw, 500px\" \/><\/p>\n<p>&nbsp;<\/p>\n<p data-path-to-node=\"14\">Bienvenido a <b>India Watanabe Estabilizador de suelos Co., Ltd.<\/b>, tu certificado <b>Fabricante de la India<\/b> y especialista de primer nivel en alta precisi\u00f3n <b>M\u00e1quina sembradora de patatas<\/b> equipo. El <b>Sembradora de patatas de 2 hileras PAI-2100<\/b> es una soluci\u00f3n avanzada 3 en 1, dise\u00f1ada por expertos para realizar tareas simult\u00e1neas <b>plantaci\u00f3n, fertilizaci\u00f3n y control de plagas<\/b>Utilizando un sistema altamente eficiente <b>85 CV<\/b> Entrada de potencia m\u00ednima y dise\u00f1ado con un equilibrio <b>860 kg de peso vac\u00edo<\/b>El PAI-2100 garantiza un espaciamiento y una profundidad de siembra uniformes en dos hileras. Esta operaci\u00f3n integrada minimiza las pasadas por campo, reduce dr\u00e1sticamente los costos operativos y garantiza la salud fundamental de las plantas desde el momento de la siembra en las principales regiones productoras de papa de la India.<\/p>\n<h2><strong>Especificaciones t\u00e9cnicas de la sembradora de patatas de 2 hileras PAI-2100:<\/strong><\/h2>\n<p data-path-to-node=\"19\">El PAI-2100 est\u00e1 dise\u00f1ado para lograr alta precisi\u00f3n, integraci\u00f3n y utilizaci\u00f3n econ\u00f3mica de energ\u00eda.<\/p>\n<table border=\"1\" data-path-to-node=\"20\">\n<thead>\n<tr>\n<td><strong>Especificaci\u00f3n<\/strong><\/td>\n<td><strong>Valor (PAI-2100)<\/strong><\/td>\n<td><strong>Unidad<\/strong><\/td>\n<td><strong>Importancia en la India<\/strong><\/td>\n<\/tr>\n<\/thead>\n<tbody>\n<tr>\n<td><span data-path-to-node=\"20,1,0,0\"><b>Modelo<\/b><\/span><\/td>\n<td><span data-path-to-node=\"20,1,1,0\">PAI-2100 (Sembradora de patatas)<\/span><\/td>\n<td><span data-path-to-node=\"20,1,2,0\">&#8211;<\/span><\/td>\n<td><span data-path-to-node=\"20,1,3,0\">Aplicador de precisi\u00f3n est\u00e1ndar de 2 filas.<\/span><\/td>\n<\/tr>\n<tr>\n<td><span data-path-to-node=\"20,2,0,0\"><b>Peso vac\u00edo<\/b><\/span><\/td>\n<td><span data-path-to-node=\"20,2,1,0\">860<\/span><\/td>\n<td><span data-path-to-node=\"20,2,2,0\">Kg<\/span><\/td>\n<td><span data-path-to-node=\"20,2,3,0\"><b>Estabilidad:<\/b> Garantiza una profundidad de siembra uniforme y minimiza los rebotes.<\/span><\/td>\n<\/tr>\n<tr>\n<td><span data-path-to-node=\"20,3,0,0\"><b>Potencia m\u00ednima del motor<\/b><\/span><\/td>\n<td><span data-path-to-node=\"20,3,1,0\">85<\/span><\/td>\n<td><span data-path-to-node=\"20,3,2,0\">CV (HP)<\/span><\/td>\n<td><span data-path-to-node=\"20,3,3,0\"><b>Poder econ\u00f3mico:<\/b> Ideal para tractores de tama\u00f1o mediano, maximizando la eficiencia del combustible.<\/span><\/td>\n<\/tr>\n<tr>\n<td><span data-path-to-node=\"20,4,0,0\"><b>Filas de n\u00fameros<\/b><\/span><\/td>\n<td><span data-path-to-node=\"20,4,1,0\">2<\/span><\/td>\n<td><span data-path-to-node=\"20,4,2,0\">&#8211;<\/span><\/td>\n<td><span data-path-to-node=\"20,4,3,0\">Capacidad enfocada a la mecanizaci\u00f3n de peque\u00f1a y mediana escala.<\/span><\/td>\n<\/tr>\n<tr>\n<td><span data-path-to-node=\"20,5,0,0\"><b>Capacidad del dep\u00f3sito de semillas<\/b><\/span><\/td>\n<td><span data-path-to-node=\"20,5,1,0\">350<\/span><\/td>\n<td><span data-path-to-node=\"20,5,2,0\">Kg<\/span><\/td>\n<td><span data-path-to-node=\"20,5,3,0\">Gran capacidad minimiza las paradas de recarga.<\/span><\/td>\n<\/tr>\n<tr>\n<td><span data-path-to-node=\"20,6,0,0\"><b>Capacidad de fertilizantes<\/b><\/span><\/td>\n<td><span data-path-to-node=\"20,6,1,0\">200<\/span><\/td>\n<td><span data-path-to-node=\"20,6,2,0\">Kg<\/span><\/td>\n<td><span data-path-to-node=\"20,6,3,0\">Capacidad integrada para una aplicaci\u00f3n basal \u00f3ptima.<\/span><\/td>\n<\/tr>\n<tr>\n<td><span data-path-to-node=\"20,7,0,0\"><b>Insecticida de tanque (opcional)<\/b><\/span><\/td>\n<td><span data-path-to-node=\"20,7,1,0\">200 \/ 300<\/span><\/td>\n<td><span data-path-to-node=\"20,7,2,0\">L<\/span><\/td>\n<td><span data-path-to-node=\"20,7,3,0\">Esencial para el manejo temprano de plagas y enfermedades.<\/span><\/td>\n<\/tr>\n<tr>\n<td><span data-path-to-node=\"20,8,0,0\"><b>Velocidad de trabajo<\/b><\/span><\/td>\n<td><span data-path-to-node=\"20,8,1,0\">3-5<\/span><\/td>\n<td><span data-path-to-node=\"20,8,2,0\">km\/h<\/span><\/td>\n<td><span data-path-to-node=\"20,8,3,0\"><b>Exactitud:<\/b> Velocidad \u00f3ptima para un espaciado uniforme y un funcionamiento suave.<\/span><\/td>\n<\/tr>\n<tr>\n<td><span data-path-to-node=\"20,9,0,0\"><b>Categor\u00eda de vinculaci\u00f3n<\/b><\/span><\/td>\n<td><span data-path-to-node=\"20,9,1,0\">2<\/span><\/td>\n<td><span data-path-to-node=\"20,9,2,0\">&#8211;<\/span><\/td>\n<td><span data-path-to-node=\"20,9,3,0\">Conexi\u00f3n robusta est\u00e1ndar.<\/span><\/td>\n<\/tr>\n<\/tbody>\n<\/table>\n<h2><strong>Siembra de precisi\u00f3n: la ventaja integrada 3 en 1<\/strong><\/h2>\n<p data-path-to-node=\"23\">El PAI-2100 logra una sinergia cr\u00edtica al combinar tres funciones complejas en una sola pasada, que es la piedra angular del cultivo rentable de la papa.<\/p>\n<h3><strong>Sistema Integrado de Control de Plagas y Nutrientes<\/strong><\/h3>\n<p data-path-to-node=\"25\">El PAI-2100 realiza simult\u00e1neamente:<\/p>\n<ol start=\"1\" data-path-to-node=\"26\">\n<li>\n<p data-path-to-node=\"26,0,0\"><b>Ca\u00edda de semillas:<\/b> Colocando el trozo de semilla de patata a la profundidad exacta deseada.<\/p>\n<\/li>\n<li>\n<p data-path-to-node=\"26,1,0\"><b>Fertilizaci\u00f3n:<\/b> Aplicaci\u00f3n del fertilizante de base desde el <b><span class=\"math-inline\" data-math=\"200 Kg\">200 kilogramos<\/span>\u00a0b\u00fanker<\/b> junto a la semilla.<\/p>\n<\/li>\n<li>\n<p data-path-to-node=\"26,2,0\"><b>Protecci\u00f3n (opcional):<\/b> Aplicar insecticida\/fungicida granular o l\u00edquido desde el opcional <b><span class=\"math-inline\" data-math=\"200 L\">200 litros<\/span> \/ <span class=\"math-inline\" data-math=\"300 L\">300 litros<\/span>\u00a0tanque<\/b>.<\/p>\n<\/li>\n<\/ol>\n<p data-path-to-node=\"27\">Esta sincronizaci\u00f3n garantiza que la planta emergente reciba apoyo nutricional y protecci\u00f3n esencial justo en el momento en que m\u00e1s lo necesita, mejorando dr\u00e1sticamente el vigor inicial de la planta y minimizando la mortalidad en el campo debido a plagas o enfermedades.<\/p>\n<h3><strong>Uniformidad del espaciamiento de las semillas y control de la profundidad<\/strong><\/h3>\n<p data-path-to-node=\"29\">Lograr una densidad de plantas uniforme es fundamental para maximizar la intercepci\u00f3n de luz y la competencia por nutrientes. El PAI-2100 utiliza un sistema de alimentaci\u00f3n especializado, dise\u00f1ado para procesar semillas de papa de diferentes tama\u00f1os con gran precisi\u00f3n.<\/p>\n<ul data-path-to-node=\"30\">\n<li>\n<p data-path-to-node=\"30,0,0\"><b>Uniformidad:<\/b> El sistema mantiene una distancia constante de semilla a semilla dentro de la hilera, lo que garantiza que cada planta tenga un espacio \u00f3ptimo para desarrollar tub\u00e9rculos sin competencia.<\/p>\n<\/li>\n<li>\n<p data-path-to-node=\"30,1,0\"><b>Control de profundidad:<\/b> Los zapatos de plantador y el <b>860 kilogramos<\/b> El peso de la m\u00e1quina trabaja en conjunto para garantizar que los trozos de semilla queden enterrados a una profundidad precisa y controlada, lo que es vital para una emergencia sincronizada en todo el campo.<\/p>\n<\/li>\n<\/ul>\n<h3><strong>Operaci\u00f3n estable y de alta velocidad<\/strong><\/h3>\n<p data-path-to-node=\"32\">La velocidad de trabajo \u00f3ptima de <b>3-5 kil\u00f3metros por hora<\/b> se mantiene mediante el equilibrio <b>860 kilogramos<\/b> Bastidor y dise\u00f1o mec\u00e1nico eficiente. Este rango de operaci\u00f3n estable garantiza que las copas de precisi\u00f3n se llenen de manera uniforme, evitando saltos (puntos de siembra no utilizados) y maximizando la cobertura continua en todo el campo.<\/p>\n<h2><strong>El imperativo comercial de la precisi\u00f3n:<\/strong><\/h2>\n<p data-path-to-node=\"35\">La precisi\u00f3n en la siembra y la aplicaci\u00f3n est\u00e1 directamente relacionada con la rentabilidad y la consistencia de la calidad que requieren los compradores comerciales de papa en la India.<\/p>\n<h3><strong>Optimizaci\u00f3n de la econom\u00eda de las semillas: minimizaci\u00f3n del desperdicio<\/strong><\/h3>\n<p data-path-to-node=\"37\">La siembra de papa es uno de los gastos m\u00e1s altos en el cultivo. El preciso sistema de dosificaci\u00f3n del PAI-2100 garantiza que cada semilla se siembre exactamente donde debe estar, eliminando el desperdicio de siembras dobles y minimizando las omisiones. Esta precisi\u00f3n maximiza la rentabilidad de la valiosa cosecha. <b><span class=\"math-inline\" data-math=\"350 Kg\">$350 kg$<\/span> capacidad del dep\u00f3sito de semillas<\/b>.<\/p>\n<h3><strong>Compatibilidad con b\u00e1sculas e infraestructuras agr\u00edcolas de la India<\/strong><\/h3>\n<p data-path-to-node=\"39\">El <b>Sembradora de patatas de 2 filas<\/b> Esta configuraci\u00f3n es ideal para explotaciones mecanizadas de peque\u00f1a y mediana escala y para servicios contratados que requieren versatilidad. El tama\u00f1o manejable y la eficiencia de la m\u00e1quina... <b>85 CV<\/b> La entrada de potencia m\u00ednima lo hace compatible con un gran segmento de la flota de tractores de la India, brindando acceso a mecanizaci\u00f3n de alta calidad a un segmento de mercado m\u00e1s amplio.<\/p>\n<h3><strong>Garant\u00eda de calidad para la consistencia de los tub\u00e9rculos<\/strong><\/h3>\n<p data-path-to-node=\"41\">Al garantizar un espaciado uniforme, profundidad y acceso inmediato a la <b><span class=\"math-inline\" data-math=\"200 Kg\">200 kilogramos<\/span>\u00a0fertilizante<\/b> En su aplicaci\u00f3n, el PAI-2100 promueve una alta uniformidad en el tama\u00f1o y la forma de los tub\u00e9rculos durante la cosecha. Esta consistencia es crucial para cumplir con los estrictos est\u00e1ndares de calidad de las industrias de procesamiento y los mercados de exportaci\u00f3n.<\/p>\n<h2><strong>Experiencia en vivo: Rendimiento de campo cuantificado<\/strong><\/h2>\n<p><img decoding=\"async\" class=\"alignnone wp-image-324 size-large\" src=\"https:\/\/soil-stabilisor.com\/wp-content\/uploads\/2025\/11\/pai-2100-2-rows-potato-planter-customer-feedback-1024x683.webp\" alt=\"Comentarios de clientes sobre la sembradora de patatas de dos hileras Pai-2100\" width=\"1024\" height=\"683\" srcset=\"https:\/\/soil-stabilisor.com\/wp-content\/uploads\/2025\/11\/pai-2100-2-rows-potato-planter-customer-feedback-1024x683.webp 1024w, https:\/\/soil-stabilisor.com\/wp-content\/uploads\/2025\/11\/pai-2100-2-rows-potato-planter-customer-feedback-300x200.webp 300w, https:\/\/soil-stabilisor.com\/wp-content\/uploads\/2025\/11\/pai-2100-2-rows-potato-planter-customer-feedback-768x512.webp 768w, https:\/\/soil-stabilisor.com\/wp-content\/uploads\/2025\/11\/pai-2100-2-rows-potato-planter-customer-feedback-1536x1024.webp 1536w, https:\/\/soil-stabilisor.com\/wp-content\/uploads\/2025\/11\/pai-2100-2-rows-potato-planter-customer-feedback-2048x1365.webp 2048w, https:\/\/soil-stabilisor.com\/wp-content\/uploads\/2025\/11\/pai-2100-2-rows-potato-planter-customer-feedback-18x12.webp 18w, https:\/\/soil-stabilisor.com\/wp-content\/uploads\/2025\/11\/pai-2100-2-rows-potato-planter-customer-feedback-1080x720.webp 1080w, https:\/\/soil-stabilisor.com\/wp-content\/uploads\/2025\/11\/pai-2100-2-rows-potato-planter-customer-feedback-1280x853.webp 1280w, https:\/\/soil-stabilisor.com\/wp-content\/uploads\/2025\/11\/pai-2100-2-rows-potato-planter-customer-feedback-980x653.webp 980w, https:\/\/soil-stabilisor.com\/wp-content\/uploads\/2025\/11\/pai-2100-2-rows-potato-planter-customer-feedback-480x320.webp 480w, https:\/\/soil-stabilisor.com\/wp-content\/uploads\/2025\/11\/pai-2100-2-rows-potato-planter-customer-feedback-600x400.webp 600w\" sizes=\"(max-width: 1024px) 100vw, 1024px\" \/><\/p>\n<p data-path-to-node=\"44\">Proporcionamos datos cuantificables e informes de clientes verificados que demuestran los beneficios superiores de eficiencia y rendimiento del PAI-2100.<\/p>\n<h3><strong>Caso de cliente 1: Mejora de la tasa de germinaci\u00f3n en Punjab<\/strong><\/h3>\n<blockquote data-path-to-node=\"47\">\n<p data-path-to-node=\"47,0\">Un productor de semillas de papa de tama\u00f1o mediano en el distrito de Jalandhar de <b>Punjab<\/b> Se actualiz\u00f3 la plantaci\u00f3n semimanual al PAI-2100. Su principal objetivo era mejorar la germinaci\u00f3n irregular causada por la profundidad de siembra desigual.<\/p>\n<p data-path-to-node=\"47,1\"><b>La soluci\u00f3n:<\/b> Utilizaron el PAI-2100 con el sistema integrado <b><span class=\"math-inline\" data-math=\"200 Kg\">200 kilogramos<\/span>\u00a0fertilizante<\/b> sistema de aplicaci\u00f3n.<\/p>\n<p data-path-to-node=\"47,2\"><b>El resultado:<\/b> El cultivador document\u00f3 un notable <b><span class=\"math-inline\" data-math=\"15\\%\">15%<\/span>\u00a0aumento de la uniformidad de la germinaci\u00f3n inicial<\/b> y un conjunto <b><span class=\"math-inline\" data-math=\"5\\%\">5%<\/span>\u00a0aumento del rendimiento comercializable<\/b> durante la temporada gracias al espaciamiento perfecto y al suministro de nutrientes. El pase integrado 3 en 1 tambi\u00e9n <b>salvado <span class=\"math-inline\" data-math=\"2\">2<\/span>\u00a0d\u00edas de tiempo de campo<\/b> en comparaci\u00f3n con su antiguo sistema de dos pasadas, reduciendo directamente los costos laborales.<\/p>\n<\/blockquote>\n<h3><strong>Historia del cliente 2: Operaci\u00f3n integrada y estabilidad en Karnataka<\/strong><\/h3>\n<blockquote data-path-to-node=\"50\">\n<p data-path-to-node=\"50,0\">Una granja comercial en Karnataka, con un suelo moderadamente rocoso y una ventana clim\u00e1tica limitada, necesitaba una sembradora r\u00e1pida y robusta.<\/p>\n<p data-path-to-node=\"50,1\"><b>La soluci\u00f3n:<\/b> Seleccionaron el PAI-2100 por su capacidad integrada y estabilidad estructural (860 kg). Utilizaron el <b><span class=\"math-inline\" data-math=\"200 L\">$200 L$<\/span> tanque de insecticida opcional<\/b> para el control simult\u00e1neo de plagas.<\/p>\n<p data-path-to-node=\"50,2\"><b>El resultado:<\/b> La operaci\u00f3n de una sola pasada <b>reducir su consumo de combustible <span class=\"math-inline\" data-math=\"10\\%\">10%<\/span><\/b>\u00a0por acre al eliminar la necesidad de una pulverizadora independiente. El equipo de mantenimiento inform\u00f3 que la robusta m\u00e1quina... <b>860 kg de peso vac\u00edo<\/b> mantuvo una excelente estabilidad durante el <b>3-5 kil\u00f3metros por hora<\/b> velocidad de siembra, experimentando <b>cero fallos de componentes mec\u00e1nicos<\/b> A lo largo de la temporada, lo que confirma la calidad de construcci\u00f3n superior de un <b>Fabricante de la India<\/b>.<\/p>\n<\/blockquote>\n<h2><strong>Perfil corporativo: La ventaja de India Watanabe:<\/strong><\/h2>\n<h3><strong>Su fabricante de confianza de maquinaria para suelos en India<\/strong><\/h3>\n<p data-path-to-node=\"54\"><b>India Watanabe Estabilizador de suelos Co., Ltd.<\/b> es un certificado <b>Fabricante de la India<\/b> y la filial regional dedicada del grupo Watanabe, reconocido mundialmente. Nuestra misi\u00f3n principal es proporcionar maquinaria duradera y de alta eficiencia, desde herramientas de precisi\u00f3n como... <b>Sembradora de patatas PAI-2100<\/b> a equipos de trabajo pesado como el <b>Trituradora de piedras THOR<\/b>\u2014que aborda directamente los desaf\u00edos \u00fanicos que plantean los diversos tipos de suelo de la India, las condiciones monz\u00f3nicas y la r\u00e1pida expansi\u00f3n de la infraestructura. Nos comprometemos con la simplicidad mec\u00e1nica, la durabilidad y un soporte local superior.<\/p>\n<h3><strong>Un legado de excelencia en ingenier\u00eda, arraigado en Gujarat<\/strong><\/h3>\n<p data-path-to-node=\"56\">Nuestra sede operativa y base de fabricaci\u00f3n dedicada est\u00e1n ubicadas estrat\u00e9gicamente en <b>Ahmedabad (Regi\u00f3n de Gandhinagar), Gujarat<\/b>Esta ubicaci\u00f3n central nos brinda una ventaja estrat\u00e9gica, permiti\u00e9ndonos gestionar eficientemente la log\u00edstica y brindar soporte t\u00e9cnico r\u00e1pido y receptivo, as\u00ed como disponibilidad de repuestos en los principales estados agr\u00edcolas. Nuestro cumplimiento de rigurosos est\u00e1ndares de calidad de fabricaci\u00f3n garantiza que cada maquinaria ofrezca un rendimiento predecible y sostenido, y los costos operativos a largo plazo m\u00e1s bajos de la industria.<\/p>\n<h2><strong>Centro de conocimiento de expertos (preguntas frecuentes y an\u00e1lisis t\u00e9cnico profundo):<\/strong><\/h2>\n<h3><strong>Preguntas frecuentes (FAQ) sobre la sembradora de patatas PAI-2100<\/strong><\/h3>\n<ul data-path-to-node=\"60\">\n<li>\n<p data-path-to-node=\"60,0,0\"><b>P: \u00bfCu\u00e1l es la potencia m\u00ednima (HP) requerida para el PAI-2100?<\/b><\/p>\n<ul data-path-to-node=\"60,0,1\">\n<li>\n<p data-path-to-node=\"60,0,1,0,0\"><b>A:<\/b> La m\u00e1quina requiere una potencia m\u00ednima del motor de <b>85 CV (CV)<\/b>. Esto garantiza que el <b>860 kilogramos<\/b> La sembradora se puede tirar de manera estable, manteniendo una profundidad constante y funcionando a una velocidad \u00f3ptima. <b>3-5 kil\u00f3metros por hora<\/b> velocidad, incluso cuando la <b><span class=\"math-inline\" data-math=\"350 Kg\">350 kilogramos<\/span>\u00a0b\u00fanker de semillas<\/b> est\u00e1 lleno<\/p>\n<\/li>\n<\/ul>\n<\/li>\n<li>\n<p data-path-to-node=\"60,1,0\"><b>P: \u00bfPuedo ajustar la profundidad de plantaci\u00f3n y el espaciado entre filas?<\/b><\/p>\n<ul data-path-to-node=\"60,1,1\">\n<li>\n<p data-path-to-node=\"60,1,1,0,0\"><b>A:<\/b> S\u00ed. La profundidad de siembra se ajusta f\u00e1cilmente mediante las ruedas de ajuste de profundidad de la m\u00e1quina. Si bien la configuraci\u00f3n de 2 hileras es fija, el espaciado entre las semillas dentro de cada hilera se puede ajustar modificando los engranajes internos o la configuraci\u00f3n de la correa, lo que permite adaptarla a diferentes variedades de papa.<\/p>\n<\/li>\n<\/ul>\n<\/li>\n<li>\n<p data-path-to-node=\"60,2,0\"><b>P: \u00bfCu\u00e1l es el beneficio principal del tanque de insecticida opcional?<\/b><\/p>\n<ul data-path-to-node=\"60,2,1\">\n<li>\n<p data-path-to-node=\"60,2,1,0,0\"><b>A:<\/b> El opcional <span class=\"math-inline\" data-math=\"200 L\">200 litros<\/span> \/ <span class=\"math-inline\" data-math=\"300 L\">300 litros<\/span>\u00a0El tanque de insecticidas permite la aplicaci\u00f3n simult\u00e1nea de pesticidas granulados o l\u00edquidos durante la siembra. Esta aplicaci\u00f3n inmediata es la forma m\u00e1s eficaz de controlar las plagas del suelo (como los gusanos de alambre) que atacan la semilla vulnerable, maximizando as\u00ed su protecci\u00f3n.<\/p>\n<\/li>\n<\/ul>\n<\/li>\n<li>\n<p data-path-to-node=\"60,3,0\"><b>P: \u00bfCon qu\u00e9 frecuencia debo rellenar los dep\u00f3sitos de semillas y fertilizantes?<\/b><\/p>\n<ul data-path-to-node=\"60,3,1\">\n<li>\n<p data-path-to-node=\"60,3,1,0,0\"><b>A:<\/b> Con un <b><span class=\"math-inline\" data-math=\"350 Kg\">350 kilogramos<\/span>\u00a0b\u00fanker de semillas<\/b> y <b><span class=\"math-inline\" data-math=\"200 Kg\">200 kilogramos<\/span>\u00a0b\u00fanker de fertilizantes<\/b>El PAI-2100 est\u00e1 dise\u00f1ado para recorridos de campo prolongados, minimizando las paradas de recarga y maximizando la <b>3-5 kil\u00f3metros por hora<\/b> Eficiencia de velocidad de siembra.<\/p>\n<\/li>\n<\/ul>\n<\/li>\n<\/ul>\n<h3><strong>La f\u00edsica de la sincronizaci\u00f3n: c\u00f3mo lograr el \u00e9xito 3 en 1<\/strong><\/h3>\n<p data-path-to-node=\"62\">El desaf\u00edo de la <b>Sembradora de patatas PAI-2100<\/b> Garantiza que la siembra, el fertilizante y la aplicaci\u00f3n de insecticidas se realicen en tiempo y espacio precisos. Esto se logra mediante accionamientos mec\u00e1nicos sincronizados desde la rueda dentada o la toma de fuerza, lo que garantiza que la aplicaci\u00f3n sea proporcional a la distancia recorrida. La consistencia de esta sincronizaci\u00f3n mec\u00e1nica es lo que proporciona... <b><span class=\"math-inline\" data-math=\"15\\%\">15%<\/span>\u00a0mejora en la uniformidad de la germinaci\u00f3n<\/b> Visto en los informes de los clientes.<\/p>\n<div style=\"text-align: center; margin: 40px 0;\"><iframe title=\"Surcador de patatas R-380 en funcionamiento en la India\" src=\"https:\/\/www.youtube.com\/embed\/-mmmCPJ11qY\" width=\"800\" height=\"450\" frameborder=\"0\" allowfullscreen=\"allowfullscreen\"><\/iframe><\/div>\n<h2><strong>Soluciones complementarias para la producci\u00f3n de papa:<\/strong><\/h2>\n<p data-path-to-node=\"65\">Para un sistema de producci\u00f3n de papa totalmente mecanizado, integre el PAI-2100 con equipos complementarios esenciales.<\/p>\n<h3><strong>Preparaci\u00f3n del suelo y manejo de hileras<\/strong><\/h3>\n<ul data-path-to-node=\"67\">\n<li>\n<p data-path-to-node=\"67,0,0\"><b>Surcador de patatas (serie R-380\/R-580):<\/b> (Enlace interno) El PAI-2100 suele ir precedido de un surcador (como el <b>R-380<\/b> o <b>R-580<\/b>) para crear la base inicial del surco limpia y profunda, maximizando la precisi\u00f3n de la sembradora.<\/p>\n<\/li>\n<li>\n<p data-path-to-node=\"67,1,0\"><b>Cultivador rotativo (Serie ERA-3100):<\/b> (Enlace interno) Utilice el <b>Cultivador rotativo ERA-3100<\/b> Primero para la aireaci\u00f3n inicial del suelo y la descomposici\u00f3n de los residuos, asegurando un lecho de siembra limpio y fino que evita el bloqueo de la zapata de la sembradora.<\/p>\n<\/li>\n<\/ul>\n<h3><strong>Manejo y cosecha de piedras<\/strong><\/h3>\n<ul data-path-to-node=\"69\">\n<li>\n<p data-path-to-node=\"69,0,0\"><b>Recolector de rocas (serie CT-2100):<\/b> (Enlace interno) Pre-limpieza de campos con el <b>Recolector de rocas CT-2100<\/b> Protege las delicadas zapatas de plantaci\u00f3n del PAI-2100 contra da\u00f1os causados \u200b\u200bpor piedras, garantizando una profundidad constante y precisi\u00f3n de espaciado.<\/p>\n<\/li>\n<li>\n<p data-path-to-node=\"69,1,0\"><b>Excavadoras de patatas (serie AWB-1600):<\/b> (Enlace interno) Una siembra de alta calidad conduce directamente a un cultivo uniforme, maximizando la tasa de recuperaci\u00f3n final y la eficiencia del cultivo. <b>Excavadoras de patatas<\/b> Durante la cosecha.<\/p>\n<\/li>\n<\/ul>\n<h2><strong><b>\u00bfListo para optimizar su granja? Contacte con India Watanabe<\/b><\/strong><\/h2>\n<p>Nos comprometemos a ser su socio confiable para soluciones de preparaci\u00f3n de suelos de alta calidad en todo el subcontinente indio.<\/p>\n<table border=\"1\">\n<tbody>\n<tr>\n<td><strong>Categor\u00eda de informaci\u00f3n<\/strong><\/td>\n<td><strong>Detalle<\/strong><\/td>\n<\/tr>\n<tr>\n<td><strong><b>Fabricante de la India<\/b><\/strong><\/td>\n<td>India Watanabe Estabilizador de suelos Co., Ltd.<\/td>\n<\/tr>\n<tr>\n<td><strong><b>Direcci\u00f3n L\u00ednea 1<\/b><\/strong><\/td>\n<td>Parcela n.\u00ba 405, Pol\u00edgono Industrial GIDC<\/td>\n<\/tr>\n<tr>\n<td><strong><b>L\u00ednea de direcci\u00f3n 2<\/b><\/strong><\/td>\n<td>Cerca del puesto de control de la fase III, Vithalapur Road<\/td>\n<\/tr>\n<tr>\n<td><strong><b>Ciudad, Estado, PIN<\/b><\/strong><\/td>\n<td>Ahmedabad (Regi\u00f3n de Gandhinagar), Gujarat, 382150<\/td>\n<\/tr>\n<tr>\n<td><strong><b>Pa\u00eds<\/b><\/strong><\/td>\n<td>India<\/td>\n<\/tr>\n<tr>\n<td><strong><b>Apoyo t\u00e9cnico<\/b><\/strong><\/td>\n<td><a href=\"mailto:sales@soil-stabilisor.com\">ventas@soil-stabilisor.com<\/a><\/td>\n<\/tr>\n<\/tbody>\n<\/table>\n<h3 data-start=\"3775\" data-end=\"3803\"><strong data-start=\"3779\" data-end=\"3803\">Opci\u00f3n de cotizaci\u00f3n instant\u00e1nea<\/strong><\/h3>\n<p data-start=\"3804\" data-end=\"3846\">Para garantizar que los compradores reciban precios precisos: <a href=\"https:\/\/soil-stabilisor.com\/es\/contactanos\/\"><strong data-start=\"3873\" data-end=\"3904\">Obtenga una cotizaci\u00f3n de precio final<\/strong><\/a><\/p>","protected":false},"excerpt":{"rendered":"<p>La sembradora de patatas PAI-2100 es la soluci\u00f3n eficiente de 2 hileras para explotaciones medianas. Requiere solo 85 CV y \u200b\u200bopera a una velocidad de 3-5 km\/h. Integra una tolva de semillas de 350 kg y una tolva de fertilizantes de 200 kg con un dep\u00f3sito de insecticida opcional. Esta sembradora integrada 3 en 1 maximiza la rentabilidad de la siembra y minimiza el tr\u00e1fico en el campo, garantizando una densidad de cultivo uniforme y rendimientos superiores. Fabricada por India Watanabe para garantizar precisi\u00f3n y durabilidad.<\/p>","protected":false},"featured_media":323,"comment_status":"open","ping_status":"closed","template":"","meta":{"_et_pb_use_builder":"","_et_pb_old_content":"","_et_gb_content_width":""},"product_brand":[],"product_cat":[23,24],"product_tag":[],"class_list":{"0":"post-322","1":"product","2":"type-product","3":"status-publish","4":"has-post-thumbnail","6":"product_cat-potato-machinery","7":"product_cat-potato-planter","9":"first","10":"instock","11":"shipping-taxable","12":"product-type-simple"},"_links":{"self":[{"href":"https:\/\/soil-stabilisor.com\/es\/wp-json\/wp\/v2\/product\/322","targetHints":{"allow":["GET"]}}],"collection":[{"href":"https:\/\/soil-stabilisor.com\/es\/wp-json\/wp\/v2\/product"}],"about":[{"href":"https:\/\/soil-stabilisor.com\/es\/wp-json\/wp\/v2\/types\/product"}],"replies":[{"embeddable":true,"href":"https:\/\/soil-stabilisor.com\/es\/wp-json\/wp\/v2\/comments?post=322"}],"wp:featuredmedia":[{"embeddable":true,"href":"https:\/\/soil-stabilisor.com\/es\/wp-json\/wp\/v2\/media\/323"}],"wp:attachment":[{"href":"https:\/\/soil-stabilisor.com\/es\/wp-json\/wp\/v2\/media?parent=322"}],"wp:term":[{"taxonomy":"product_brand","embeddable":true,"href":"https:\/\/soil-stabilisor.com\/es\/wp-json\/wp\/v2\/product_brand?post=322"},{"taxonomy":"product_cat","embeddable":true,"href":"https:\/\/soil-stabilisor.com\/es\/wp-json\/wp\/v2\/product_cat?post=322"},{"taxonomy":"product_tag","embeddable":true,"href":"https:\/\/soil-stabilisor.com\/es\/wp-json\/wp\/v2\/product_tag?post=322"}],"curies":[{"name":"wp","href":"https:\/\/api.w.org\/{rel}","templated":true}]}}