{"id":266,"date":"2025-11-17T08:11:40","date_gmt":"2025-11-17T08:11:40","guid":{"rendered":"https:\/\/soil-stabilisor.com\/?post_type=product&#038;p=266"},"modified":"2025-11-17T08:39:05","modified_gmt":"2025-11-17T08:39:05","slug":"rastrillo-de-rocas-ew-4000-2","status":"publish","type":"product","link":"https:\/\/soil-stabilisor.com\/es\/producto\/rastrillo-de-rocas-ew-4000-2\/","title":{"rendered":"Rastrillo de rocas EW-4000"},"content":{"rendered":"<h1 style=\"text-align: center;\" data-start=\"87\" data-end=\"164\"><strong data-start=\"92\" data-end=\"164\">Rastrillo de rocas EW-4000<\/strong><\/h1>\n<h4 data-start=\"1440\" data-end=\"1511\"><img decoding=\"async\" class=\"aligncenter wp-image-172\" src=\"https:\/\/soil-stabilisor.com\/wp-content\/uploads\/2025\/11\/ew-4000-rocke-rake-1-300x300.webp\" alt=\"rastrillo de roca ew-4000\" width=\"500\" height=\"501\" srcset=\"https:\/\/soil-stabilisor.com\/wp-content\/uploads\/2025\/11\/ew-4000-rocke-rake-1-300x300.webp 300w, https:\/\/soil-stabilisor.com\/wp-content\/uploads\/2025\/11\/ew-4000-rocke-rake-1-150x150.webp 150w, https:\/\/soil-stabilisor.com\/wp-content\/uploads\/2025\/11\/ew-4000-rocke-rake-1-480x481.webp 480w, https:\/\/soil-stabilisor.com\/wp-content\/uploads\/2025\/11\/ew-4000-rocke-rake-1-600x601.webp 600w, https:\/\/soil-stabilisor.com\/wp-content\/uploads\/2025\/11\/ew-4000-rocke-rake-1-100x100.webp 100w, https:\/\/soil-stabilisor.com\/wp-content\/uploads\/2025\/11\/ew-4000-rocke-rake-1.webp 741w\" sizes=\"(max-width: 500px) 100vw, 500px\" \/><\/h4>\n<p data-start=\"387\" data-end=\"712\">El <strong data-start=\"391\" data-end=\"412\">Rastrillo de rocas EW-4000<\/strong> de <strong data-start=\"418\" data-end=\"436\">India Watanabe<\/strong> Es la soluci\u00f3n definitiva para la preparaci\u00f3n de terrenos agr\u00edcolas y de construcci\u00f3n. Ya sea que gestione grandes campos agr\u00edcolas, limpie escombros para la construcci\u00f3n o prepare terrenos rocosos para la siembra, el EW-4000 garantiza precisi\u00f3n y eficiencia con m\u00ednima alteraci\u00f3n del suelo.<\/p>\n<ul data-start=\"714\" data-end=\"1138\">\n<li data-start=\"714\" data-end=\"1138\">\n<p data-start=\"716\" data-end=\"733\"><strong data-start=\"716\" data-end=\"733\">Caracter\u00edsticas principales:<\/strong><\/p>\n<ul data-start=\"736\" data-end=\"1138\">\n<li data-start=\"736\" data-end=\"807\">\n<p data-start=\"738\" data-end=\"807\"><strong data-start=\"738\" data-end=\"759\">Dise\u00f1o de alta resistencia<\/strong>:Dise\u00f1ado para soportar entornos de trabajo hostiles.<\/p>\n<\/li>\n<li data-start=\"810\" data-end=\"880\">\n<p data-start=\"812\" data-end=\"880\"><strong data-start=\"812\" data-end=\"834\">Ancho de trabajo amplio<\/strong>:\u00c1rea de limpieza de 3,6 m para maximizar la productividad.<\/p>\n<\/li>\n<li data-start=\"883\" data-end=\"945\">\n<p data-start=\"885\" data-end=\"945\"><strong data-start=\"885\" data-end=\"908\">Sistema de p\u00faas duradero<\/strong>:Maneja rocas de hasta 300 mm de di\u00e1metro.<\/p>\n<\/li>\n<li data-start=\"948\" data-end=\"1025\">\n<p data-start=\"950\" data-end=\"1025\"><strong data-start=\"950\" data-end=\"978\">Alteraci\u00f3n m\u00ednima del suelo<\/strong>:Preserva la integridad del suelo, reduce la compactaci\u00f3n.<\/p>\n<\/li>\n<li data-start=\"1028\" data-end=\"1138\">\n<p data-start=\"1030\" data-end=\"1138\"><strong data-start=\"1030\" data-end=\"1064\">Adaptable a las condiciones de la India<\/strong>:Dise\u00f1ado para tipos de suelos indios duros (basalto, aluvial, laterita roja).<\/p>\n<\/li>\n<\/ul>\n<\/li>\n<\/ul>\n<p data-start=\"1140\" data-end=\"1238\"><a href=\"https:\/\/soil-stabilisor.com\/es\/contactanos\/\"><strong data-start=\"1140\" data-end=\"1159\">Solicitar una cotizaci\u00f3n<\/strong><\/a> o <strong data-start=\"1163\" data-end=\"1174\">Comprar ahora<\/strong> \u00a1Para ver la diferencia que el EW-4000 puede hacer en sus operaciones!<\/p>\n<p data-start=\"1339\" data-end=\"1885\">El <strong data-start=\"1343\" data-end=\"1364\">Rastrillo de rocas EW-4000<\/strong> Est\u00e1 dise\u00f1ado para abordar los desaf\u00edos de la limpieza de terrenos rocosos para uso agr\u00edcola y de construcci\u00f3n. Ya sea que administre grandes granjas en Punjab, prepare terrenos para pol\u00edgonos industriales en Tamil Nadu o limpie vi\u00f1edos en Maharashtra, este rastrillo para rocas ofrece una limpieza r\u00e1pida, eficiente y cuidadosa. Dise\u00f1ado con un bastidor robusto y resistente a la corrosi\u00f3n y un ancho de trabajo de 3,6 metros, el EW-4000 puede remover f\u00e1cilmente rocas y escombros de hasta 300 mm de di\u00e1metro, dejando el suelo intacto para unas condiciones agr\u00edcolas \u00f3ptimas.<\/p>\n<p data-start=\"1887\" data-end=\"1920\"><strong data-start=\"1887\" data-end=\"1920\">Beneficios para sus operaciones:<\/strong><\/p>\n<ul data-start=\"1921\" data-end=\"2276\">\n<li data-start=\"1921\" data-end=\"2027\">\n<p data-start=\"1923\" data-end=\"2027\"><strong data-start=\"1923\" data-end=\"1950\">Reducci\u00f3n de la compactaci\u00f3n del suelo<\/strong>:Al mantener la estructura del suelo, asegura un crecimiento m\u00e1s saludable de los cultivos.<\/p>\n<\/li>\n<li data-start=\"2028\" data-end=\"2106\">\n<p data-start=\"2030\" data-end=\"2106\"><strong data-start=\"2030\" data-end=\"2048\">Rentable<\/strong>: Bajos costos de mantenimiento y tiempos de inactividad operativos reducidos.<\/p>\n<\/li>\n<li data-start=\"2107\" data-end=\"2200\">\n<p data-start=\"2109\" data-end=\"2200\"><strong data-start=\"2109\" data-end=\"2127\">Limpieza r\u00e1pida<\/strong>La r\u00e1pida velocidad de funcionamiento de 3 a 5 km\/h ayuda a limpiar grandes \u00e1reas de manera eficiente.<\/p>\n<\/li>\n<li data-start=\"2201\" data-end=\"2276\">\n<p data-start=\"2203\" data-end=\"2276\"><strong data-start=\"2203\" data-end=\"2217\">Durabilidad<\/strong>:Dise\u00f1ado para soportar los terrenos m\u00e1s dif\u00edciles, con un desgaste m\u00ednimo.<\/p>\n<\/li>\n<\/ul>\n<h3 data-start=\"2283\" data-end=\"2324\"><strong data-start=\"2287\" data-end=\"2324\">\u00bfPor qu\u00e9 elegir el rastrillo de rocas EW-4000?<\/strong><\/h3>\n<h4 data-start=\"2326\" data-end=\"2360\"><strong data-start=\"2331\" data-end=\"2358\">Construcci\u00f3n de alta resistencia<\/strong><\/h4>\n<p data-start=\"2361\" data-end=\"2641\">La EW-4000 est\u00e1 fabricada con acero de alta calidad y cuenta con un sistema hidr\u00e1ulico reforzado que garantiza un rendimiento duradero incluso con uso intensivo. Los brazos de p\u00faas est\u00e1n fabricados con materiales de primera calidad para una mayor resistencia, lo que le permite limpiar piedras de todos los tama\u00f1os con facilidad.<\/p>\n<h4 data-start=\"2643\" data-end=\"2688\"><strong data-start=\"2648\" data-end=\"2686\">M\u00e1xima eficiencia y versatilidad<\/strong><\/h4>\n<p data-start=\"2689\" data-end=\"2943\">Con un ancho de trabajo de 3,6 m, el EW-4000 le permite cubrir m\u00e1s terreno en menos tiempo. Ya sea que trabaje en terrenos agr\u00edcolas rocosos, vi\u00f1edos o obras de construcci\u00f3n, las caracter\u00edsticas adaptables de este rastrillo lo hacen ideal para todo tipo de tareas de desbroce.<\/p>\n<h4 data-start=\"2945\" data-end=\"2990\"><strong data-start=\"2950\" data-end=\"2988\">\u00d3ptimo para las condiciones del suelo de la India<\/strong><\/h4>\n<p data-start=\"2991\" data-end=\"3303\">El EW-4000 est\u00e1 especialmente dise\u00f1ado para trabajar con los tipos de suelo \u00fanicos de la India, como laterita, basalto y suelos aluviales, comunes en regiones como Maharashtra, Punjab y Telangana. Los ajustes del rastrillo le brindan la flexibilidad necesaria para abordar las diversas condiciones de suelo de la India.<\/p>\n<h3 data-start=\"3310\" data-end=\"3343\"><strong data-start=\"3314\" data-end=\"3343\">Caracter\u00edsticas detalladas del producto:<\/strong><\/h3>\n<div class=\"_tableContainer_1rjym_1\">\n<div class=\"group _tableWrapper_1rjym_13 flex w-fit flex-col-reverse\" tabindex=\"-1\">\n<table class=\"w-fit min-w-(--thread-content-width)\" border=\"1\" data-start=\"3345\" data-end=\"4226\">\n<thead data-start=\"3345\" data-end=\"3420\">\n<tr data-start=\"3345\" data-end=\"3420\">\n<th data-start=\"3345\" data-end=\"3377\" data-col-size=\"sm\"><strong data-start=\"3347\" data-end=\"3358\">Caracter\u00edstica<\/strong><\/th>\n<th data-start=\"3377\" data-end=\"3420\" data-col-size=\"md\"><strong data-start=\"3379\" data-end=\"3396\">Especificaci\u00f3n<\/strong><\/th>\n<\/tr>\n<\/thead>\n<tbody data-start=\"3497\" data-end=\"4226\">\n<tr data-start=\"3497\" data-end=\"3579\">\n<td data-start=\"3497\" data-end=\"3530\" data-col-size=\"sm\"><strong data-start=\"3499\" data-end=\"3513\">Dimensiones<\/strong><\/td>\n<td data-col-size=\"md\" data-start=\"3530\" data-end=\"3579\">Largo: 4550 mm, Ancho: 2400 mm, Alto: 1380 mm<\/td>\n<\/tr>\n<tr data-start=\"3580\" data-end=\"3656\">\n<td data-start=\"3580\" data-end=\"3613\" data-col-size=\"sm\"><strong data-start=\"3582\" data-end=\"3592\">Peso<\/strong><\/td>\n<td data-col-size=\"md\" data-start=\"3613\" data-end=\"3656\">1800 kilogramos<\/td>\n<\/tr>\n<tr data-start=\"3657\" data-end=\"3733\">\n<td data-start=\"3657\" data-end=\"3690\" data-col-size=\"sm\"><strong data-start=\"3659\" data-end=\"3676\">Ancho de trabajo<\/strong><\/td>\n<td data-col-size=\"md\" data-start=\"3690\" data-end=\"3733\">3,6 metros<\/td>\n<\/tr>\n<tr data-start=\"3734\" data-end=\"3817\">\n<td data-start=\"3734\" data-end=\"3767\" data-col-size=\"sm\"><strong data-start=\"3736\" data-end=\"3760\">Requisitos del tractor<\/strong><\/td>\n<td data-col-size=\"md\" data-start=\"3767\" data-end=\"3817\">Potencia m\u00ednima del motor: 100 CV, caudal de aceite: 60 L\/min.<\/td>\n<\/tr>\n<tr data-start=\"3818\" data-end=\"3894\">\n<td data-start=\"3818\" data-end=\"3851\" data-col-size=\"sm\"><strong data-start=\"3820\" data-end=\"3838\">V\u00e1lvulas de control<\/strong><\/td>\n<td data-col-size=\"md\" data-start=\"3851\" data-end=\"3894\">2<\/td>\n<\/tr>\n<tr data-start=\"3895\" data-end=\"3976\">\n<td data-start=\"3895\" data-end=\"3928\" data-col-size=\"sm\"><strong data-start=\"3897\" data-end=\"3916\">Durabilidad de las p\u00faas<\/strong><\/td>\n<td data-start=\"3928\" data-end=\"3976\" data-col-size=\"md\">Capaz de manipular rocas de hasta 300 mm de di\u00e1metro.<\/td>\n<\/tr>\n<tr data-start=\"3977\" data-end=\"4060\">\n<td data-start=\"3977\" data-end=\"4010\" data-col-size=\"sm\"><strong data-start=\"3979\" data-end=\"3999\">Sistema hidr\u00e1ulico<\/strong><\/td>\n<td data-start=\"4010\" data-end=\"4060\" data-col-size=\"md\">Totalmente ajustable para diferentes condiciones de suelo.<\/td>\n<\/tr>\n<tr data-start=\"4061\" data-end=\"4136\">\n<td data-start=\"4061\" data-end=\"4094\" data-col-size=\"sm\"><strong data-start=\"4063\" data-end=\"4075\">Garant\u00eda<\/strong><\/td>\n<td data-start=\"4094\" data-end=\"4136\" data-col-size=\"md\">Garant\u00eda de caja de cambios de 2 a\u00f1os<\/td>\n<\/tr>\n<tr data-start=\"4137\" data-end=\"4226\">\n<td data-start=\"4137\" data-end=\"4170\" data-col-size=\"sm\"><strong data-start=\"4139\" data-end=\"4154\">Piezas de repuesto<\/strong><\/td>\n<td data-start=\"4170\" data-end=\"4226\" data-col-size=\"md\">Disponible a trav\u00e9s de la red de servicio local en toda la India<\/td>\n<\/tr>\n<\/tbody>\n<\/table>\n<\/div>\n<\/div>\n<h3 data-start=\"4233\" data-end=\"4273\"><strong data-start=\"4237\" data-end=\"4273\">\u00bfC\u00f3mo funciona? \u00bfEscenarios de casos de uso?<\/strong><\/h3>\n<h4 data-start=\"4275\" data-end=\"4306\"><strong data-start=\"4280\" data-end=\"4306\">C\u00f3mo funciona el EW-4000:<\/strong><\/h4>\n<p data-start=\"4308\" data-end=\"4640\">El rastrillo de rocas EW-4000 funciona con p\u00faas de acero resistentes que rastrillan el suelo, levantando rocas y escombros sin da\u00f1arlo. Su sistema hidr\u00e1ulico se ajusta para adaptarse a diversos tipos de terreno, desde terrenos rocosos hasta campos agr\u00edcolas. Su dise\u00f1o de precisi\u00f3n minimiza la alteraci\u00f3n del suelo, manteniendo su salud.<\/p>\n<ul data-start=\"4642\" data-end=\"4984\">\n<li data-start=\"4642\" data-end=\"4723\">\n<p data-start=\"4644\" data-end=\"4723\"><strong data-start=\"4644\" data-end=\"4654\">Paso 1<\/strong>: Conecte el rastrillo al tractor utilizando el sistema de enganche de categor\u00eda 2.<\/p>\n<\/li>\n<li data-start=\"4724\" data-end=\"4814\">\n<p data-start=\"4726\" data-end=\"4814\"><strong data-start=\"4726\" data-end=\"4736\">Paso 2<\/strong>:Ajuste el sistema hidr\u00e1ulico en funci\u00f3n del tipo de suelo (por ejemplo, basalto, aluvial).<\/p>\n<\/li>\n<li data-start=\"4815\" data-end=\"4883\">\n<p data-start=\"4817\" data-end=\"4883\"><strong data-start=\"4817\" data-end=\"4827\">Paso 3<\/strong>:Opere a una velocidad de 3-5 km\/h para una limpieza eficiente.<\/p>\n<\/li>\n<li data-start=\"4884\" data-end=\"4984\">\n<p data-start=\"4886\" data-end=\"4984\"><strong data-start=\"4886\" data-end=\"4896\">Paso 4<\/strong>: Revise peri\u00f3dicamente el desgaste de las p\u00faas y del sistema hidr\u00e1ulico para lograr un rendimiento \u00f3ptimo.<\/p>\n<\/li>\n<\/ul>\n<h3 data-start=\"4991\" data-end=\"5020\"><strong data-start=\"4995\" data-end=\"5020\">Testimonios de clientes<\/strong><\/h3>\n<h4 data-start=\"5022\" data-end=\"5054\"><strong data-start=\"5027\" data-end=\"5054\">Lo que dicen nuestros clientes:<\/strong><\/h4>\n<p data-start=\"5056\" data-end=\"5366\"><em data-start=\"5056\" data-end=\"5309\">El EW-4000 nos ahorr\u00f3 much\u00edsimo tiempo durante nuestra temporada de desbroce. Completamos un vi\u00f1edo de 50 hect\u00e1reas en tan solo dos semanas, reduciendo los costos de mano de obra en 701 TP3T. \u00a1El rastrillo hizo un excelente trabajo preservando la salud del suelo a la vez que retiraba piedras grandes!<\/em><br data-start=\"5309\" data-end=\"5312\" \/>\u2013 <strong data-start=\"5314\" data-end=\"5329\">Priya Singh<\/strong>, Propietario de vi\u00f1edo, Nashik, Maharashtra<\/p>\n<p data-start=\"5368\" data-end=\"5664\"><em data-start=\"5368\" data-end=\"5602\">Utilizamos la EW-4000 para preparar nuestra obra en Tamil Nadu. La m\u00e1quina pudo manipular rocas incrustadas sin afectar la integridad del suelo. Nos ahorra mucho tiempo y ha superado nuestras expectativas de rendimiento.<\/em><br data-start=\"5602\" data-end=\"5605\" \/>\u2013 <strong data-start=\"5607\" data-end=\"5621\">Arun Kumar<\/strong>Gerente de construcci\u00f3n, Chennai, Tamil Nadu<\/p>\n<h3 data-start=\"5671\" data-end=\"5713\"><strong data-start=\"5675\" data-end=\"5713\">Certificaciones y garant\u00eda de calidad<\/strong><\/h3>\n<p data-start=\"5715\" data-end=\"6023\">El <strong data-start=\"5719\" data-end=\"5740\">Rastrillo de rocas EW-4000<\/strong> Se fabrica bajo estrictos controles de calidad en nuestras instalaciones con certificaci\u00f3n ISO 9001:2015 en Gujarat, India. Cada unidad se somete a ensayos no destructivos (END) completos de las soldaduras estructurales y se inspecciona para detectar desgaste. La caja de engranajes cumple con la normativa CE, lo que garantiza su seguridad y fiabilidad.<\/p>\n<ul data-start=\"6024\" data-end=\"6169\">\n<li data-start=\"6024\" data-end=\"6055\">\n<p data-start=\"6026\" data-end=\"6055\"><strong data-start=\"6026\" data-end=\"6053\">Garant\u00eda de caja de cambios de 2 a\u00f1os<\/strong><\/p>\n<\/li>\n<li data-start=\"6056\" data-end=\"6096\">\n<p data-start=\"6058\" data-end=\"6096\"><strong data-start=\"6058\" data-end=\"6094\">Fabricaci\u00f3n con certificaci\u00f3n ISO 9001<\/strong><\/p>\n<\/li>\n<li data-start=\"6097\" data-end=\"6133\">\n<p data-start=\"6099\" data-end=\"6133\"><strong data-start=\"6099\" data-end=\"6131\">Prueba NDT para resistencia de la soldadura<\/strong><\/p>\n<\/li>\n<li data-start=\"6134\" data-end=\"6169\">\n<p data-start=\"6136\" data-end=\"6169\"><strong data-start=\"6136\" data-end=\"6169\">Cumple con las normas de seguridad CE<\/strong><\/p>\n<\/li>\n<\/ul>\n<h3 data-start=\"6176\" data-end=\"6206\"><strong data-start=\"6180\" data-end=\"6206\">Garant\u00eda y repuestos<\/strong><\/h3>\n<p data-start=\"6208\" data-end=\"6455\">El EW-4000 viene con un <strong data-start=\"6233\" data-end=\"6260\">Garant\u00eda de caja de cambios de 2 a\u00f1os<\/strong> Y soporte de por vida para el reemplazo de piezas. Nuestra extensa red de distribuidores en toda la India garantiza la disponibilidad de repuestos en 7 d\u00edas, minimizando el tiempo de inactividad y garantizando un funcionamiento continuo.<\/p>\n<ul data-start=\"6457\" data-end=\"6588\">\n<li data-start=\"6457\" data-end=\"6499\">\n<p data-start=\"6459\" data-end=\"6499\"><strong data-start=\"6459\" data-end=\"6497\">Repuestos disponibles en toda la India<\/strong><\/p>\n<\/li>\n<li data-start=\"6500\" data-end=\"6536\">\n<p data-start=\"6502\" data-end=\"6536\"><strong data-start=\"6502\" data-end=\"6534\">Entrega r\u00e1pida en 7 d\u00edas<\/strong><\/p>\n<\/li>\n<li data-start=\"6537\" data-end=\"6588\">\n<p data-start=\"6539\" data-end=\"6588\"><strong data-start=\"6539\" data-end=\"6588\">Centros de servicio locales para mantenimiento regular<\/strong><\/p>\n<\/li>\n<\/ul>\n<h3 data-start=\"6595\" data-end=\"6636\"><strong data-start=\"6599\" data-end=\"6636\">Preguntas frecuentes (FAQ)<\/strong><\/h3>\n<p data-start=\"6638\" data-end=\"6863\"><strong data-start=\"6638\" data-end=\"6687\">P: \u00bfQu\u00e9 tipo de rocas puede manipular el EW-4000?<\/strong><br data-start=\"6687\" data-end=\"6690\" \/><strong data-start=\"6690\" data-end=\"6696\">A:<\/strong> La EW-4000 est\u00e1 dise\u00f1ada para manipular rocas de hasta 300 mm de di\u00e1metro. Para rocas m\u00e1s grandes, la <strong data-start=\"6784\" data-end=\"6797\">EW-4000 T<\/strong> Se recomienda el modelo que cuenta con ajustes de altura mejorados.<\/p>\n<p data-start=\"6865\" data-end=\"7127\"><strong data-start=\"6865\" data-end=\"6919\">P: \u00bfQu\u00e9 tractores son compatibles con el EW-4000?<\/strong><br data-start=\"6919\" data-end=\"6922\" \/><strong data-start=\"6922\" data-end=\"6928\">A:<\/strong> El EW-4000 es compatible con tractores con una potencia m\u00ednima de 100 CV y \u200b\u200bun caudal de aceite de 60 L\/min. Utiliza un sistema de enganche de categor\u00eda 2, compatible con las principales marcas de tractores de la India.<\/p>\n<p data-start=\"7129\" data-end=\"7387\"><strong data-start=\"7129\" data-end=\"7180\">P: \u00bfCon qu\u00e9 frecuencia necesita mantenimiento el EW-4000?<\/strong><br data-start=\"7180\" data-end=\"7183\" \/><strong data-start=\"7183\" data-end=\"7189\">A:<\/strong> Recomendamos revisar las p\u00faas y el sistema hidr\u00e1ulico cada 200 horas de uso. Puede realizar el mantenimiento regular en nuestros centros de servicio locales para garantizar el \u00f3ptimo rendimiento del rastrillo.<\/p>\n<h3 data-start=\"7394\" data-end=\"7453\"><strong data-start=\"7398\" data-end=\"7453\">Acerca de nosotros \u2013 India Watanabe Soil Stabilizer Co., Ltd.<\/strong><\/h3>\n<h3 data-start=\"7394\" data-end=\"7453\"><strong data-start=\"7398\" data-end=\"7453\"><img decoding=\"async\" class=\"alignnone wp-image-199 size-full\" src=\"https:\/\/soil-stabilisor.com\/wp-content\/uploads\/2025\/11\/watanabe-factory.webp\" alt=\"F\u00e1brica Watanabe\" width=\"1920\" height=\"1280\" srcset=\"https:\/\/soil-stabilisor.com\/wp-content\/uploads\/2025\/11\/watanabe-factory.webp 1920w, https:\/\/soil-stabilisor.com\/wp-content\/uploads\/2025\/11\/watanabe-factory-300x200.webp 300w, https:\/\/soil-stabilisor.com\/wp-content\/uploads\/2025\/11\/watanabe-factory-1024x683.webp 1024w, https:\/\/soil-stabilisor.com\/wp-content\/uploads\/2025\/11\/watanabe-factory-768x512.webp 768w, https:\/\/soil-stabilisor.com\/wp-content\/uploads\/2025\/11\/watanabe-factory-1536x1024.webp 1536w, https:\/\/soil-stabilisor.com\/wp-content\/uploads\/2025\/11\/watanabe-factory-1080x720.webp 1080w, https:\/\/soil-stabilisor.com\/wp-content\/uploads\/2025\/11\/watanabe-factory-1280x853.webp 1280w, https:\/\/soil-stabilisor.com\/wp-content\/uploads\/2025\/11\/watanabe-factory-980x653.webp 980w, https:\/\/soil-stabilisor.com\/wp-content\/uploads\/2025\/11\/watanabe-factory-480x320.webp 480w, https:\/\/soil-stabilisor.com\/wp-content\/uploads\/2025\/11\/watanabe-factory-600x400.webp 600w\" sizes=\"(max-width: 1920px) 100vw, 1920px\" \/><\/strong><\/h3>\n<p data-start=\"7455\" data-end=\"7788\">En <strong data-start=\"7458\" data-end=\"7502\">India Watanabe Estabilizador de suelos Co., Ltd.<\/strong>Nos especializamos en proporcionar maquinaria agr\u00edcola de alta calidad dise\u00f1ada espec\u00edficamente para el mercado indio. Como filial de la reconocida... <strong data-start=\"7644\" data-end=\"7662\">Grupo Watanabe<\/strong>Combinamos experiencia internacional con conocimientos locales para ofrecer m\u00e1quinas que mejoran la productividad y mantienen la salud del suelo.<\/p>\n<p data-start=\"7790\" data-end=\"8038\"><strong data-start=\"7790\" data-end=\"7805\">Nuestra misi\u00f3n<\/strong> es proporcionar maquinaria confiable y eficiente que respalde pr\u00e1cticas agr\u00edcolas y de construcci\u00f3n sostenibles. Desde <strong data-start=\"7920\" data-end=\"7940\">estabilizadores de suelo<\/strong> a <strong data-start=\"7944\" data-end=\"7961\">trituradoras de rocas<\/strong>Nuestros productos est\u00e1n dise\u00f1ados para abordar los desaf\u00edos m\u00e1s dif\u00edciles en suelo indio.<\/p>\n<h3 data-start=\"8045\" data-end=\"8069\"><strong data-start=\"8049\" data-end=\"8069\">Productos relacionados<\/strong><\/h3>\n<ul data-start=\"8071\" data-end=\"8307\">\n<li data-start=\"8071\" data-end=\"8155\">\n<p data-start=\"8073\" data-end=\"8155\"><strong data-start=\"8073\" data-end=\"8100\">Estabilizador de suelos EW-3000<\/strong>:Perfecto para mejorar la estructura del suelo antes de plantar.<\/p>\n<\/li>\n<li data-start=\"8156\" data-end=\"8236\">\n<p data-start=\"8158\" data-end=\"8236\"><strong data-start=\"8158\" data-end=\"8182\">Trituradora de piedra MC-500<\/strong>:Tritura piedras de manera eficiente para facilitar la limpieza del terreno.<\/p>\n<\/li>\n<li data-start=\"8237\" data-end=\"8307\">\n<p data-start=\"8239\" data-end=\"8307\"><strong data-start=\"8239\" data-end=\"8269\">Cultivador rotativo PSW-3200<\/strong>:Ideal para la labranza y aireaci\u00f3n del suelo.<\/p>\n<\/li>\n<\/ul>\n<h3 data-start=\"8314\" data-end=\"8332\"><strong data-start=\"8318\" data-end=\"8332\">Cont\u00e1ctanos<\/strong><\/h3>\n<p data-start=\"8334\" data-end=\"8424\">Para m\u00e1s informaci\u00f3n o solicitar cotizaci\u00f3n, por favor cont\u00e1ctenos mediante los siguientes m\u00e9todos:<\/p>\n<ul data-start=\"8426\" data-end=\"8630\">\n<li data-start=\"8426\" data-end=\"8461\">\n<p data-start=\"8428\" data-end=\"8461\"><strong data-start=\"8428\" data-end=\"8437\">Correo electr\u00f3nico<\/strong>: <a href=\"mailto:sales@soil-stabilisor.com\">ventas@soil-stabilisor.com<\/a><\/p>\n<\/li>\n<li data-start=\"8496\" data-end=\"8630\">\n<p data-start=\"8498\" data-end=\"8630\"><strong data-start=\"8498\" data-end=\"8509\">DIRECCI\u00d3N<\/strong>: India Watanabe Soil Stabilizer Co., Ltd., Bloques No.3,4 y 5, Udyog Bhavan, GH Rd, Sector 11, Gandhinagar, Gujarat, India<\/p>\n<\/li>\n<\/ul>\n<h3 data-start=\"8637\" data-end=\"8666\"><strong data-start=\"8641\" data-end=\"8666\">Solicite una cotizaci\u00f3n hoy<\/strong><\/h3>\n<p data-start=\"8668\" data-end=\"8799\">D\u00e9 el primer paso hacia una limpieza de terrenos m\u00e1s eficiente con el <strong data-start=\"8733\" data-end=\"8754\">Rastrillo de rocas EW-4000<\/strong>. <a href=\"https:\/\/soil-stabilisor.com\/es\/contactanos\/\">Cont\u00e1ctanos<\/a> \u00a1Ahora para obtener una cotizaci\u00f3n personalizada!<\/p>","protected":false},"excerpt":{"rendered":"<p>El <strong data-start=\"170\" data-end=\"191\">Rastrillo de rocas EW-4000<\/strong> Dise\u00f1ado para maximizar la productividad en operaciones agr\u00edcolas y de construcci\u00f3n. Ya sea que est\u00e9 preparando terrenos para la agricultura, retirando escombros para la construcci\u00f3n o despejando rocas de huertos y vi\u00f1edos, este rastrillo para rocas ofrece resultados excepcionales, garantizando una m\u00ednima alteraci\u00f3n del suelo y afrontando incluso los terrenos m\u00e1s dif\u00edciles.<\/p>\n<ul data-start=\"975\" data-end=\"1318\">\n<li data-start=\"975\" data-end=\"1040\">\n<p data-start=\"977\" data-end=\"1040\"><strong data-start=\"977\" data-end=\"991\">Dimensiones<\/strong>:Longitud: 4550 mm, Ancho: 2400 mm, Altura: 1380 mm<\/p>\n<\/li>\n<li data-start=\"1041\" data-end=\"1064\">\n<p data-start=\"1043\" data-end=\"1064\"><strong data-start=\"1043\" data-end=\"1053\">Peso<\/strong>:1800 kilogramos<\/p>\n<\/li>\n<li data-start=\"1065\" data-end=\"1092\">\n<p data-start=\"1067\" data-end=\"1092\"><strong data-start=\"1067\" data-end=\"1084\">Ancho de trabajo<\/strong>:3,6 m<\/p>\n<\/li>\n<li data-start=\"1093\" data-end=\"1129\">\n<p data-start=\"1095\" data-end=\"1129\"><strong data-start=\"1095\" data-end=\"1111\">Potencia del motor<\/strong>:M\u00ednimo 100 cv<\/p>\n<\/li>\n<li data-start=\"1130\" data-end=\"1236\">\n<p data-start=\"1132\" data-end=\"1236\"><strong data-start=\"1132\" data-end=\"1156\">Requisitos del tractor<\/strong>: Compatible con tractores que requieren un m\u00ednimo de 100 cv y un caudal de aceite de 60 L\/min.<\/p>\n<\/li>\n<li data-start=\"1237\" data-end=\"1268\">\n<p data-start=\"1239\" data-end=\"1268\"><strong data-start=\"1239\" data-end=\"1256\">Velocidad de trabajo<\/strong>:3-5 kil\u00f3metros por hora<\/p>\n<\/li>\n<li data-start=\"1269\" data-end=\"1318\">\n<p data-start=\"1271\" data-end=\"1318\"><strong data-start=\"1271\" data-end=\"1289\">V\u00e1lvulas de control<\/strong>:Requiere 2 v\u00e1lvulas de control<\/p>\n<\/li>\n<\/ul>","protected":false},"featured_media":172,"comment_status":"open","ping_status":"closed","template":"","meta":{"_et_pb_use_builder":"","_et_pb_old_content":"","_et_gb_content_width":""},"product_brand":[],"product_cat":[19],"product_tag":[],"class_list":{"0":"post-266","1":"product","2":"type-product","3":"status-publish","4":"has-post-thumbnail","6":"product_cat-rock-rake","8":"first","9":"instock","10":"shipping-taxable","11":"product-type-simple"},"_links":{"self":[{"href":"https:\/\/soil-stabilisor.com\/es\/wp-json\/wp\/v2\/product\/266","targetHints":{"allow":["GET"]}}],"collection":[{"href":"https:\/\/soil-stabilisor.com\/es\/wp-json\/wp\/v2\/product"}],"about":[{"href":"https:\/\/soil-stabilisor.com\/es\/wp-json\/wp\/v2\/types\/product"}],"replies":[{"embeddable":true,"href":"https:\/\/soil-stabilisor.com\/es\/wp-json\/wp\/v2\/comments?post=266"}],"wp:featuredmedia":[{"embeddable":true,"href":"https:\/\/soil-stabilisor.com\/es\/wp-json\/wp\/v2\/media\/172"}],"wp:attachment":[{"href":"https:\/\/soil-stabilisor.com\/es\/wp-json\/wp\/v2\/media?parent=266"}],"wp:term":[{"taxonomy":"product_brand","embeddable":true,"href":"https:\/\/soil-stabilisor.com\/es\/wp-json\/wp\/v2\/product_brand?post=266"},{"taxonomy":"product_cat","embeddable":true,"href":"https:\/\/soil-stabilisor.com\/es\/wp-json\/wp\/v2\/product_cat?post=266"},{"taxonomy":"product_tag","embeddable":true,"href":"https:\/\/soil-stabilisor.com\/es\/wp-json\/wp\/v2\/product_tag?post=266"}],"curies":[{"name":"wp","href":"https:\/\/api.w.org\/{rel}","templated":true}]}}